{"id":35033,"date":"2026-02-27T00:28:13","date_gmt":"2026-02-27T00:28:13","guid":{"rendered":"https:\/\/nordicmart.andreevmaster.com\/product\/songmics-penkki-jossa-on-taitettava-kansi-76-cm-tummanharmaa\/"},"modified":"2026-02-27T09:47:10","modified_gmt":"2026-02-27T09:47:10","slug":"songmics-penkki-jossa-on-taitettava-kansi-76-cm-tummanharmaa","status":"publish","type":"product","link":"https:\/\/nordicmart.andreevmaster.com\/fi\/tuote\/songmics-penkki-jossa-on-taitettava-kansi-76-cm-tummanharmaa\/","title":{"rendered":"SONGMICS penkki, jossa on taitettava kansi, 76 cm, tummanharmaa"},"content":{"rendered":"<p>T\u00e4m\u00e4 istuintyyny toimii paitsi 80 litran s\u00e4ilytyslaatikkona pyykkien, lelujen jne. s\u00e4ilytt\u00e4miseen, my\u00f6s 76 cm:n istuimena olohuoneessa, makuuhuoneessa, eteisess\u00e4 ja lastenhuoneessa. Tuotetiedot: Materiaali: keinokangasverhoilu, vaahtomuovi, MDF-levy Maks. kantavuus: 300 kg Mitat (ulkoiset): 76 x 38 x 38 cm (L x K x S) Mitat (sis\u00e4puolella): 73 x 34 x 33,5 cm (L x K x S) Nettopaino: 6,0 kg Huomautukset: Tuote ei ole lelu! \u00c4l\u00e4 anna lasten kiivet\u00e4 tai leikki\u00e4 sill\u00e4, jotta v\u00e4lt\u00e4t loukkaantumiset. \u00c4l\u00e4 koskaan kiipe\u00e4 penkille, \u00e4l\u00e4k\u00e4 k\u00e4yt\u00e4 sit\u00e4 tikkaana tai kiipeilyapuna. Toimitussis\u00e4lt\u00f6: 1 x penkki 1 x ohjeet (DE, EN, FR, IT, ES)<\/p>\n","protected":false},"excerpt":{"rendered":"<p>SONGMICS Taitettava penkki 80 L Arkkujen penkki Puolip\u00e4\u00e4llyste sivulle taitettava Kantavuus 300 kg 76 x 38 x 38 cm tummanharmaa LSF46GYZ<\/p>\n","protected":false},"featured_media":43631,"comment_status":"open","ping_status":"closed","template":"","meta":[],"product_brand":[],"product_cat":[32],"product_tag":[],"class_list":{"0":"post-35033","1":"product","2":"type-product","3":"status-publish","4":"has-post-thumbnail","6":"product_cat-uncategorized-fi","8":"first","9":"instock","10":"shipping-taxable","11":"purchasable","12":"product-type-simple"},"_links":{"self":[{"href":"https:\/\/nordicmart.andreevmaster.com\/fi\/wp-json\/wp\/v2\/product\/35033","targetHints":{"allow":["GET"]}}],"collection":[{"href":"https:\/\/nordicmart.andreevmaster.com\/fi\/wp-json\/wp\/v2\/product"}],"about":[{"href":"https:\/\/nordicmart.andreevmaster.com\/fi\/wp-json\/wp\/v2\/types\/product"}],"replies":[{"embeddable":true,"href":"https:\/\/nordicmart.andreevmaster.com\/fi\/wp-json\/wp\/v2\/comments?post=35033"}],"wp:featuredmedia":[{"embeddable":true,"href":"https:\/\/nordicmart.andreevmaster.com\/fi\/wp-json\/wp\/v2\/media\/43631"}],"wp:attachment":[{"href":"https:\/\/nordicmart.andreevmaster.com\/fi\/wp-json\/wp\/v2\/media?parent=35033"}],"wp:term":[{"taxonomy":"product_brand","embeddable":true,"href":"https:\/\/nordicmart.andreevmaster.com\/fi\/wp-json\/wp\/v2\/product_brand?post=35033"},{"taxonomy":"product_cat","embeddable":true,"href":"https:\/\/nordicmart.andreevmaster.com\/fi\/wp-json\/wp\/v2\/product_cat?post=35033"},{"taxonomy":"product_tag","embeddable":true,"href":"https:\/\/nordicmart.andreevmaster.com\/fi\/wp-json\/wp\/v2\/product_tag?post=35033"}],"curies":[{"name":"wp","href":"https:\/\/api.w.org\/{rel}","templated":true}]}}