{"id":35032,"date":"2026-02-27T00:28:13","date_gmt":"2026-02-27T00:28:13","guid":{"rendered":"https:\/\/nordicmart.andreevmaster.com\/product\/songmics-penkki-jossa-on-taitettava-kansi-76-cm-valkoinen\/"},"modified":"2026-02-27T09:47:10","modified_gmt":"2026-02-27T09:47:10","slug":"songmics-penkki-jossa-on-taitettava-kansi-76-cm-valkoinen","status":"publish","type":"product","link":"https:\/\/nordicmart.andreevmaster.com\/fi\/tuote\/songmics-penkki-jossa-on-taitettava-kansi-76-cm-valkoinen\/","title":{"rendered":"SONGMICS penkki, jossa on taitettava kansi, 76 cm, valkoinen"},"content":{"rendered":"<p>Penkki yhdist\u00e4\u00e4 s\u00e4ilytystilan ja istuimen. Sen ansiosta se ei vain s\u00e4\u00e4st\u00e4 tilaa, vaan sopii modernina istuimena hyvin olohuoneen, makuuhuoneen, eteisen ja lastenhuoneen kalusteisiin. Tuotetiedot: Materiaali: PVC-p\u00e4\u00e4llinen, vaahtomuovi, MDF-levy Maks. kantavuus: 300 kg Mitat (ulkoiset): 76 x 38 x 38 cm (L x K x S) Mitat (sis\u00e4puolella): 73 x 34 x 33,5 cm (L x K x S) Nettopaino: 6,0 kg Bruttopaino: 6,6 kg Toimitus sis\u00e4lt\u00e4\u00e4: 1 x penkki 1 x ohjeet (DE, EN, FR, IT, ES) Huomautukset:Tuote ei ole lelu! \u00c4l\u00e4 anna lasten kiivet\u00e4 penkille tai leikki\u00e4 sill\u00e4, jotta v\u00e4lt\u00e4t loukkaantumiset. \u00c4l\u00e4 koskaan kiipe\u00e4 penkille, \u00e4l\u00e4k\u00e4 k\u00e4yt\u00e4 sit\u00e4 tikkaana tai kiipeilyapuna.<\/p>\n","protected":false},"excerpt":{"rendered":"<p>SONGMICS 80 L penkki jakkara taitettava istuinkirstu kantavuus 300 kg 76 x 38 x 38 cm valkoinen LSF45WT<\/p>\n","protected":false},"featured_media":43630,"comment_status":"open","ping_status":"closed","template":"","meta":[],"product_brand":[],"product_cat":[32],"product_tag":[],"class_list":{"0":"post-35032","1":"product","2":"type-product","3":"status-publish","4":"has-post-thumbnail","6":"product_cat-uncategorized-fi","8":"first","9":"instock","10":"shipping-taxable","11":"purchasable","12":"product-type-simple"},"_links":{"self":[{"href":"https:\/\/nordicmart.andreevmaster.com\/fi\/wp-json\/wp\/v2\/product\/35032","targetHints":{"allow":["GET"]}}],"collection":[{"href":"https:\/\/nordicmart.andreevmaster.com\/fi\/wp-json\/wp\/v2\/product"}],"about":[{"href":"https:\/\/nordicmart.andreevmaster.com\/fi\/wp-json\/wp\/v2\/types\/product"}],"replies":[{"embeddable":true,"href":"https:\/\/nordicmart.andreevmaster.com\/fi\/wp-json\/wp\/v2\/comments?post=35032"}],"wp:featuredmedia":[{"embeddable":true,"href":"https:\/\/nordicmart.andreevmaster.com\/fi\/wp-json\/wp\/v2\/media\/43630"}],"wp:attachment":[{"href":"https:\/\/nordicmart.andreevmaster.com\/fi\/wp-json\/wp\/v2\/media?parent=35032"}],"wp:term":[{"taxonomy":"product_brand","embeddable":true,"href":"https:\/\/nordicmart.andreevmaster.com\/fi\/wp-json\/wp\/v2\/product_brand?post=35032"},{"taxonomy":"product_cat","embeddable":true,"href":"https:\/\/nordicmart.andreevmaster.com\/fi\/wp-json\/wp\/v2\/product_cat?post=35032"},{"taxonomy":"product_tag","embeddable":true,"href":"https:\/\/nordicmart.andreevmaster.com\/fi\/wp-json\/wp\/v2\/product_tag?post=35032"}],"curies":[{"name":"wp","href":"https:\/\/api.w.org\/{rel}","templated":true}]}}