{"id":35029,"date":"2026-02-27T00:28:12","date_gmt":"2026-02-27T00:28:12","guid":{"rendered":"https:\/\/nordicmart.andreevmaster.com\/product\/songmics-istuinkirstu-80-l-vaaleanharmaa-melange\/"},"modified":"2026-02-27T09:47:09","modified_gmt":"2026-02-27T09:47:09","slug":"songmics-istuinkirstu-80-l-vaaleanharmaa-melange","status":"publish","type":"product","link":"https:\/\/nordicmart.andreevmaster.com\/fi\/tuote\/songmics-istuinkirstu-80-l-vaaleanharmaa-melange\/","title":{"rendered":"SONGMICS istuinkirstu 80 l vaaleanharmaa melange"},"content":{"rendered":"<p>Songmics-istuinarkku on t\u00e4ydellinen lis\u00e4 kodin sisustukseen. Rakenteensa ansiosta se t\u00e4ytt\u00e4\u00e4 useita tarkoituksia kerralla, ja istuinarkku sopii erinomaisesti erityisesti pieniin asuntoihin, joissa on v\u00e4h\u00e4n s\u00e4ilytystilaa. Yst\u00e4vien tai perheenj\u00e4senten kokoontuessa se tarjoaa mukavan istumapaikan, jossa sin\u00e4 ja vieraasi voitte istua mielell\u00e4\u00e4n my\u00f6s sohvalla. Tarvittaessa se tarjoaa my\u00f6s paljon piilotettua s\u00e4ilytystilaa. K\u00e4tev\u00e4n avattavan puolikannen ansiosta my\u00f6s lapset oppivat jo pienest\u00e4 pit\u00e4en siivoamaan huoneensa. Huomautukset: &#8211; Ei lelu! Pienten lasten tulee k\u00e4ytt\u00e4\u00e4 sit\u00e4 vain aikuisen valvonnassa. &#8211; \u00c4l\u00e4 k\u00e4yt\u00e4 kiipeilyapuna. Tuotetiedot: &#8211; Mitat (ulkoiset): 76 x 38 x 38 cm (L x K x S) &#8211; Mitat (sis\u00e4iset): 73 x 34 x 33,5 cm (L x K x S) &#8211; Mitat (taitettuna): 76 x 38 x 8 cm &#8211; V\u00e4ri: harmaa &#8211; Materiaali: pellava + MDF-levy + vaahtomuovi &#8211; Nettopaino: 6,2 kg &#8211; Bruttopaino: 6,6 kg &#8211; Maks. kantavuus: 150 kg Toimitus sis\u00e4lt\u00e4\u00e4: &#8211; 1 x istuinkirstu<\/p>\n","protected":false},"excerpt":{"rendered":"<p>SONGMICS penkki s\u00e4ilytystilalla, istuinkirstu, jossa on kansi, s\u00e4ilytyslaatikko, taitettava, maks. staattinen kantavuus 300 kg, 80 l, 76 x 38 x 38 cm, keinokangas, vaaleanharmaa melange LSF41G<\/p>\n","protected":false},"featured_media":43627,"comment_status":"open","ping_status":"closed","template":"","meta":[],"product_brand":[],"product_cat":[32],"product_tag":[],"class_list":{"0":"post-35029","1":"product","2":"type-product","3":"status-publish","4":"has-post-thumbnail","6":"product_cat-uncategorized-fi","8":"first","9":"instock","10":"shipping-taxable","11":"purchasable","12":"product-type-simple"},"_links":{"self":[{"href":"https:\/\/nordicmart.andreevmaster.com\/fi\/wp-json\/wp\/v2\/product\/35029","targetHints":{"allow":["GET"]}}],"collection":[{"href":"https:\/\/nordicmart.andreevmaster.com\/fi\/wp-json\/wp\/v2\/product"}],"about":[{"href":"https:\/\/nordicmart.andreevmaster.com\/fi\/wp-json\/wp\/v2\/types\/product"}],"replies":[{"embeddable":true,"href":"https:\/\/nordicmart.andreevmaster.com\/fi\/wp-json\/wp\/v2\/comments?post=35029"}],"wp:featuredmedia":[{"embeddable":true,"href":"https:\/\/nordicmart.andreevmaster.com\/fi\/wp-json\/wp\/v2\/media\/43627"}],"wp:attachment":[{"href":"https:\/\/nordicmart.andreevmaster.com\/fi\/wp-json\/wp\/v2\/media?parent=35029"}],"wp:term":[{"taxonomy":"product_brand","embeddable":true,"href":"https:\/\/nordicmart.andreevmaster.com\/fi\/wp-json\/wp\/v2\/product_brand?post=35029"},{"taxonomy":"product_cat","embeddable":true,"href":"https:\/\/nordicmart.andreevmaster.com\/fi\/wp-json\/wp\/v2\/product_cat?post=35029"},{"taxonomy":"product_tag","embeddable":true,"href":"https:\/\/nordicmart.andreevmaster.com\/fi\/wp-json\/wp\/v2\/product_tag?post=35029"}],"curies":[{"name":"wp","href":"https:\/\/api.w.org\/{rel}","templated":true}]}}