{"id":35028,"date":"2026-02-27T00:28:12","date_gmt":"2026-02-27T00:28:12","guid":{"rendered":"https:\/\/nordicmart.andreevmaster.com\/product\/songmics-istuinkirstu-76-cm-keinonahka-ruskea\/"},"modified":"2026-02-27T09:47:09","modified_gmt":"2026-02-27T09:47:09","slug":"songmics-istuinkirstu-76-cm-keinonahka-ruskea","status":"publish","type":"product","link":"https:\/\/nordicmart.andreevmaster.com\/fi\/tuote\/songmics-istuinkirstu-76-cm-keinonahka-ruskea\/","title":{"rendered":"SONGMICS istuinkirstu 76 cm keinonahka ruskea"},"content":{"rendered":"<p>Tarvitsetko yh\u00e4 enemm\u00e4n s\u00e4ilytystilaa? Eik\u00f6 sinulla ole koskaan tarpeeksi istumapaikkoja vieraille? Songmicsin taitettava istuinkirstu varmasti innostaa sinua. Se tarjoaa paitsi istumapaikan my\u00f6s suuren s\u00e4ilytystilan erilaisille tavaroille, kuten lehdille, pehmoleluille, DVD-levyille, vaatteille jne. Lis\u00e4ksi t\u00e4t\u00e4 istuinta voidaan k\u00e4ytt\u00e4\u00e4 my\u00f6s y\u00f6p\u00f6yt\u00e4n\u00e4, jalkapenkkin\u00e4, kenk\u00e4penkkin\u00e4, jakkaroina jne. Taitettavuutensa ansiosta tuote on my\u00f6s tilaa s\u00e4\u00e4st\u00e4v\u00e4, kun sit\u00e4 ei k\u00e4ytet\u00e4. Lis\u00e4ksi Songmics-istuin on hyvin valmistettu, ja kaikki saumat on ommeltu siististi. Se on todellinen tilan s\u00e4\u00e4st\u00e4j\u00e4! Tuotetiedot:  &#8211; Mitat: 76 x 38 x 38 cm (L\/K\/S) &#8211; Sis\u00e4mitat: 73 x 35 x 35 cm (L\/K\/S) &#8211; Materiaali: MDF-kuitulevyt, testattu E1-standardin mukaisesti + keinonahka Toimitus sis\u00e4lt\u00e4\u00e4:  &#8211; 1 x taitettava istuinkirstu<\/p>\n","protected":false},"excerpt":{"rendered":"<p>SONGMICS taitettava s\u00e4ilytyslaatikko, 2-istuttava, kantavuus 300 kg, keinonahka, beige, 76 x 38 x 38 cm LSF40M<\/p>\n","protected":false},"featured_media":43626,"comment_status":"open","ping_status":"closed","template":"","meta":[],"product_brand":[],"product_cat":[32],"product_tag":[],"class_list":{"0":"post-35028","1":"product","2":"type-product","3":"status-publish","4":"has-post-thumbnail","6":"product_cat-uncategorized-fi","8":"first","9":"instock","10":"shipping-taxable","11":"purchasable","12":"product-type-simple"},"_links":{"self":[{"href":"https:\/\/nordicmart.andreevmaster.com\/fi\/wp-json\/wp\/v2\/product\/35028","targetHints":{"allow":["GET"]}}],"collection":[{"href":"https:\/\/nordicmart.andreevmaster.com\/fi\/wp-json\/wp\/v2\/product"}],"about":[{"href":"https:\/\/nordicmart.andreevmaster.com\/fi\/wp-json\/wp\/v2\/types\/product"}],"replies":[{"embeddable":true,"href":"https:\/\/nordicmart.andreevmaster.com\/fi\/wp-json\/wp\/v2\/comments?post=35028"}],"wp:featuredmedia":[{"embeddable":true,"href":"https:\/\/nordicmart.andreevmaster.com\/fi\/wp-json\/wp\/v2\/media\/43626"}],"wp:attachment":[{"href":"https:\/\/nordicmart.andreevmaster.com\/fi\/wp-json\/wp\/v2\/media?parent=35028"}],"wp:term":[{"taxonomy":"product_brand","embeddable":true,"href":"https:\/\/nordicmart.andreevmaster.com\/fi\/wp-json\/wp\/v2\/product_brand?post=35028"},{"taxonomy":"product_cat","embeddable":true,"href":"https:\/\/nordicmart.andreevmaster.com\/fi\/wp-json\/wp\/v2\/product_cat?post=35028"},{"taxonomy":"product_tag","embeddable":true,"href":"https:\/\/nordicmart.andreevmaster.com\/fi\/wp-json\/wp\/v2\/product_tag?post=35028"}],"curies":[{"name":"wp","href":"https:\/\/api.w.org\/{rel}","templated":true}]}}