{"id":35024,"date":"2026-02-27T00:28:11","date_gmt":"2026-02-27T00:28:11","guid":{"rendered":"https:\/\/nordicmart.andreevmaster.com\/product\/songmics-pieni-istuinkubus-keinonahka-musta\/"},"modified":"2026-02-27T09:47:08","modified_gmt":"2026-02-27T09:47:08","slug":"songmics-pieni-istuinkubus-keinonahka-musta","status":"publish","type":"product","link":"https:\/\/nordicmart.andreevmaster.com\/fi\/tuote\/songmics-pieni-istuinkubus-keinonahka-musta\/","title":{"rendered":"SONGMICS Pieni istuinkubus  Keinonahka Musta"},"content":{"rendered":"<p>Istuinkontti yhdist\u00e4\u00e4 s\u00e4ilytyslaatikon ja jakkaran. Se tarjoaa paitsi tilaa s\u00e4\u00e4st\u00e4v\u00e4\u00e4 s\u00e4ilytystilaa, my\u00f6s sopii t\u00e4ydellisesti kaiken tyylisiin sisustuksiin ja sopii hyvin olohuoneeseen, makuuhuoneeseen, eteiseen ja lastenhuoneeseen. Tuotetiedot: &#8211; Mitat: 38 x 35 x 35 cm (L\/K\/S) &#8211; Sis\u00e4mitat: 35 x 35 x 35 cm (L\/K\/S) &#8211; Materiaali: MDF-kuitulevyt, E1-standardin mukainen + keinonahka Toimitus sis\u00e4lt\u00e4\u00e4: &#8211; 1 x taitettava istuinkirstu<\/p>\n","protected":false},"excerpt":{"rendered":"<p>SONGMICS istuintyyny, taitettava istuinkappale, s\u00e4ilytyslaatikko, 38 cm, kantavuus 300 kg, valkoinen LSF30W<\/p>\n","protected":false},"featured_media":43622,"comment_status":"open","ping_status":"closed","template":"","meta":[],"product_brand":[],"product_cat":[32],"product_tag":[],"class_list":{"0":"post-35024","1":"product","2":"type-product","3":"status-publish","4":"has-post-thumbnail","6":"product_cat-uncategorized-fi","8":"first","9":"instock","10":"shipping-taxable","11":"purchasable","12":"product-type-simple"},"_links":{"self":[{"href":"https:\/\/nordicmart.andreevmaster.com\/fi\/wp-json\/wp\/v2\/product\/35024","targetHints":{"allow":["GET"]}}],"collection":[{"href":"https:\/\/nordicmart.andreevmaster.com\/fi\/wp-json\/wp\/v2\/product"}],"about":[{"href":"https:\/\/nordicmart.andreevmaster.com\/fi\/wp-json\/wp\/v2\/types\/product"}],"replies":[{"embeddable":true,"href":"https:\/\/nordicmart.andreevmaster.com\/fi\/wp-json\/wp\/v2\/comments?post=35024"}],"wp:featuredmedia":[{"embeddable":true,"href":"https:\/\/nordicmart.andreevmaster.com\/fi\/wp-json\/wp\/v2\/media\/43622"}],"wp:attachment":[{"href":"https:\/\/nordicmart.andreevmaster.com\/fi\/wp-json\/wp\/v2\/media?parent=35024"}],"wp:term":[{"taxonomy":"product_brand","embeddable":true,"href":"https:\/\/nordicmart.andreevmaster.com\/fi\/wp-json\/wp\/v2\/product_brand?post=35024"},{"taxonomy":"product_cat","embeddable":true,"href":"https:\/\/nordicmart.andreevmaster.com\/fi\/wp-json\/wp\/v2\/product_cat?post=35024"},{"taxonomy":"product_tag","embeddable":true,"href":"https:\/\/nordicmart.andreevmaster.com\/fi\/wp-json\/wp\/v2\/product_tag?post=35024"}],"curies":[{"name":"wp","href":"https:\/\/api.w.org\/{rel}","templated":true}]}}