{"id":35020,"date":"2026-02-27T00:28:10","date_gmt":"2026-02-27T00:28:10","guid":{"rendered":"https:\/\/nordicmart.andreevmaster.com\/product\/songmics-sailytystilalla-varustettu-samettinen-penkki-38-x-110-x-38-cm\/"},"modified":"2026-02-27T09:47:07","modified_gmt":"2026-02-27T09:47:07","slug":"songmics-sailytystilalla-varustettu-samettinen-penkki-38-x-110-x-38-cm","status":"publish","type":"product","link":"https:\/\/nordicmart.andreevmaster.com\/fi\/tuote\/songmics-sailytystilalla-varustettu-samettinen-penkki-38-x-110-x-38-cm\/","title":{"rendered":"SONGMICS s\u00e4ilytystilalla varustettu samettinen penkki 38 x 110 x 38 cm"},"content":{"rendered":"<p>SONGMICS samettinen s\u00e4ilytystilalla varustettu penkki, taitettava istuinkirstu, 2 ylim\u00e4\u00e4r\u00e4ist\u00e4 s\u00e4ilytyslaatikkoa, k\u00e4ytett\u00e4v\u00e4ksi eteisess\u00e4, olohuoneessa, makuuhuoneessa<br \/>\nV\u00e4ri: laventelilila<br \/>\nMateriaali: MDF (keskitihe\u00e4 kuitulevy), sametti, 25D eritt\u00e4in joustava vaahtomuovi<br \/>\nKoko: 38 x 110 x 38 cm (S x L x K)<br \/>\nPaino: 8,2 kg<br \/>\nMaks. staattinen kantavuus: 300 kg<br \/>\nTilavuus: 131 litraa<\/p>\n","protected":false},"excerpt":{"rendered":"<p>SONGMICS samettinen s\u00e4ilytystilalla varustettu penkki, taitettava istuinkirstu, 2 ylim\u00e4\u00e4r\u00e4ist\u00e4 s\u00e4ilytyslaatikkoa, k\u00e4ytett\u00e4v\u00e4ksi eteisess\u00e4, olohuoneessa, makuuhuoneessa<\/p>\n","protected":false},"featured_media":43618,"comment_status":"open","ping_status":"closed","template":"","meta":[],"product_brand":[],"product_cat":[32],"product_tag":[],"class_list":{"0":"post-35020","1":"product","2":"type-product","3":"status-publish","4":"has-post-thumbnail","6":"product_cat-uncategorized-fi","8":"first","9":"instock","10":"shipping-taxable","11":"purchasable","12":"product-type-simple"},"_links":{"self":[{"href":"https:\/\/nordicmart.andreevmaster.com\/fi\/wp-json\/wp\/v2\/product\/35020","targetHints":{"allow":["GET"]}}],"collection":[{"href":"https:\/\/nordicmart.andreevmaster.com\/fi\/wp-json\/wp\/v2\/product"}],"about":[{"href":"https:\/\/nordicmart.andreevmaster.com\/fi\/wp-json\/wp\/v2\/types\/product"}],"replies":[{"embeddable":true,"href":"https:\/\/nordicmart.andreevmaster.com\/fi\/wp-json\/wp\/v2\/comments?post=35020"}],"wp:featuredmedia":[{"embeddable":true,"href":"https:\/\/nordicmart.andreevmaster.com\/fi\/wp-json\/wp\/v2\/media\/43618"}],"wp:attachment":[{"href":"https:\/\/nordicmart.andreevmaster.com\/fi\/wp-json\/wp\/v2\/media?parent=35020"}],"wp:term":[{"taxonomy":"product_brand","embeddable":true,"href":"https:\/\/nordicmart.andreevmaster.com\/fi\/wp-json\/wp\/v2\/product_brand?post=35020"},{"taxonomy":"product_cat","embeddable":true,"href":"https:\/\/nordicmart.andreevmaster.com\/fi\/wp-json\/wp\/v2\/product_cat?post=35020"},{"taxonomy":"product_tag","embeddable":true,"href":"https:\/\/nordicmart.andreevmaster.com\/fi\/wp-json\/wp\/v2\/product_tag?post=35020"}],"curies":[{"name":"wp","href":"https:\/\/api.w.org\/{rel}","templated":true}]}}