{"id":35017,"date":"2026-02-27T00:28:09","date_gmt":"2026-02-27T00:28:09","guid":{"rendered":"https:\/\/nordicmart.andreevmaster.com\/product\/songmics-penkki-sailytystilalla-eteiseen-musta\/"},"modified":"2026-02-27T09:47:06","modified_gmt":"2026-02-27T09:47:06","slug":"songmics-penkki-sailytystilalla-eteiseen-musta","status":"publish","type":"product","link":"https:\/\/nordicmart.andreevmaster.com\/fi\/tuote\/songmics-penkki-sailytystilalla-eteiseen-musta\/","title":{"rendered":"SONGMICS penkki s\u00e4ilytystilalla eteiseen, musta"},"content":{"rendered":"<p>SONGMICS samettinen s\u00e4ilytystilalla varustettu penkki, taitettava istuinkirstu, 2 ylim\u00e4\u00e4r\u00e4ist\u00e4 s\u00e4ilytyslaatikkoa, k\u00e4ytett\u00e4v\u00e4ksi eteisess\u00e4, olohuoneessa, makuuhuoneessa<br \/>\n&#8211; V\u00e4ri: musta<br \/>\n&#8211; Materiaali: MDF (keskitihe\u00e4 kuitulevy), sametti, vaahtomuovi<br \/>\n&#8211; Koko: 38 x 110 x 38 cm (S x L x K)<br \/>\n&#8211; Paino: 8,2 kg<br \/>\n&#8211; Maks. staattinen kantavuus: 300 kg<br \/>\n&#8211; Tilavuus: 131 litraa<\/p>\n","protected":false},"excerpt":{"rendered":"<p>SONGMICS samettinen s\u00e4ilytystilalla varustettu penkki, taitettava istuinkirstu, 2 ylim\u00e4\u00e4r\u00e4ist\u00e4 s\u00e4ilytyslaatikkoa, k\u00e4ytett\u00e4v\u00e4ksi eteisess\u00e4, olohuoneessa, makuuhuoneessa<\/p>\n","protected":false},"featured_media":43615,"comment_status":"open","ping_status":"closed","template":"","meta":[],"product_brand":[],"product_cat":[32],"product_tag":[],"class_list":{"0":"post-35017","1":"product","2":"type-product","3":"status-publish","4":"has-post-thumbnail","6":"product_cat-uncategorized-fi","8":"first","9":"instock","10":"shipping-taxable","11":"purchasable","12":"product-type-simple"},"_links":{"self":[{"href":"https:\/\/nordicmart.andreevmaster.com\/fi\/wp-json\/wp\/v2\/product\/35017","targetHints":{"allow":["GET"]}}],"collection":[{"href":"https:\/\/nordicmart.andreevmaster.com\/fi\/wp-json\/wp\/v2\/product"}],"about":[{"href":"https:\/\/nordicmart.andreevmaster.com\/fi\/wp-json\/wp\/v2\/types\/product"}],"replies":[{"embeddable":true,"href":"https:\/\/nordicmart.andreevmaster.com\/fi\/wp-json\/wp\/v2\/comments?post=35017"}],"wp:featuredmedia":[{"embeddable":true,"href":"https:\/\/nordicmart.andreevmaster.com\/fi\/wp-json\/wp\/v2\/media\/43615"}],"wp:attachment":[{"href":"https:\/\/nordicmart.andreevmaster.com\/fi\/wp-json\/wp\/v2\/media?parent=35017"}],"wp:term":[{"taxonomy":"product_brand","embeddable":true,"href":"https:\/\/nordicmart.andreevmaster.com\/fi\/wp-json\/wp\/v2\/product_brand?post=35017"},{"taxonomy":"product_cat","embeddable":true,"href":"https:\/\/nordicmart.andreevmaster.com\/fi\/wp-json\/wp\/v2\/product_cat?post=35017"},{"taxonomy":"product_tag","embeddable":true,"href":"https:\/\/nordicmart.andreevmaster.com\/fi\/wp-json\/wp\/v2\/product_tag?post=35017"}],"curies":[{"name":"wp","href":"https:\/\/api.w.org\/{rel}","templated":true}]}}