{"id":35004,"date":"2026-02-27T00:28:06","date_gmt":"2026-02-27T00:28:06","guid":{"rendered":"https:\/\/nordicmart.andreevmaster.com\/product\/songmics-penkki-sailytystilalla-samettia-kansi-kyyhkynharmaa\/"},"modified":"2026-02-27T09:47:04","modified_gmt":"2026-02-27T09:47:04","slug":"songmics-penkki-sailytystilalla-samettia-kansi-kyyhkynharmaa","status":"publish","type":"product","link":"https:\/\/nordicmart.andreevmaster.com\/fi\/tuote\/songmics-penkki-sailytystilalla-samettia-kansi-kyyhkynharmaa\/","title":{"rendered":"SONGMICS-penkki s\u00e4ilytystilalla, samettia, kansi, kyyhkynharmaa"},"content":{"rendered":"<p>SONGMICS s\u00e4ilytystilalla varustettu samettinen penkki, taitettava istuinkirstu, s\u00e4ilytyslaatikko kannella, jalkapenkki,  k\u00e4yt\u00e4v\u00e4\u00e4n, olohuoneeseen, makuuhuoneeseen<br \/>\n&#8211; V\u00e4ri: kyyhkynharmaa<br \/>\n&#8211; Materiaali: MDF (keskitihe\u00e4 kuitulevy), sametti, vaahtomuovi<br \/>\n&#8211; Koko: 31 x 41 x 31 cm (S x L x K)<br \/>\n&#8211; Paino: 2,1 kg<br \/>\n&#8211; Maks. staattinen kantavuus: 130 kg<br \/>\n&#8211; Tilavuus: 32 litraa<\/p>\n","protected":false},"excerpt":{"rendered":"<p>SONGMICS s\u00e4ilytystilalla varustettu samettinen penkki, taitettava istuinkirstu, s\u00e4ilytyslaatikko kannella, jalkapenkki,  k\u00e4yt\u00e4v\u00e4\u00e4n, olohuoneeseen, makuuhuoneeseen<\/p>\n","protected":false},"featured_media":43602,"comment_status":"open","ping_status":"closed","template":"","meta":[],"product_brand":[],"product_cat":[32],"product_tag":[],"class_list":{"0":"post-35004","1":"product","2":"type-product","3":"status-publish","4":"has-post-thumbnail","6":"product_cat-uncategorized-fi","8":"first","9":"instock","10":"shipping-taxable","11":"purchasable","12":"product-type-simple"},"_links":{"self":[{"href":"https:\/\/nordicmart.andreevmaster.com\/fi\/wp-json\/wp\/v2\/product\/35004","targetHints":{"allow":["GET"]}}],"collection":[{"href":"https:\/\/nordicmart.andreevmaster.com\/fi\/wp-json\/wp\/v2\/product"}],"about":[{"href":"https:\/\/nordicmart.andreevmaster.com\/fi\/wp-json\/wp\/v2\/types\/product"}],"replies":[{"embeddable":true,"href":"https:\/\/nordicmart.andreevmaster.com\/fi\/wp-json\/wp\/v2\/comments?post=35004"}],"wp:featuredmedia":[{"embeddable":true,"href":"https:\/\/nordicmart.andreevmaster.com\/fi\/wp-json\/wp\/v2\/media\/43602"}],"wp:attachment":[{"href":"https:\/\/nordicmart.andreevmaster.com\/fi\/wp-json\/wp\/v2\/media?parent=35004"}],"wp:term":[{"taxonomy":"product_brand","embeddable":true,"href":"https:\/\/nordicmart.andreevmaster.com\/fi\/wp-json\/wp\/v2\/product_brand?post=35004"},{"taxonomy":"product_cat","embeddable":true,"href":"https:\/\/nordicmart.andreevmaster.com\/fi\/wp-json\/wp\/v2\/product_cat?post=35004"},{"taxonomy":"product_tag","embeddable":true,"href":"https:\/\/nordicmart.andreevmaster.com\/fi\/wp-json\/wp\/v2\/product_tag?post=35004"}],"curies":[{"name":"wp","href":"https:\/\/api.w.org\/{rel}","templated":true}]}}