{"id":34997,"date":"2026-02-27T00:28:04","date_gmt":"2026-02-27T00:28:04","guid":{"rendered":"https:\/\/nordicmart.andreevmaster.com\/product\/songmics-taitettava-jakkara-sailytystilalla\/"},"modified":"2026-02-27T09:47:02","modified_gmt":"2026-02-27T09:47:02","slug":"songmics-taitettava-jakkara-sailytystilalla","status":"publish","type":"product","link":"https:\/\/nordicmart.andreevmaster.com\/fi\/tuote\/songmics-taitettava-jakkara-sailytystilalla\/","title":{"rendered":"SONGMICS Taitettava jakkara s\u00e4ilytystilalla"},"content":{"rendered":"<p>Tilaa s\u00e4\u00e4st\u00e4v\u00e4mpi kuin sohva tai vaatekaappi Sen sijaan, ett\u00e4 ostaisit uuden sohvan lis\u00e4istumapaikkoja tai uuden vaatekaapin lis\u00e4\u00e4 s\u00e4ilytystilaa varten, voit tappaa kaksi k\u00e4rp\u00e4st\u00e4 yhdell\u00e4 iskulla t\u00e4ll\u00e4 tilaa s\u00e4\u00e4st\u00e4v\u00e4ll\u00e4 jakkaralla. Mihin sijoitat t\u00e4m\u00e4n istuimen? Olohuoneen sohvan vastap\u00e4\u00e4t\u00e4? Makuuhuoneen s\u00e4ngyn p\u00e4\u00e4tyyn? Tai eteisen vaatekaapin viereen? Ainoa rajoitus on mielikuvituksesi! Jos et halua k\u00e4ytt\u00e4\u00e4 istuinta, voit taittaa sen kokoon ja s\u00e4ilytt\u00e4\u00e4 helposti s\u00e4ngyn alla tai hyllyll\u00e4. Tuotetiedot:- V\u00e4ri: vaaleanharmaa &#8211; Materiaali: keinokangas, vaahtomuovi, MDF (keskitihe\u00e4 kuitulevy), massiivipuu &#8211; Mitat: 38 x 38 x 40 cm (P x L x K) &#8211; Paino: 3,5 kg &#8211; Maks. staattinen kantavuus: 300 kg Toimitus sis\u00e4lt\u00e4\u00e4: &#8211; 1 x istuintyyny<\/p>\n","protected":false},"excerpt":{"rendered":"<p>SONGMICS Istuinkirstu, s\u00e4ilytystilalla ja kannella varustettu istuintyyny, puujaloilla varustettu jalkatuki, 38 x 40 x 38 cm, tummanharmaa LSF14GYZ<\/p>\n","protected":false},"featured_media":43595,"comment_status":"open","ping_status":"closed","template":"","meta":[],"product_brand":[],"product_cat":[32],"product_tag":[],"class_list":{"0":"post-34997","1":"product","2":"type-product","3":"status-publish","4":"has-post-thumbnail","6":"product_cat-uncategorized-fi","8":"first","9":"instock","10":"shipping-taxable","11":"purchasable","12":"product-type-simple"},"_links":{"self":[{"href":"https:\/\/nordicmart.andreevmaster.com\/fi\/wp-json\/wp\/v2\/product\/34997","targetHints":{"allow":["GET"]}}],"collection":[{"href":"https:\/\/nordicmart.andreevmaster.com\/fi\/wp-json\/wp\/v2\/product"}],"about":[{"href":"https:\/\/nordicmart.andreevmaster.com\/fi\/wp-json\/wp\/v2\/types\/product"}],"replies":[{"embeddable":true,"href":"https:\/\/nordicmart.andreevmaster.com\/fi\/wp-json\/wp\/v2\/comments?post=34997"}],"wp:featuredmedia":[{"embeddable":true,"href":"https:\/\/nordicmart.andreevmaster.com\/fi\/wp-json\/wp\/v2\/media\/43595"}],"wp:attachment":[{"href":"https:\/\/nordicmart.andreevmaster.com\/fi\/wp-json\/wp\/v2\/media?parent=34997"}],"wp:term":[{"taxonomy":"product_brand","embeddable":true,"href":"https:\/\/nordicmart.andreevmaster.com\/fi\/wp-json\/wp\/v2\/product_brand?post=34997"},{"taxonomy":"product_cat","embeddable":true,"href":"https:\/\/nordicmart.andreevmaster.com\/fi\/wp-json\/wp\/v2\/product_cat?post=34997"},{"taxonomy":"product_tag","embeddable":true,"href":"https:\/\/nordicmart.andreevmaster.com\/fi\/wp-json\/wp\/v2\/product_tag?post=34997"}],"curies":[{"name":"wp","href":"https:\/\/api.w.org\/{rel}","templated":true}]}}