{"id":34995,"date":"2026-02-27T00:28:04","date_gmt":"2026-02-27T00:28:04","guid":{"rendered":"https:\/\/nordicmart.andreevmaster.com\/product\/songmics-istumakuutio-keinonahka-tummanruskea\/"},"modified":"2026-02-27T09:47:02","modified_gmt":"2026-02-27T09:47:02","slug":"songmics-istumakuutio-keinonahka-tummanruskea","status":"publish","type":"product","link":"https:\/\/nordicmart.andreevmaster.com\/fi\/tuote\/songmics-istumakuutio-keinonahka-tummanruskea\/","title":{"rendered":"SONGMICS istumakuutio keinonahka tummanruskea"},"content":{"rendered":"<p>T\u00e4m\u00e4 tyylik\u00e4s istuinkotelo on todellinen katseenvangitsija miss\u00e4 tahansa huoneessa ja ihanteellinen ratkaisu kodin ymp\u00e4ri lojuville ja seisoville esineille! Istuinosa on valmistettu erityisen paksusta vaahtomuovista, mik\u00e4 takaa miellytt\u00e4v\u00e4n istumamukavuuden. Eritt\u00e4in paksu pohja- ja kansilevy takaavat korkean vakauden. Noin 40 litran tilavuudellaan t\u00e4m\u00e4 istuinkotelo sopii t\u00e4ydellisesti peittojen, lehtien, CD-\/DVD-levyjen, kirjojen jne. s\u00e4ilytykseen.  Songmicsin istuinkotelo sopii t\u00e4ydellisesti ruokailuhuoneeseen, olohuoneeseen, lastenhuoneeseen, makuuhuoneeseen jne. ja n\u00e4ytt\u00e4\u00e4 hyv\u00e4lt\u00e4 miss\u00e4 tahansa!   Tuotetiedot: &#8211; Materiaali: keskitihe\u00e4 puukuitulevy (MDF) + keinonahka &#8211; Mitat: noin 38 x 38 x 38 cm (L x K x S) &#8211; V\u00e4ri: ruskea &#8211; Pakkauksen mitat: 39 x 40 x 9 cm &#8211; Yksitt\u00e4isen tuotteen paino: 3,78 kg Toimitus sis\u00e4lt\u00e4\u00e4: &#8211; 1 x taitettava istuintyyny <\/p>\n","protected":false},"excerpt":{"rendered":"<p>SONGMICS Songics LSF10B keinonahkainen istuintyyny, kokoontaitettava, tilaa s\u00e4\u00e4st\u00e4v\u00e4, 38 x 38 x 38 cm, ruskea<\/p>\n","protected":false},"featured_media":43593,"comment_status":"open","ping_status":"closed","template":"","meta":[],"product_brand":[],"product_cat":[32],"product_tag":[],"class_list":{"0":"post-34995","1":"product","2":"type-product","3":"status-publish","4":"has-post-thumbnail","6":"product_cat-uncategorized-fi","8":"first","9":"instock","10":"shipping-taxable","11":"purchasable","12":"product-type-simple"},"_links":{"self":[{"href":"https:\/\/nordicmart.andreevmaster.com\/fi\/wp-json\/wp\/v2\/product\/34995","targetHints":{"allow":["GET"]}}],"collection":[{"href":"https:\/\/nordicmart.andreevmaster.com\/fi\/wp-json\/wp\/v2\/product"}],"about":[{"href":"https:\/\/nordicmart.andreevmaster.com\/fi\/wp-json\/wp\/v2\/types\/product"}],"replies":[{"embeddable":true,"href":"https:\/\/nordicmart.andreevmaster.com\/fi\/wp-json\/wp\/v2\/comments?post=34995"}],"wp:featuredmedia":[{"embeddable":true,"href":"https:\/\/nordicmart.andreevmaster.com\/fi\/wp-json\/wp\/v2\/media\/43593"}],"wp:attachment":[{"href":"https:\/\/nordicmart.andreevmaster.com\/fi\/wp-json\/wp\/v2\/media?parent=34995"}],"wp:term":[{"taxonomy":"product_brand","embeddable":true,"href":"https:\/\/nordicmart.andreevmaster.com\/fi\/wp-json\/wp\/v2\/product_brand?post=34995"},{"taxonomy":"product_cat","embeddable":true,"href":"https:\/\/nordicmart.andreevmaster.com\/fi\/wp-json\/wp\/v2\/product_cat?post=34995"},{"taxonomy":"product_tag","embeddable":true,"href":"https:\/\/nordicmart.andreevmaster.com\/fi\/wp-json\/wp\/v2\/product_tag?post=34995"}],"curies":[{"name":"wp","href":"https:\/\/api.w.org\/{rel}","templated":true}]}}