{"id":34992,"date":"2026-02-27T00:28:03","date_gmt":"2026-02-27T00:28:03","guid":{"rendered":"https:\/\/nordicmart.andreevmaster.com\/product\/songmics-taitettava-sailytystilalla-varustettu-jakkara-31-x-41-cm-kermanvalkoinen\/"},"modified":"2026-02-27T09:47:01","modified_gmt":"2026-02-27T09:47:01","slug":"songmics-taitettava-sailytystilalla-varustettu-jakkara-31-x-41-cm-kermanvalkoinen","status":"publish","type":"product","link":"https:\/\/nordicmart.andreevmaster.com\/fi\/tuote\/songmics-taitettava-sailytystilalla-varustettu-jakkara-31-x-41-cm-kermanvalkoinen\/","title":{"rendered":"SONGMICS taitettava s\u00e4ilytystilalla varustettu jakkara 31 x 41 cm kermanvalkoinen"},"content":{"rendered":"<p>V\u00e4ri: kermanvalkoinen<br \/>\nMateriaali: MDF (keskitihe\u00e4 kuitulevy), keinokangas, 25D eritt\u00e4in joustava vaahtomuovi<br \/>\nKoko: 31 x 41 x 31 cm (S x L x K)<br \/>\nPaino: 2,1 kg<br \/>\nMaks. staattinen kantavuus: 130 kg<br \/>\nTilavuus: 32 litraa<\/p>\n","protected":false},"excerpt":{"rendered":"<p>V\u00e4ri: kermanvalkoinen Materiaali: MDF (keskitihe\u00e4 kuitulevy), keinokangas, 25D eritt\u00e4in joustava vaahtomuovi Koko: 31 x 41 x 31 cm (S x L x K) Paino: 2,1 kg Maks. staattinen kantavuus: 130 kg Tilavuus: 32 litraa<\/p>\n","protected":false},"featured_media":43590,"comment_status":"open","ping_status":"closed","template":"","meta":[],"product_brand":[],"product_cat":[32],"product_tag":[],"class_list":{"0":"post-34992","1":"product","2":"type-product","3":"status-publish","4":"has-post-thumbnail","6":"product_cat-uncategorized-fi","8":"first","9":"instock","10":"shipping-taxable","11":"purchasable","12":"product-type-simple"},"_links":{"self":[{"href":"https:\/\/nordicmart.andreevmaster.com\/fi\/wp-json\/wp\/v2\/product\/34992","targetHints":{"allow":["GET"]}}],"collection":[{"href":"https:\/\/nordicmart.andreevmaster.com\/fi\/wp-json\/wp\/v2\/product"}],"about":[{"href":"https:\/\/nordicmart.andreevmaster.com\/fi\/wp-json\/wp\/v2\/types\/product"}],"replies":[{"embeddable":true,"href":"https:\/\/nordicmart.andreevmaster.com\/fi\/wp-json\/wp\/v2\/comments?post=34992"}],"wp:featuredmedia":[{"embeddable":true,"href":"https:\/\/nordicmart.andreevmaster.com\/fi\/wp-json\/wp\/v2\/media\/43590"}],"wp:attachment":[{"href":"https:\/\/nordicmart.andreevmaster.com\/fi\/wp-json\/wp\/v2\/media?parent=34992"}],"wp:term":[{"taxonomy":"product_brand","embeddable":true,"href":"https:\/\/nordicmart.andreevmaster.com\/fi\/wp-json\/wp\/v2\/product_brand?post=34992"},{"taxonomy":"product_cat","embeddable":true,"href":"https:\/\/nordicmart.andreevmaster.com\/fi\/wp-json\/wp\/v2\/product_cat?post=34992"},{"taxonomy":"product_tag","embeddable":true,"href":"https:\/\/nordicmart.andreevmaster.com\/fi\/wp-json\/wp\/v2\/product_tag?post=34992"}],"curies":[{"name":"wp","href":"https:\/\/api.w.org\/{rel}","templated":true}]}}