{"id":34985,"date":"2026-02-27T00:28:01","date_gmt":"2026-02-27T00:28:01","guid":{"rendered":"https:\/\/nordicmart.andreevmaster.com\/product\/songmics-istumakuutio-keinonahka-musta\/"},"modified":"2026-02-27T09:47:00","modified_gmt":"2026-02-27T09:47:00","slug":"songmics-istumakuutio-keinonahka-musta","status":"publish","type":"product","link":"https:\/\/nordicmart.andreevmaster.com\/fi\/tuote\/songmics-istumakuutio-keinonahka-musta\/","title":{"rendered":"SONGMICS istumakuutio keinonahka musta"},"content":{"rendered":"<p>Tuotekuvaus &#8221;Tarvitsetko yh\u00e4 enemm\u00e4n s\u00e4ilytystilaa? Eik\u00f6 sinulla ole koskaan tarpeeksi istumapaikkoja vieraille? Songmicsin taitettava istuinkirstu varmasti innostaa sinua. Se tarjoaa paitsi istumapaikan my\u00f6s s\u00e4ilytystilaa erilaisille tavaroille, kuten lehdille, pehmoleluille, DVD-levyille, vaatteille jne. Lis\u00e4ksi t\u00e4t\u00e4 istuinta voidaan k\u00e4ytt\u00e4\u00e4 my\u00f6s y\u00f6p\u00f6yt\u00e4n\u00e4, jalkapenkkin\u00e4, kenk\u00e4penkkin\u00e4, jakkaraksi jne. Taitettavuutensa ansiosta tuote on my\u00f6s tilaa s\u00e4\u00e4st\u00e4v\u00e4, kun sit\u00e4 ei k\u00e4ytet\u00e4. Lis\u00e4ksi Songmics-istuin on hyvin valmistettu, kaikki saumat on ommeltu siististi. Se on todellinen tilan s\u00e4\u00e4st\u00e4j\u00e4! Tuotetiedot:- Mitat: 38 x 38 x 38 cm (L\/K\/S) &#8211; Sis\u00e4mitat: 35 x 35 x 35 cm (L\/K\/S) &#8211; Materiaali: MDF-kuitulevyt, testattu E1-standardin mukaisesti + keinonahka Toimitus sis\u00e4lt\u00e4\u00e4: &#8211; 1 x taitettava istuinkirstu &#8221;Setti sis\u00e4lt\u00e4\u00e4: Toimitus sis\u00e4lt\u00e4\u00e4: &#8211; 1 x taitettava istuinkirstu<\/p>\n","protected":false},"excerpt":{"rendered":"<p>SONGMICS taitettava s\u00e4ilytyslaatikko, kantavuus 300 kg, keinonahka, musta, 38 x 38 x 38 LSF101<\/p>\n","protected":false},"featured_media":43583,"comment_status":"open","ping_status":"closed","template":"","meta":[],"product_brand":[],"product_cat":[32],"product_tag":[],"class_list":{"0":"post-34985","1":"product","2":"type-product","3":"status-publish","4":"has-post-thumbnail","6":"product_cat-uncategorized-fi","8":"first","9":"instock","10":"shipping-taxable","11":"purchasable","12":"product-type-simple"},"_links":{"self":[{"href":"https:\/\/nordicmart.andreevmaster.com\/fi\/wp-json\/wp\/v2\/product\/34985","targetHints":{"allow":["GET"]}}],"collection":[{"href":"https:\/\/nordicmart.andreevmaster.com\/fi\/wp-json\/wp\/v2\/product"}],"about":[{"href":"https:\/\/nordicmart.andreevmaster.com\/fi\/wp-json\/wp\/v2\/types\/product"}],"replies":[{"embeddable":true,"href":"https:\/\/nordicmart.andreevmaster.com\/fi\/wp-json\/wp\/v2\/comments?post=34985"}],"wp:featuredmedia":[{"embeddable":true,"href":"https:\/\/nordicmart.andreevmaster.com\/fi\/wp-json\/wp\/v2\/media\/43583"}],"wp:attachment":[{"href":"https:\/\/nordicmart.andreevmaster.com\/fi\/wp-json\/wp\/v2\/media?parent=34985"}],"wp:term":[{"taxonomy":"product_brand","embeddable":true,"href":"https:\/\/nordicmart.andreevmaster.com\/fi\/wp-json\/wp\/v2\/product_brand?post=34985"},{"taxonomy":"product_cat","embeddable":true,"href":"https:\/\/nordicmart.andreevmaster.com\/fi\/wp-json\/wp\/v2\/product_cat?post=34985"},{"taxonomy":"product_tag","embeddable":true,"href":"https:\/\/nordicmart.andreevmaster.com\/fi\/wp-json\/wp\/v2\/product_tag?post=34985"}],"curies":[{"name":"wp","href":"https:\/\/api.w.org\/{rel}","templated":true}]}}