{"id":34976,"date":"2026-02-27T00:27:59","date_gmt":"2026-02-27T00:27:59","guid":{"rendered":"https:\/\/nordicmart.andreevmaster.com\/product\/songmics-taitettava-penkki-sailytystilalla\/"},"modified":"2026-02-27T09:46:58","modified_gmt":"2026-02-27T09:46:58","slug":"songmics-taitettava-penkki-sailytystilalla","status":"publish","type":"product","link":"https:\/\/nordicmart.andreevmaster.com\/fi\/tuote\/songmics-taitettava-penkki-sailytystilalla\/","title":{"rendered":"SONGMICS taitettava penkki s\u00e4ilytystilalla"},"content":{"rendered":"<p>SONGMICS-penkki s\u00e4ilytystilalla, istuinkirstu, s\u00e4ilytyslaatikko, jalkatuki, taitettava, pehmustettu, eteiseen, olohuoneeseen<br \/>\nV\u00e4ri: tummanharmaa<br \/>\nMateriaali: keinokangas, MDF (keskitihe\u00e4 kuitulevy), vaahtomuovi, ter\u00e4s<br \/>\nKoko: 40 x 110 x 40 cm (S x L x K)<br \/>\nPaino: 11,1 kg<br \/>\nMaks. staattinen kantavuus: 300 kg<\/p>\n","protected":false},"excerpt":{"rendered":"<p>SONGMICS-penkki s\u00e4ilytystilalla, istuinkirstu, s\u00e4ilytyslaatikko, jalkatuki, taitettava, pehmustettu, eteiseen, olohuoneeseen<\/p>\n","protected":false},"featured_media":43574,"comment_status":"open","ping_status":"closed","template":"","meta":[],"product_brand":[],"product_cat":[32],"product_tag":[],"class_list":{"0":"post-34976","1":"product","2":"type-product","3":"status-publish","4":"has-post-thumbnail","6":"product_cat-uncategorized-fi","8":"first","9":"instock","10":"shipping-taxable","11":"purchasable","12":"product-type-simple"},"_links":{"self":[{"href":"https:\/\/nordicmart.andreevmaster.com\/fi\/wp-json\/wp\/v2\/product\/34976","targetHints":{"allow":["GET"]}}],"collection":[{"href":"https:\/\/nordicmart.andreevmaster.com\/fi\/wp-json\/wp\/v2\/product"}],"about":[{"href":"https:\/\/nordicmart.andreevmaster.com\/fi\/wp-json\/wp\/v2\/types\/product"}],"replies":[{"embeddable":true,"href":"https:\/\/nordicmart.andreevmaster.com\/fi\/wp-json\/wp\/v2\/comments?post=34976"}],"wp:featuredmedia":[{"embeddable":true,"href":"https:\/\/nordicmart.andreevmaster.com\/fi\/wp-json\/wp\/v2\/media\/43574"}],"wp:attachment":[{"href":"https:\/\/nordicmart.andreevmaster.com\/fi\/wp-json\/wp\/v2\/media?parent=34976"}],"wp:term":[{"taxonomy":"product_brand","embeddable":true,"href":"https:\/\/nordicmart.andreevmaster.com\/fi\/wp-json\/wp\/v2\/product_brand?post=34976"},{"taxonomy":"product_cat","embeddable":true,"href":"https:\/\/nordicmart.andreevmaster.com\/fi\/wp-json\/wp\/v2\/product_cat?post=34976"},{"taxonomy":"product_tag","embeddable":true,"href":"https:\/\/nordicmart.andreevmaster.com\/fi\/wp-json\/wp\/v2\/product_tag?post=34976"}],"curies":[{"name":"wp","href":"https:\/\/api.w.org\/{rel}","templated":true}]}}