{"id":34974,"date":"2026-02-27T00:27:58","date_gmt":"2026-02-27T00:27:58","guid":{"rendered":"https:\/\/nordicmart.andreevmaster.com\/product\/songmics-sailytystilalla-varustettu-jakkara-38-x-110-x-38-cm-pastellinpunainen\/"},"modified":"2026-02-27T09:46:58","modified_gmt":"2026-02-27T09:46:58","slug":"songmics-sailytystilalla-varustettu-jakkara-38-x-110-x-38-cm-pastellinpunainen","status":"publish","type":"product","link":"https:\/\/nordicmart.andreevmaster.com\/fi\/tuote\/songmics-sailytystilalla-varustettu-jakkara-38-x-110-x-38-cm-pastellinpunainen\/","title":{"rendered":"SONGMICS s\u00e4ilytystilalla varustettu jakkara 38 x 110 x 38 cm pastellinpunainen"},"content":{"rendered":"<p>V\u00e4ri: pastellinpunainen<br \/>\nMateriaali: MDF (keskitihe\u00e4 kuitulevy), keinokangas, 25D eritt\u00e4in joustava vaahtomuovi<br \/>\nKoko: 38 x 110 x 38 cm (S x L x K)<br \/>\nPaino: 8,8 kg<br \/>\nMaks. staattinen kantavuus: 300 kg<br \/>\nTilavuus: 131 litraa<\/p>\n","protected":false},"excerpt":{"rendered":"<p>V\u00e4ri: pastellinpunainen Materiaali: MDF (keskitihe\u00e4 kuitulevy), keinokangas, 25D eritt\u00e4in joustava vaahtomuovi Koko: 38 x 110 x 38 cm (S x L x K) Paino: 8,8 kg Maks. staattinen kantavuus: 300 kg Tilavuus: 131 litraa<\/p>\n","protected":false},"featured_media":43572,"comment_status":"open","ping_status":"closed","template":"","meta":[],"product_brand":[],"product_cat":[32],"product_tag":[],"class_list":{"0":"post-34974","1":"product","2":"type-product","3":"status-publish","4":"has-post-thumbnail","6":"product_cat-uncategorized-fi","8":"first","9":"instock","10":"shipping-taxable","11":"purchasable","12":"product-type-simple"},"_links":{"self":[{"href":"https:\/\/nordicmart.andreevmaster.com\/fi\/wp-json\/wp\/v2\/product\/34974","targetHints":{"allow":["GET"]}}],"collection":[{"href":"https:\/\/nordicmart.andreevmaster.com\/fi\/wp-json\/wp\/v2\/product"}],"about":[{"href":"https:\/\/nordicmart.andreevmaster.com\/fi\/wp-json\/wp\/v2\/types\/product"}],"replies":[{"embeddable":true,"href":"https:\/\/nordicmart.andreevmaster.com\/fi\/wp-json\/wp\/v2\/comments?post=34974"}],"wp:featuredmedia":[{"embeddable":true,"href":"https:\/\/nordicmart.andreevmaster.com\/fi\/wp-json\/wp\/v2\/media\/43572"}],"wp:attachment":[{"href":"https:\/\/nordicmart.andreevmaster.com\/fi\/wp-json\/wp\/v2\/media?parent=34974"}],"wp:term":[{"taxonomy":"product_brand","embeddable":true,"href":"https:\/\/nordicmart.andreevmaster.com\/fi\/wp-json\/wp\/v2\/product_brand?post=34974"},{"taxonomy":"product_cat","embeddable":true,"href":"https:\/\/nordicmart.andreevmaster.com\/fi\/wp-json\/wp\/v2\/product_cat?post=34974"},{"taxonomy":"product_tag","embeddable":true,"href":"https:\/\/nordicmart.andreevmaster.com\/fi\/wp-json\/wp\/v2\/product_tag?post=34974"}],"curies":[{"name":"wp","href":"https:\/\/api.w.org\/{rel}","templated":true}]}}