{"id":34973,"date":"2026-02-27T00:27:58","date_gmt":"2026-02-27T00:27:58","guid":{"rendered":"https:\/\/nordicmart.andreevmaster.com\/product\/songmics-istuinlaatikko-sailytystilalla-38-x-110-x-38-cm\/"},"modified":"2026-02-27T09:46:58","modified_gmt":"2026-02-27T09:46:58","slug":"songmics-istuinlaatikko-sailytystilalla-38-x-110-x-38-cm","status":"publish","type":"product","link":"https:\/\/nordicmart.andreevmaster.com\/fi\/tuote\/songmics-istuinlaatikko-sailytystilalla-38-x-110-x-38-cm\/","title":{"rendered":"SONGMICS Istuinlaatikko s\u00e4ilytystilalla, 38 x 110 x 38 cm"},"content":{"rendered":"<p>&#8211; V\u00e4ri: kamelinruskea<br \/>\n&#8211; Materiaali: MDF (keskitihe\u00e4 kuitulevy), pellavankuvioinen kangas, 25D eritt\u00e4in joustava vaahtomuovi<br \/>\n&#8211; Koko: 38 x 110 x 38 cm (S x L x K)<br \/>\n&#8211; Paino: 8,8 kg<br \/>\n&#8211; Maks. staattinen kantavuus: 300 kg<br \/>\n&#8211; Tilavuus: 131 litraa<\/p>\n","protected":false},"excerpt":{"rendered":"<p>&#8211; V\u00e4ri: kamelinruskea &#8211; Materiaali: MDF (keskitihe\u00e4 kuitulevy), pellavankuvioinen kangas, 25D eritt\u00e4in joustava vaahtomuovi &#8211; Koko: 38 x 110 x 38 cm (S x L x K) &#8211; Paino: 8,8 kg &#8211; Maks. staattinen kantavuus: 300 kg &#8211; Tilavuus: 131 litraa<\/p>\n","protected":false},"featured_media":43571,"comment_status":"open","ping_status":"closed","template":"","meta":[],"product_brand":[],"product_cat":[32],"product_tag":[],"class_list":{"0":"post-34973","1":"product","2":"type-product","3":"status-publish","4":"has-post-thumbnail","6":"product_cat-uncategorized-fi","8":"first","9":"instock","10":"shipping-taxable","11":"purchasable","12":"product-type-simple"},"_links":{"self":[{"href":"https:\/\/nordicmart.andreevmaster.com\/fi\/wp-json\/wp\/v2\/product\/34973","targetHints":{"allow":["GET"]}}],"collection":[{"href":"https:\/\/nordicmart.andreevmaster.com\/fi\/wp-json\/wp\/v2\/product"}],"about":[{"href":"https:\/\/nordicmart.andreevmaster.com\/fi\/wp-json\/wp\/v2\/types\/product"}],"replies":[{"embeddable":true,"href":"https:\/\/nordicmart.andreevmaster.com\/fi\/wp-json\/wp\/v2\/comments?post=34973"}],"wp:featuredmedia":[{"embeddable":true,"href":"https:\/\/nordicmart.andreevmaster.com\/fi\/wp-json\/wp\/v2\/media\/43571"}],"wp:attachment":[{"href":"https:\/\/nordicmart.andreevmaster.com\/fi\/wp-json\/wp\/v2\/media?parent=34973"}],"wp:term":[{"taxonomy":"product_brand","embeddable":true,"href":"https:\/\/nordicmart.andreevmaster.com\/fi\/wp-json\/wp\/v2\/product_brand?post=34973"},{"taxonomy":"product_cat","embeddable":true,"href":"https:\/\/nordicmart.andreevmaster.com\/fi\/wp-json\/wp\/v2\/product_cat?post=34973"},{"taxonomy":"product_tag","embeddable":true,"href":"https:\/\/nordicmart.andreevmaster.com\/fi\/wp-json\/wp\/v2\/product_tag?post=34973"}],"curies":[{"name":"wp","href":"https:\/\/api.w.org\/{rel}","templated":true}]}}