{"id":34972,"date":"2026-02-27T00:27:58","date_gmt":"2026-02-27T00:27:58","guid":{"rendered":"https:\/\/nordicmart.andreevmaster.com\/product\/penkki-sailytystilalla-lipasto-kokoontaitettava-110-x-38-x-38-cm-pellavapeitteen-jaljitelma-makuuhuoneeseen-eteiseen-olohuoneeseen-vaaleanharmaa-2\/"},"modified":"2026-02-27T09:46:58","modified_gmt":"2026-02-27T09:46:58","slug":"penkki-sailytystilalla-lipasto-kokoontaitettava-110-x-38-x-38-cm-pellavapeitteen-jaljitelma-makuuhuoneeseen-eteiseen-olohuoneeseen-vaaleanharmaa-2","status":"publish","type":"product","link":"https:\/\/nordicmart.andreevmaster.com\/fi\/tuote\/penkki-sailytystilalla-lipasto-kokoontaitettava-110-x-38-x-38-cm-pellavapeitteen-jaljitelma-makuuhuoneeseen-eteiseen-olohuoneeseen-vaaleanharmaa-2\/","title":{"rendered":"Penkki s\u00e4ilytystilalla, lipasto, kokoontaitettava, 110 x 38 x 38 cm, pellavapeitteen j\u00e4ljitelm\u00e4, makuuhuoneeseen, eteiseen, olohuoneeseen, vaaleanharmaa"},"content":{"rendered":"","protected":false},"excerpt":{"rendered":"","protected":false},"featured_media":0,"comment_status":"open","ping_status":"closed","template":"","meta":[],"product_brand":[],"product_cat":[32],"product_tag":[],"class_list":{"0":"post-34972","1":"product","2":"type-product","3":"status-publish","5":"product_cat-uncategorized-fi","7":"first","8":"instock","9":"shipping-taxable","10":"product-type-simple"},"_links":{"self":[{"href":"https:\/\/nordicmart.andreevmaster.com\/fi\/wp-json\/wp\/v2\/product\/34972","targetHints":{"allow":["GET"]}}],"collection":[{"href":"https:\/\/nordicmart.andreevmaster.com\/fi\/wp-json\/wp\/v2\/product"}],"about":[{"href":"https:\/\/nordicmart.andreevmaster.com\/fi\/wp-json\/wp\/v2\/types\/product"}],"replies":[{"embeddable":true,"href":"https:\/\/nordicmart.andreevmaster.com\/fi\/wp-json\/wp\/v2\/comments?post=34972"}],"wp:attachment":[{"href":"https:\/\/nordicmart.andreevmaster.com\/fi\/wp-json\/wp\/v2\/media?parent=34972"}],"wp:term":[{"taxonomy":"product_brand","embeddable":true,"href":"https:\/\/nordicmart.andreevmaster.com\/fi\/wp-json\/wp\/v2\/product_brand?post=34972"},{"taxonomy":"product_cat","embeddable":true,"href":"https:\/\/nordicmart.andreevmaster.com\/fi\/wp-json\/wp\/v2\/product_cat?post=34972"},{"taxonomy":"product_tag","embeddable":true,"href":"https:\/\/nordicmart.andreevmaster.com\/fi\/wp-json\/wp\/v2\/product_tag?post=34972"}],"curies":[{"name":"wp","href":"https:\/\/api.w.org\/{rel}","templated":true}]}}