{"id":34967,"date":"2026-02-27T00:27:57","date_gmt":"2026-02-27T00:27:57","guid":{"rendered":"https:\/\/nordicmart.andreevmaster.com\/product\/songmics-penkki-sailytystilalla-38-x-110-x-38-cm-musta\/"},"modified":"2026-02-27T09:46:57","modified_gmt":"2026-02-27T09:46:57","slug":"songmics-penkki-sailytystilalla-38-x-110-x-38-cm-musta","status":"publish","type":"product","link":"https:\/\/nordicmart.andreevmaster.com\/fi\/tuote\/songmics-penkki-sailytystilalla-38-x-110-x-38-cm-musta\/","title":{"rendered":"SONGMICS-penkki s\u00e4ilytystilalla 38 x 110 x 38 cm musta"},"content":{"rendered":"<p>SONGMICS-penkki s\u00e4ilytystilalla, taitettava istuinkirstu, s\u00e4ilytyslaatikko, 38 x 76 x 38 cm, taitettava kansi, kantavuus 300 kg, k\u00e4ytett\u00e4v\u00e4ksi eteisess\u00e4, olohuoneessa, makuuhuoneessa<br \/>\nV\u00e4ri: musta<br \/>\nMateriaali: MDF (keskitihe\u00e4 kuitulevy), keinokangas, vaahtomuovipehmuste<br \/>\nKoko: 38 x 110 x 38 cm (S x L x K)<br \/>\nPaino: 9,1 kg<br \/>\nMaks. staattinen kantavuus: 300 kg<br \/>\nTilavuus: 131 litraa<\/p>\n","protected":false},"excerpt":{"rendered":"<p>SONGMICS-penkki s\u00e4ilytystilalla, taitettava istuinkirstu, s\u00e4ilytyslaatikko, 38 x 76 x 38 cm, taitettava kansi, kantavuus 300 kg, k\u00e4ytett\u00e4v\u00e4ksi eteisess\u00e4, olohuoneessa, makuuhuoneessa<\/p>\n","protected":false},"featured_media":43567,"comment_status":"open","ping_status":"closed","template":"","meta":[],"product_brand":[],"product_cat":[32],"product_tag":[],"class_list":{"0":"post-34967","1":"product","2":"type-product","3":"status-publish","4":"has-post-thumbnail","6":"product_cat-uncategorized-fi","8":"first","9":"instock","10":"shipping-taxable","11":"purchasable","12":"product-type-simple"},"_links":{"self":[{"href":"https:\/\/nordicmart.andreevmaster.com\/fi\/wp-json\/wp\/v2\/product\/34967","targetHints":{"allow":["GET"]}}],"collection":[{"href":"https:\/\/nordicmart.andreevmaster.com\/fi\/wp-json\/wp\/v2\/product"}],"about":[{"href":"https:\/\/nordicmart.andreevmaster.com\/fi\/wp-json\/wp\/v2\/types\/product"}],"replies":[{"embeddable":true,"href":"https:\/\/nordicmart.andreevmaster.com\/fi\/wp-json\/wp\/v2\/comments?post=34967"}],"wp:featuredmedia":[{"embeddable":true,"href":"https:\/\/nordicmart.andreevmaster.com\/fi\/wp-json\/wp\/v2\/media\/43567"}],"wp:attachment":[{"href":"https:\/\/nordicmart.andreevmaster.com\/fi\/wp-json\/wp\/v2\/media?parent=34967"}],"wp:term":[{"taxonomy":"product_brand","embeddable":true,"href":"https:\/\/nordicmart.andreevmaster.com\/fi\/wp-json\/wp\/v2\/product_brand?post=34967"},{"taxonomy":"product_cat","embeddable":true,"href":"https:\/\/nordicmart.andreevmaster.com\/fi\/wp-json\/wp\/v2\/product_cat?post=34967"},{"taxonomy":"product_tag","embeddable":true,"href":"https:\/\/nordicmart.andreevmaster.com\/fi\/wp-json\/wp\/v2\/product_tag?post=34967"}],"curies":[{"name":"wp","href":"https:\/\/api.w.org\/{rel}","templated":true}]}}