{"id":34962,"date":"2026-02-27T00:27:55","date_gmt":"2026-02-27T00:27:55","guid":{"rendered":"https:\/\/nordicmart.andreevmaster.com\/product\/songmics-sailytystilalla-varustettu-jakkara-40-x-76-x-40-cm-musta\/"},"modified":"2026-02-27T09:46:56","modified_gmt":"2026-02-27T09:46:56","slug":"songmics-sailytystilalla-varustettu-jakkara-40-x-76-x-40-cm-musta","status":"publish","type":"product","link":"https:\/\/nordicmart.andreevmaster.com\/fi\/tuote\/songmics-sailytystilalla-varustettu-jakkara-40-x-76-x-40-cm-musta\/","title":{"rendered":"SONGMICS s\u00e4ilytystilalla varustettu jakkara 40 x 76 x 40 cm musta"},"content":{"rendered":"<p>SONGMICS-penkki s\u00e4ilytystilalla, istuinkirstu, s\u00e4ilytyslaatikko, jalkatuki, taitettava, pehmustettu, eteiseen, olohuoneeseen<br \/>\nV\u00e4ri: musta<br \/>\nMateriaali: MDF (keskitihe\u00e4 kuitulevy), keinokangas, 25D eritt\u00e4in joustava vaahtomuovi<br \/>\nKoko: 40 x 76 x 40 cm (S x L x K)<br \/>\nPaino: 7,4 kg<br \/>\nMaks. staattinen kantavuus: 300 kg<br \/>\nTilavuus: 70 litraa<\/p>\n","protected":false},"excerpt":{"rendered":"<p>SONGMICS-penkki s\u00e4ilytystilalla, istuinkirstu, s\u00e4ilytyslaatikko, jalkatuki, taitettava, pehmustettu, eteiseen, olohuoneeseen<\/p>\n","protected":false},"featured_media":43562,"comment_status":"open","ping_status":"closed","template":"","meta":[],"product_brand":[],"product_cat":[32],"product_tag":[],"class_list":{"0":"post-34962","1":"product","2":"type-product","3":"status-publish","4":"has-post-thumbnail","6":"product_cat-uncategorized-fi","8":"first","9":"instock","10":"shipping-taxable","11":"purchasable","12":"product-type-simple"},"_links":{"self":[{"href":"https:\/\/nordicmart.andreevmaster.com\/fi\/wp-json\/wp\/v2\/product\/34962","targetHints":{"allow":["GET"]}}],"collection":[{"href":"https:\/\/nordicmart.andreevmaster.com\/fi\/wp-json\/wp\/v2\/product"}],"about":[{"href":"https:\/\/nordicmart.andreevmaster.com\/fi\/wp-json\/wp\/v2\/types\/product"}],"replies":[{"embeddable":true,"href":"https:\/\/nordicmart.andreevmaster.com\/fi\/wp-json\/wp\/v2\/comments?post=34962"}],"wp:featuredmedia":[{"embeddable":true,"href":"https:\/\/nordicmart.andreevmaster.com\/fi\/wp-json\/wp\/v2\/media\/43562"}],"wp:attachment":[{"href":"https:\/\/nordicmart.andreevmaster.com\/fi\/wp-json\/wp\/v2\/media?parent=34962"}],"wp:term":[{"taxonomy":"product_brand","embeddable":true,"href":"https:\/\/nordicmart.andreevmaster.com\/fi\/wp-json\/wp\/v2\/product_brand?post=34962"},{"taxonomy":"product_cat","embeddable":true,"href":"https:\/\/nordicmart.andreevmaster.com\/fi\/wp-json\/wp\/v2\/product_cat?post=34962"},{"taxonomy":"product_tag","embeddable":true,"href":"https:\/\/nordicmart.andreevmaster.com\/fi\/wp-json\/wp\/v2\/product_tag?post=34962"}],"curies":[{"name":"wp","href":"https:\/\/api.w.org\/{rel}","templated":true}]}}