{"id":34960,"date":"2026-02-27T00:27:55","date_gmt":"2026-02-27T00:27:55","guid":{"rendered":"https:\/\/nordicmart.andreevmaster.com\/product\/songmics-istuinpenkki-sailytystilalla-38-x-110-x-40-cm-jalkapenkki-112-l-pastellinpunainen\/"},"modified":"2026-02-27T09:46:55","modified_gmt":"2026-02-27T09:46:55","slug":"songmics-istuinpenkki-sailytystilalla-38-x-110-x-40-cm-jalkapenkki-112-l-pastellinpunainen","status":"publish","type":"product","link":"https:\/\/nordicmart.andreevmaster.com\/fi\/tuote\/songmics-istuinpenkki-sailytystilalla-38-x-110-x-40-cm-jalkapenkki-112-l-pastellinpunainen\/","title":{"rendered":"SONGMICS Istuinpenkki s\u00e4ilytystilalla 38 x 110 x 40 cm Jalkapenkki 112 L pastellinpunainen"},"content":{"rendered":"<p>SONGMICS penkki s\u00e4ilytystilalla, taitettava jakkara, 38 x 110 x 40 cm, s\u00e4ilytyslaatikko kannella, jalkatuki 112 L, sametti, kantavuus 300 kg, eteinen, olohuone, makuuhuone, cappuccinobeige LSF0518W02<br \/>\nV\u00e4ri: pastellinpunainen<br \/>\nMateriaali: sametti, MDF (keskitihe\u00e4 kuitulevy), vaahtomuovi, kuitukangas<br \/>\nKoko: 38 x 110 x 40 cm (S x L x K)<br \/>\nPaino: 9,6 kg<br \/>\nMaks. staattinen kantavuus: 300 kg<br \/>\nTilavuus: 112 litraa<\/p>\n","protected":false},"excerpt":{"rendered":"<p>SONGMICS penkki s\u00e4ilytystilalla, taitettava jakkara, 38 x 110 x 40 cm, s\u00e4ilytyslaatikko kannella, jalkatuki 112 L, sametti, kantavuus 300 kg, eteinen, olohuone, makuuhuone, cappuccinobeige LSF0518W02<\/p>\n","protected":false},"featured_media":43560,"comment_status":"open","ping_status":"closed","template":"","meta":[],"product_brand":[],"product_cat":[32],"product_tag":[],"class_list":{"0":"post-34960","1":"product","2":"type-product","3":"status-publish","4":"has-post-thumbnail","6":"product_cat-uncategorized-fi","8":"first","9":"instock","10":"shipping-taxable","11":"purchasable","12":"product-type-simple"},"_links":{"self":[{"href":"https:\/\/nordicmart.andreevmaster.com\/fi\/wp-json\/wp\/v2\/product\/34960","targetHints":{"allow":["GET"]}}],"collection":[{"href":"https:\/\/nordicmart.andreevmaster.com\/fi\/wp-json\/wp\/v2\/product"}],"about":[{"href":"https:\/\/nordicmart.andreevmaster.com\/fi\/wp-json\/wp\/v2\/types\/product"}],"replies":[{"embeddable":true,"href":"https:\/\/nordicmart.andreevmaster.com\/fi\/wp-json\/wp\/v2\/comments?post=34960"}],"wp:featuredmedia":[{"embeddable":true,"href":"https:\/\/nordicmart.andreevmaster.com\/fi\/wp-json\/wp\/v2\/media\/43560"}],"wp:attachment":[{"href":"https:\/\/nordicmart.andreevmaster.com\/fi\/wp-json\/wp\/v2\/media?parent=34960"}],"wp:term":[{"taxonomy":"product_brand","embeddable":true,"href":"https:\/\/nordicmart.andreevmaster.com\/fi\/wp-json\/wp\/v2\/product_brand?post=34960"},{"taxonomy":"product_cat","embeddable":true,"href":"https:\/\/nordicmart.andreevmaster.com\/fi\/wp-json\/wp\/v2\/product_cat?post=34960"},{"taxonomy":"product_tag","embeddable":true,"href":"https:\/\/nordicmart.andreevmaster.com\/fi\/wp-json\/wp\/v2\/product_tag?post=34960"}],"curies":[{"name":"wp","href":"https:\/\/api.w.org\/{rel}","templated":true}]}}