{"id":34944,"date":"2026-02-27T00:27:51","date_gmt":"2026-02-27T00:27:51","guid":{"rendered":"https:\/\/nordicmart.andreevmaster.com\/product\/songmics-vaatekaappi-175-x-150-cm-musta\/"},"modified":"2026-02-27T09:46:52","modified_gmt":"2026-02-27T09:46:52","slug":"songmics-vaatekaappi-175-x-150-cm-musta","status":"publish","type":"product","link":"https:\/\/nordicmart.andreevmaster.com\/fi\/tuote\/songmics-vaatekaappi-175-x-150-cm-musta\/","title":{"rendered":"SONGMICS vaatekaappi 175 x 150 cm musta"},"content":{"rendered":"<p>SONGMICSin tyylik\u00e4s taitettava kaappi on ihanteellinen ratkaisu nopeaan ja t\u00e4ydelliseen j\u00e4rjestykseen! Se koostuu tukevasta ter\u00e4sputkirungosta ja kest\u00e4v\u00e4st\u00e4 fleece-kankaasta. Se tarjoaa p\u00f6lytt\u00f6m\u00e4n ja puhtaan s\u00e4ilytystilan vaatteille. Eritt\u00e4in tilaa s\u00e4\u00e4st\u00e4v\u00e4, mahtuu jokaiseen nurkkaan! Kun kaappia ei k\u00e4ytet\u00e4, sen voi taittaa kokoon ja s\u00e4ilytt\u00e4\u00e4 tilaa s\u00e4\u00e4st\u00e4en.Tuotetiedot: -V\u00e4ri: musta -Tuotteen mitat: 150 x 175 x 45 cm (L x K x S) -Materiaali: hyllylevyt 75 g\/m\u00b2 laminoitua kuitukangasta, p\u00e4\u00e4llyste 75 g\/m\u00b2 kuitukangasta, rautaputki (\u00d8 15 mm) -Pakkauksen mitat: 75 x 35,5 x 10,5 cm &#8211; Paino: 5,58 kg Toimitus sis\u00e4lt\u00e4\u00e4: &#8211; 1 x vaatekaappi &#8211; 1 x ohjeet (DE, EN, FR, ES, IT) Huomautukset: &#8211; Tuotetta tulee suojata suoralta auringonvalolta, muuten sen k\u00e4ytt\u00f6ik\u00e4 voi lyhenty\u00e4. S\u00e4ilyt\u00e4 viile\u00e4ss\u00e4 ja kuivassa paikassa homeen muodostumisen est\u00e4miseksi. &#8211; Kun liit\u00e4t rautaputkia ja muoviliittimi\u00e4, \u00e4l\u00e4 paina rautaputkea v\u00e4kisin suoraan liittimeen, vaan kierr\u00e4 rautaputki hitaasti liittimeen. &#8211; Varmista, ett\u00e4 putket on asetettu liittimeen kokonaan. Jos muoviliittimien aukko on liian kapea, kokeile upottaa muoviliittimet l\u00e4mpim\u00e4\u00e4n veteen. Jos kohtaat ongelmia asennuksessa, ota yhteytt\u00e4 asiakaspalveluumme, autamme mielell\u00e4mme ongelmien ratkaisemisessa tai tarjoamme sinulle ilmaisia varaosia.<\/p>\n","protected":false},"excerpt":{"rendered":"<p>SONGMICS vaatekaappi, XXL-taitettava kaappi, kangaskaappi vaatetangolla ja 3 rullattavalla ovella, retkeilykaappi, 175 x 150 x 45 cm, beige LSF03M<\/p>\n","protected":false},"featured_media":43544,"comment_status":"open","ping_status":"closed","template":"","meta":[],"product_brand":[],"product_cat":[32],"product_tag":[],"class_list":{"0":"post-34944","1":"product","2":"type-product","3":"status-publish","4":"has-post-thumbnail","6":"product_cat-uncategorized-fi","8":"first","9":"instock","10":"shipping-taxable","11":"purchasable","12":"product-type-simple"},"_links":{"self":[{"href":"https:\/\/nordicmart.andreevmaster.com\/fi\/wp-json\/wp\/v2\/product\/34944","targetHints":{"allow":["GET"]}}],"collection":[{"href":"https:\/\/nordicmart.andreevmaster.com\/fi\/wp-json\/wp\/v2\/product"}],"about":[{"href":"https:\/\/nordicmart.andreevmaster.com\/fi\/wp-json\/wp\/v2\/types\/product"}],"replies":[{"embeddable":true,"href":"https:\/\/nordicmart.andreevmaster.com\/fi\/wp-json\/wp\/v2\/comments?post=34944"}],"wp:featuredmedia":[{"embeddable":true,"href":"https:\/\/nordicmart.andreevmaster.com\/fi\/wp-json\/wp\/v2\/media\/43544"}],"wp:attachment":[{"href":"https:\/\/nordicmart.andreevmaster.com\/fi\/wp-json\/wp\/v2\/media?parent=34944"}],"wp:term":[{"taxonomy":"product_brand","embeddable":true,"href":"https:\/\/nordicmart.andreevmaster.com\/fi\/wp-json\/wp\/v2\/product_brand?post=34944"},{"taxonomy":"product_cat","embeddable":true,"href":"https:\/\/nordicmart.andreevmaster.com\/fi\/wp-json\/wp\/v2\/product_cat?post=34944"},{"taxonomy":"product_tag","embeddable":true,"href":"https:\/\/nordicmart.andreevmaster.com\/fi\/wp-json\/wp\/v2\/product_tag?post=34944"}],"curies":[{"name":"wp","href":"https:\/\/api.w.org\/{rel}","templated":true}]}}