{"id":34943,"date":"2026-02-27T00:27:50","date_gmt":"2026-02-27T00:27:50","guid":{"rendered":"https:\/\/nordicmart.andreevmaster.com\/product\/songmics-vaatekaappi-175-x-150-cm-harmaa\/"},"modified":"2026-02-27T09:46:52","modified_gmt":"2026-02-27T09:46:52","slug":"songmics-vaatekaappi-175-x-150-cm-harmaa","status":"publish","type":"product","link":"https:\/\/nordicmart.andreevmaster.com\/fi\/tuote\/songmics-vaatekaappi-175-x-150-cm-harmaa\/","title":{"rendered":"SONGMICS vaatekaappi 175 x 150 cm harmaa"},"content":{"rendered":"<p>Tuotetiedot: &#8211; V\u00e4ri: harmaa &#8211; Materiaali: kuitukangas, ter\u00e4sputki (\u00d8 15 mm) &#8211; Koko: 150 x 175 x 45 cm (L x K x S) &#8211; Pakkauksen mitat: 75 x 35,5 x 10,5 cm &#8211; Paino: 6,5 kg Toimitus sis\u00e4lt\u00e4\u00e4: &#8211; 1 x taitettava vaatekaappi<\/p>\n","protected":false},"excerpt":{"rendered":"<p>SONGMICS vaatekaappi, XXL-taitettava kaappi, kangaskaappi vaatetangolla ja 3 rullattavalla ovella, retkeilykaappi, 175 x 150 x 45 cm, beige LSF03M<\/p>\n","protected":false},"featured_media":43543,"comment_status":"open","ping_status":"closed","template":"","meta":[],"product_brand":[],"product_cat":[32],"product_tag":[],"class_list":{"0":"post-34943","1":"product","2":"type-product","3":"status-publish","4":"has-post-thumbnail","6":"product_cat-uncategorized-fi","8":"first","9":"instock","10":"shipping-taxable","11":"purchasable","12":"product-type-simple"},"_links":{"self":[{"href":"https:\/\/nordicmart.andreevmaster.com\/fi\/wp-json\/wp\/v2\/product\/34943","targetHints":{"allow":["GET"]}}],"collection":[{"href":"https:\/\/nordicmart.andreevmaster.com\/fi\/wp-json\/wp\/v2\/product"}],"about":[{"href":"https:\/\/nordicmart.andreevmaster.com\/fi\/wp-json\/wp\/v2\/types\/product"}],"replies":[{"embeddable":true,"href":"https:\/\/nordicmart.andreevmaster.com\/fi\/wp-json\/wp\/v2\/comments?post=34943"}],"wp:featuredmedia":[{"embeddable":true,"href":"https:\/\/nordicmart.andreevmaster.com\/fi\/wp-json\/wp\/v2\/media\/43543"}],"wp:attachment":[{"href":"https:\/\/nordicmart.andreevmaster.com\/fi\/wp-json\/wp\/v2\/media?parent=34943"}],"wp:term":[{"taxonomy":"product_brand","embeddable":true,"href":"https:\/\/nordicmart.andreevmaster.com\/fi\/wp-json\/wp\/v2\/product_brand?post=34943"},{"taxonomy":"product_cat","embeddable":true,"href":"https:\/\/nordicmart.andreevmaster.com\/fi\/wp-json\/wp\/v2\/product_cat?post=34943"},{"taxonomy":"product_tag","embeddable":true,"href":"https:\/\/nordicmart.andreevmaster.com\/fi\/wp-json\/wp\/v2\/product_tag?post=34943"}],"curies":[{"name":"wp","href":"https:\/\/api.w.org\/{rel}","templated":true}]}}