{"id":34937,"date":"2026-02-27T00:27:49","date_gmt":"2026-02-27T00:27:49","guid":{"rendered":"https:\/\/nordicmart.andreevmaster.com\/product\/songmics-sailytystilalla-varustettu-jakkara-30-x-30-x-30-cm\/"},"modified":"2026-02-27T09:46:51","modified_gmt":"2026-02-27T09:46:51","slug":"songmics-sailytystilalla-varustettu-jakkara-30-x-30-x-30-cm","status":"publish","type":"product","link":"https:\/\/nordicmart.andreevmaster.com\/fi\/tuote\/songmics-sailytystilalla-varustettu-jakkara-30-x-30-x-30-cm\/","title":{"rendered":"SONGMICS s\u00e4ilytystilalla varustettu jakkara 30 x 30 x 30 cm"},"content":{"rendered":"<p>T\u00e4m\u00e4n jakkaran kohokohdat yhdell\u00e4 silm\u00e4yksell\u00e4: TILAA S\u00c4\u00c4ST\u00c4V\u00c4: Jakkara on kooltaan 30 x 30 x 30 cm ja vie vain v\u00e4h\u00e4n tilaa. Mukava istuintyyny: Tihe\u00e4st\u00e4 vaahtomuovista valmistettu istuintyyny takaa erinomaisen istumamukavuuden. Eritt\u00e4in kest\u00e4v\u00e4: Vankka MDF-rakenne kest\u00e4\u00e4 jopa 130 kg:n painon. S\u00e4ilytystilaa: S\u00e4ilyt\u00e4 kirjoja, vaatteita tai muita pieni\u00e4 esineit\u00e4 t\u00e4ss\u00e4 istuinkubissa ja poista sotku olohuoneesta. Monipuolinen: T\u00e4m\u00e4 s\u00e4ilytyslaatikko sopii jakkaraksi kenkien pukemiseen, jalkapalloksi makuuhuoneeseen tai tarjoaa kissallesi tilaa p\u00e4iv\u00e4unille. Tuotetiedot: V\u00e4ri: tummanharmaa Materiaali: imitaatiopellava, vaahtomuovi, MDF (keskitihe\u00e4 kuitulevy). Koko: 30 x 30 x 30 cm (S x L x K). Paino: 1,5 kg. Maks. staattinen kantavuus: 130 kg. Pakkaus sis\u00e4lt\u00e4\u00e4: 1 x s\u00e4ilytystilalla varustettu jakkara, 1 x ohjeet (englanninkielinen kieli ei taattu). SONGMICS-huomautukset: Laatikko ei ole lelu! Turvallisuussyist\u00e4 lapset eiv\u00e4t saa kiivet\u00e4 tai leikki\u00e4 tuotteella. \u00c4l\u00e4 seiso tuotteen p\u00e4\u00e4ll\u00e4 \u00e4l\u00e4k\u00e4 k\u00e4yt\u00e4 sit\u00e4 tikkaina tai kiipeilyapuna.<\/p>\n","protected":false},"excerpt":{"rendered":"<p>SONGMICS s\u00e4ilytystilalla varustettu jakkara, taitettava jakkara, jalkatuki, taitettava jakkara, istumakuutio olohuoneeseen, makuuhuoneeseen, 30 x 30 x 30 cm, tummanharmaa LSF028G01<\/p>\n","protected":false},"featured_media":43538,"comment_status":"open","ping_status":"closed","template":"","meta":[],"product_brand":[],"product_cat":[32],"product_tag":[],"class_list":{"0":"post-34937","1":"product","2":"type-product","3":"status-publish","4":"has-post-thumbnail","6":"product_cat-uncategorized-fi","8":"first","9":"instock","10":"shipping-taxable","11":"purchasable","12":"product-type-simple"},"_links":{"self":[{"href":"https:\/\/nordicmart.andreevmaster.com\/fi\/wp-json\/wp\/v2\/product\/34937","targetHints":{"allow":["GET"]}}],"collection":[{"href":"https:\/\/nordicmart.andreevmaster.com\/fi\/wp-json\/wp\/v2\/product"}],"about":[{"href":"https:\/\/nordicmart.andreevmaster.com\/fi\/wp-json\/wp\/v2\/types\/product"}],"replies":[{"embeddable":true,"href":"https:\/\/nordicmart.andreevmaster.com\/fi\/wp-json\/wp\/v2\/comments?post=34937"}],"wp:featuredmedia":[{"embeddable":true,"href":"https:\/\/nordicmart.andreevmaster.com\/fi\/wp-json\/wp\/v2\/media\/43538"}],"wp:attachment":[{"href":"https:\/\/nordicmart.andreevmaster.com\/fi\/wp-json\/wp\/v2\/media?parent=34937"}],"wp:term":[{"taxonomy":"product_brand","embeddable":true,"href":"https:\/\/nordicmart.andreevmaster.com\/fi\/wp-json\/wp\/v2\/product_brand?post=34937"},{"taxonomy":"product_cat","embeddable":true,"href":"https:\/\/nordicmart.andreevmaster.com\/fi\/wp-json\/wp\/v2\/product_cat?post=34937"},{"taxonomy":"product_tag","embeddable":true,"href":"https:\/\/nordicmart.andreevmaster.com\/fi\/wp-json\/wp\/v2\/product_tag?post=34937"}],"curies":[{"name":"wp","href":"https:\/\/api.w.org\/{rel}","templated":true}]}}