{"id":34936,"date":"2026-02-27T00:27:49","date_gmt":"2026-02-27T00:27:49","guid":{"rendered":"https:\/\/nordicmart.andreevmaster.com\/product\/songmics-taitettava-jakkara-sailytystilalla-30-x-30-cm-vintagevihrea\/"},"modified":"2026-02-27T09:46:51","modified_gmt":"2026-02-27T09:46:51","slug":"songmics-taitettava-jakkara-sailytystilalla-30-x-30-cm-vintagevihrea","status":"publish","type":"product","link":"https:\/\/nordicmart.andreevmaster.com\/fi\/tuote\/songmics-taitettava-jakkara-sailytystilalla-30-x-30-cm-vintagevihrea\/","title":{"rendered":"SONGMICS taitettava jakkara s\u00e4ilytystilalla 30 x 30 cm vintagevihre\u00e4"},"content":{"rendered":"<p>SONGMICS s\u00e4ilytystilalla varustettu jakkara, taitettava jakkara, jalkatuki, taitettava jakkara, istumakuutio olohuoneeseen, makuuhuoneeseen, 30 x 30 x 30 cm, tummanharmaa LSF028G01<br \/>\nV\u00e4ri: vintage-vihre\u00e4<br \/>\nMateriaali: MDF (keskitihe\u00e4 kuitulevy), keinokangas, 25D eritt\u00e4in joustava vaahtomuovi<br \/>\nKoko: 30 x 30 x 30 cm (S x L x K)<br \/>\nPaino: 1,6 kg<br \/>\nMaks. staattinen kantavuus: 130 kg<br \/>\nTilavuus: 22 litraa<\/p>\n","protected":false},"excerpt":{"rendered":"<p>SONGMICS s\u00e4ilytystilalla varustettu jakkara, taitettava jakkara, jalkatuki, taitettava jakkara, istumakuutio olohuoneeseen, makuuhuoneeseen, 30 x 30 x 30 cm, tummanharmaa LSF028G01<\/p>\n","protected":false},"featured_media":43537,"comment_status":"open","ping_status":"closed","template":"","meta":[],"product_brand":[],"product_cat":[32],"product_tag":[],"class_list":{"0":"post-34936","1":"product","2":"type-product","3":"status-publish","4":"has-post-thumbnail","6":"product_cat-uncategorized-fi","8":"first","9":"instock","10":"shipping-taxable","11":"purchasable","12":"product-type-simple"},"_links":{"self":[{"href":"https:\/\/nordicmart.andreevmaster.com\/fi\/wp-json\/wp\/v2\/product\/34936","targetHints":{"allow":["GET"]}}],"collection":[{"href":"https:\/\/nordicmart.andreevmaster.com\/fi\/wp-json\/wp\/v2\/product"}],"about":[{"href":"https:\/\/nordicmart.andreevmaster.com\/fi\/wp-json\/wp\/v2\/types\/product"}],"replies":[{"embeddable":true,"href":"https:\/\/nordicmart.andreevmaster.com\/fi\/wp-json\/wp\/v2\/comments?post=34936"}],"wp:featuredmedia":[{"embeddable":true,"href":"https:\/\/nordicmart.andreevmaster.com\/fi\/wp-json\/wp\/v2\/media\/43537"}],"wp:attachment":[{"href":"https:\/\/nordicmart.andreevmaster.com\/fi\/wp-json\/wp\/v2\/media?parent=34936"}],"wp:term":[{"taxonomy":"product_brand","embeddable":true,"href":"https:\/\/nordicmart.andreevmaster.com\/fi\/wp-json\/wp\/v2\/product_brand?post=34936"},{"taxonomy":"product_cat","embeddable":true,"href":"https:\/\/nordicmart.andreevmaster.com\/fi\/wp-json\/wp\/v2\/product_cat?post=34936"},{"taxonomy":"product_tag","embeddable":true,"href":"https:\/\/nordicmart.andreevmaster.com\/fi\/wp-json\/wp\/v2\/product_tag?post=34936"}],"curies":[{"name":"wp","href":"https:\/\/api.w.org\/{rel}","templated":true}]}}