{"id":34914,"date":"2026-02-27T00:27:43","date_gmt":"2026-02-27T00:27:43","guid":{"rendered":"https:\/\/nordicmart.andreevmaster.com\/product\/songmics-pyykkikori-4-x-35-l-beige\/"},"modified":"2026-02-27T09:46:47","modified_gmt":"2026-02-27T09:46:47","slug":"songmics-pyykkikori-4-x-35-l-beige","status":"publish","type":"product","link":"https:\/\/nordicmart.andreevmaster.com\/fi\/tuote\/songmics-pyykkikori-4-x-35-l-beige\/","title":{"rendered":"SONGMICS pyykkikori 4 x 35 l beige"},"content":{"rendered":"<p>Pieni ja tilava pyykkikori sopii mihin tahansa huoneeseen, kuten olohuoneeseen, makuuhuoneeseen ja kylpyhuoneeseen. Siihen voi laittaa paitsi pyykki\u00e4 ja pyyhkeit\u00e4 my\u00f6s leluja ja lehti\u00e4. Kromattu metallirunko yhdist\u00e4\u00e4 hyv\u00e4n vakauden suurilla kuormilla ja korkean ruostumattomuuden. Jousilukitteiset tangot mahdollistavat helpon ja aikaa s\u00e4\u00e4st\u00e4v\u00e4n kokoonpanon. Taskut on valmistettu tihe\u00e4st\u00e4 600 D polyesterikankaasta, joka on hengitt\u00e4v\u00e4\u00e4, kulutusta kest\u00e4v\u00e4\u00e4 ja likaa hylkiv\u00e4\u00e4. Asiakasl\u00e4ht\u00f6isen 4-lokeroisen rakenteen ansiosta likapyykin voi lajitella ennen pesua v\u00e4rin, pesul\u00e4mp\u00f6tilan tai materiaalin mukaan.Laukut ovat pest\u00e4vi\u00e4. Lue kuitenkin pesuohjeet ennen pesua. Ne on suojattava kostealta pyykilt\u00e4 ja suoralta auringonvalolta. Kun jokin laukku on t\u00e4ynn\u00e4, voit vied\u00e4 sen muovipinnoitetuilla kahvoilla pesutupaasi, jotta pyykki on helppo pest\u00e4 ja arki sujuu helpommin.Nelj\u00e4n helposti liikkuvan py\u00f6r\u00e4n, joista kaksi on lukittavissa, ansiosta 4-osastoinen pyykkik\u00e4rry liukuu pehme\u00e4sti ja pysyy vakaasti paikallaan. Tekniset tiedot Koko ja\/tai paino: 87,5 x 38,5 x 81 cm Tarvittavat paristot: Ei Tuotteen paino pakkaus mukaan lukien: 4,8 kg<\/p>\n","protected":false},"excerpt":{"rendered":"<p>SONGMICS pyykkikori, pyykkikori 4 irrotettavalla kangaspussilla, pyykkikori py\u00f6rill\u00e4, pyykkis\u00e4ilytys, vakaa, 4 x 35 litraa, musta LSF005<\/p>\n","protected":false},"featured_media":43515,"comment_status":"open","ping_status":"closed","template":"","meta":[],"product_brand":[],"product_cat":[32],"product_tag":[],"class_list":{"0":"post-34914","1":"product","2":"type-product","3":"status-publish","4":"has-post-thumbnail","6":"product_cat-uncategorized-fi","8":"first","9":"instock","10":"shipping-taxable","11":"purchasable","12":"product-type-simple"},"_links":{"self":[{"href":"https:\/\/nordicmart.andreevmaster.com\/fi\/wp-json\/wp\/v2\/product\/34914","targetHints":{"allow":["GET"]}}],"collection":[{"href":"https:\/\/nordicmart.andreevmaster.com\/fi\/wp-json\/wp\/v2\/product"}],"about":[{"href":"https:\/\/nordicmart.andreevmaster.com\/fi\/wp-json\/wp\/v2\/types\/product"}],"replies":[{"embeddable":true,"href":"https:\/\/nordicmart.andreevmaster.com\/fi\/wp-json\/wp\/v2\/comments?post=34914"}],"wp:featuredmedia":[{"embeddable":true,"href":"https:\/\/nordicmart.andreevmaster.com\/fi\/wp-json\/wp\/v2\/media\/43515"}],"wp:attachment":[{"href":"https:\/\/nordicmart.andreevmaster.com\/fi\/wp-json\/wp\/v2\/media?parent=34914"}],"wp:term":[{"taxonomy":"product_brand","embeddable":true,"href":"https:\/\/nordicmart.andreevmaster.com\/fi\/wp-json\/wp\/v2\/product_brand?post=34914"},{"taxonomy":"product_cat","embeddable":true,"href":"https:\/\/nordicmart.andreevmaster.com\/fi\/wp-json\/wp\/v2\/product_cat?post=34914"},{"taxonomy":"product_tag","embeddable":true,"href":"https:\/\/nordicmart.andreevmaster.com\/fi\/wp-json\/wp\/v2\/product_tag?post=34914"}],"curies":[{"name":"wp","href":"https:\/\/api.w.org\/{rel}","templated":true}]}}