{"id":34913,"date":"2026-02-27T00:27:43","date_gmt":"2026-02-27T00:27:43","guid":{"rendered":"https:\/\/nordicmart.andreevmaster.com\/product\/songmics-pyykkikori-4-x-35-l-harmaa\/"},"modified":"2026-02-27T09:46:47","modified_gmt":"2026-02-27T09:46:47","slug":"songmics-pyykkikori-4-x-35-l-harmaa","status":"publish","type":"product","link":"https:\/\/nordicmart.andreevmaster.com\/fi\/tuote\/songmics-pyykkikori-4-x-35-l-harmaa\/","title":{"rendered":"SONGMICS pyykkikori 4 x 35 l, harmaa"},"content":{"rendered":"<p>Mitk\u00e4 ovat SONGMICS-pyykkik\u00e4rryn edut? Korkea laatu: jauhemaalatusta metalliputkesta valmistettu pyykkik\u00e4rry on vakaa ja kest\u00e4v\u00e4, joten se palvelee sinua monien vuosien ajan. Taskut on valmistettu 600D-polyesterist\u00e4, joka on kest\u00e4v\u00e4\u00e4 ja kulutusta kest\u00e4v\u00e4\u00e4. T\u00dcV Rheinlandin testiss\u00e4, jossa kankaan sis\u00e4lt\u00f6 tiettyjen EU:n REACH-asetuksen liitteess\u00e4 XVII mainittujen kemikaalien osalta tarkastettiin, pyykkikoriin k\u00e4ytetyt kangaskassit l\u00e4p\u00e4isiv\u00e4t testin (raportti nro: 1160038907a-001). Ker\u00e4\u00e4 pyykit nopeasti: Nelj\u00e4n raskaiden kuormien py\u00f6r\u00e4n ansiosta voit rullata t\u00e4m\u00e4n pyykkik\u00e4rryn huoneesta toiseen ja laittaa vaatteesi, liinavaatteesi jne. kasseihin. Lajittele likainen pyykki: Nelj\u00e4n erillisen kangaskassin avulla voit lajitella pyykkisi v\u00e4rien tai materiaalien mukaan, joten sinun ei tarvitse huolehtia siit\u00e4, ett\u00e4 vaaleat pyykit v\u00e4rj\u00e4ytyv\u00e4t tummien pyykkien vuoksi. Lis\u00e4ksi hienopesusi eiv\u00e4t joudu samaan koriin hikisten kuntosalivaatteiden kanssa. T\u00e4m\u00e4n pyykkikorin ansiosta pyykkip\u00e4iv\u00e4 on lastenleikki\u00e4! Tuotetiedot: V\u00e4ri: harmaa Materiaali: jauhemaalatut rautaputket, 600D polyesteri, nailonpy\u00f6r\u00e4t Kokonaiskoko: 87,5 x 38,5 x (67-81) cm (P x L x K) Paino: 4,5 kg Toimitus sis\u00e4lt\u00e4\u00e4: 1 x pyykkikori 4 kangaspussilla 1 x pussi lis\u00e4varusteilla 1 x ohjeet (DE, EN, ES, FR, IT)<\/p>\n","protected":false},"excerpt":{"rendered":"<p>SONGMICS pyykkikori, pyykkikori 4 irrotettavalla kangaspussilla, pyykkikori py\u00f6rill\u00e4, pyykkis\u00e4ilytys, vakaa, 4 x 35 litraa, musta LSF005<\/p>\n","protected":false},"featured_media":43514,"comment_status":"open","ping_status":"closed","template":"","meta":[],"product_brand":[],"product_cat":[32],"product_tag":[],"class_list":{"0":"post-34913","1":"product","2":"type-product","3":"status-publish","4":"has-post-thumbnail","6":"product_cat-uncategorized-fi","8":"first","9":"instock","10":"shipping-taxable","11":"purchasable","12":"product-type-simple"},"_links":{"self":[{"href":"https:\/\/nordicmart.andreevmaster.com\/fi\/wp-json\/wp\/v2\/product\/34913","targetHints":{"allow":["GET"]}}],"collection":[{"href":"https:\/\/nordicmart.andreevmaster.com\/fi\/wp-json\/wp\/v2\/product"}],"about":[{"href":"https:\/\/nordicmart.andreevmaster.com\/fi\/wp-json\/wp\/v2\/types\/product"}],"replies":[{"embeddable":true,"href":"https:\/\/nordicmart.andreevmaster.com\/fi\/wp-json\/wp\/v2\/comments?post=34913"}],"wp:featuredmedia":[{"embeddable":true,"href":"https:\/\/nordicmart.andreevmaster.com\/fi\/wp-json\/wp\/v2\/media\/43514"}],"wp:attachment":[{"href":"https:\/\/nordicmart.andreevmaster.com\/fi\/wp-json\/wp\/v2\/media?parent=34913"}],"wp:term":[{"taxonomy":"product_brand","embeddable":true,"href":"https:\/\/nordicmart.andreevmaster.com\/fi\/wp-json\/wp\/v2\/product_brand?post=34913"},{"taxonomy":"product_cat","embeddable":true,"href":"https:\/\/nordicmart.andreevmaster.com\/fi\/wp-json\/wp\/v2\/product_cat?post=34913"},{"taxonomy":"product_tag","embeddable":true,"href":"https:\/\/nordicmart.andreevmaster.com\/fi\/wp-json\/wp\/v2\/product_tag?post=34913"}],"curies":[{"name":"wp","href":"https:\/\/api.w.org\/{rel}","templated":true}]}}