{"id":34912,"date":"2026-02-27T00:27:43","date_gmt":"2026-02-27T00:27:43","guid":{"rendered":"https:\/\/nordicmart.andreevmaster.com\/product\/songmics-pyykkilaatikko-4-lokeroa-musta\/"},"modified":"2026-02-27T09:46:47","modified_gmt":"2026-02-27T09:46:47","slug":"songmics-pyykkilaatikko-4-lokeroa-musta","status":"publish","type":"product","link":"https:\/\/nordicmart.andreevmaster.com\/fi\/tuote\/songmics-pyykkilaatikko-4-lokeroa-musta\/","title":{"rendered":"SONGMICS pyykkilaatikko, 4 lokeroa, musta"},"content":{"rendered":"<p>Tyylik\u00e4s ja trendik\u00e4s pyykkikori on ihanteellinen pyykin s\u00e4ilytt\u00e4miseen ja lajitteluun ennen pesua! Py\u00f6rill\u00e4 varustettu pyykkikori on valmistettu tukevasta metallirungosta ja paksusta, kest\u00e4vist\u00e4 600D-polyesterikankaasta. Py\u00f6r\u00e4t ovat erityisen paksut (22 mm) ja antavat rungolle hyv\u00e4n vakauden. Vankat koukut sopivat pyykin mukavaan kuljettamiseen. Nelj\u00e4n k\u00e4yt\u00e4nn\u00f6llisen lokeron, joiden tilavuus on 32 litraa kukin, ansiosta pyykki on helppo lajitella. Olipa se keitti\u00f6ss\u00e4, kylpyhuoneessa tai makuuhuoneessa, se ei ole koskaan tiell\u00e4 nelj\u00e4n py\u00f6r\u00e4ns\u00e4 ansiosta ja sopii my\u00f6s kapeisiin tiloihin yksinkertaisen ja hoikan muotoilunsa ansiosta. Kun ker\u00e4\u00e4j\u00e4\u00e4 ei k\u00e4ytet\u00e4, se voidaan taittaa kokoon ja s\u00e4ilytt\u00e4\u00e4 tilaa s\u00e4\u00e4st\u00e4en. Tuotetiedot: &#8211; Rungon materiaali: rautaputki + muovip\u00e4\u00e4llyste &#8211; Pyykkihuovan materiaali: 100 % polyesteri 600 D &#8211; Tuotteen mitat: korkeus: 67 cm (edess\u00e4) &#8211; 81 cm (takana) ; Pituus: 87,5 cm ; Leveys: 38,5 cm &#8211; Pussin mitat: Korkeus: 44,5 cm (edess\u00e4) &#8211; 57,5 cm (takana) ; Pituus: 36 cm ; Leveys: 21 cm &#8211; V\u00e4ri: musta &#8211; Pakkauksen mitat: 44 x 10 x 33 cm (L x K x S) &#8211; Paino: 4,74 kg Toimitus sis\u00e4lt\u00e4\u00e4:  &#8211; 1 x pyykkik\u00e4rry &#8211; 1 x k\u00e4ytt\u00f6ohje (DE, FR, EN, IT, ES)<\/p>\n","protected":false},"excerpt":{"rendered":"<p>SONGMICS pyykkikori, pyykkikori 4 irrotettavalla kangaspussilla, pyykkikori py\u00f6rill\u00e4, pyykkis\u00e4ilytys, vakaa, 4 x 35 litraa, musta LSF005<\/p>\n","protected":false},"featured_media":0,"comment_status":"open","ping_status":"closed","template":"","meta":[],"product_brand":[],"product_cat":[32],"product_tag":[],"class_list":{"0":"post-34912","1":"product","2":"type-product","3":"status-publish","5":"product_cat-uncategorized-fi","7":"first","8":"instock","9":"shipping-taxable","10":"purchasable","11":"product-type-simple"},"_links":{"self":[{"href":"https:\/\/nordicmart.andreevmaster.com\/fi\/wp-json\/wp\/v2\/product\/34912","targetHints":{"allow":["GET"]}}],"collection":[{"href":"https:\/\/nordicmart.andreevmaster.com\/fi\/wp-json\/wp\/v2\/product"}],"about":[{"href":"https:\/\/nordicmart.andreevmaster.com\/fi\/wp-json\/wp\/v2\/types\/product"}],"replies":[{"embeddable":true,"href":"https:\/\/nordicmart.andreevmaster.com\/fi\/wp-json\/wp\/v2\/comments?post=34912"}],"wp:attachment":[{"href":"https:\/\/nordicmart.andreevmaster.com\/fi\/wp-json\/wp\/v2\/media?parent=34912"}],"wp:term":[{"taxonomy":"product_brand","embeddable":true,"href":"https:\/\/nordicmart.andreevmaster.com\/fi\/wp-json\/wp\/v2\/product_brand?post=34912"},{"taxonomy":"product_cat","embeddable":true,"href":"https:\/\/nordicmart.andreevmaster.com\/fi\/wp-json\/wp\/v2\/product_cat?post=34912"},{"taxonomy":"product_tag","embeddable":true,"href":"https:\/\/nordicmart.andreevmaster.com\/fi\/wp-json\/wp\/v2\/product_tag?post=34912"}],"curies":[{"name":"wp","href":"https:\/\/api.w.org\/{rel}","templated":true}]}}