{"id":34907,"date":"2026-02-27T00:27:41","date_gmt":"2026-02-27T00:27:41","guid":{"rendered":"https:\/\/nordicmart.andreevmaster.com\/product\/songmics-pyykkikori-3-lokeroa-2-kpl-pyykkikori-pyorilla-harmaa\/"},"modified":"2026-02-27T09:46:46","modified_gmt":"2026-02-27T09:46:46","slug":"songmics-pyykkikori-3-lokeroa-2-kpl-pyykkikori-pyorilla-harmaa","status":"publish","type":"product","link":"https:\/\/nordicmart.andreevmaster.com\/fi\/tuote\/songmics-pyykkikori-3-lokeroa-2-kpl-pyykkikori-pyorilla-harmaa\/","title":{"rendered":"SONGMICS pyykkikori 3 lokeroa, 2 kpl, pyykkikori py\u00f6rill\u00e4, harmaa"},"content":{"rendered":"<p>Tuotetiedot:<br \/>\nV\u00e4ri: harmaa<br \/>\nMateriaali: jauhemaalatut ter\u00e4sputket, 600D polyesterikangaskassit, nailonpy\u00f6r\u00e4t<br \/>\nKoko per pyykkikorin: 77 x 41 x 81,5 cm (P x L x K)<br \/>\nKoko per tasku: 34 x 24 x 55 cm (P x L x K)<br \/>\nPaino per pyykkis\u00e4ilytyslaite: 4,7 kg<br \/>\nPyykkis\u00e4il\u00f6n maksimaalinen staattinen kokonaiskuormitus: 30 kg<br \/>\nToimitus sis\u00e4lt\u00e4\u00e4<br \/>\n2 x pyykkik\u00e4rry 3 lokerolla<br \/>\n2 x lis\u00e4varustepaketti<br \/>\n2 x k\u00e4ytt\u00f6ohje<br \/>\nSONGMICS-ohjeet:<br \/>\n\u00c4l\u00e4 s\u00e4ilyt\u00e4 ter\u00e4vi\u00e4 esineit\u00e4 t\u00e4ss\u00e4 pyykkikorissa vahingoittumisen tai loukkaantumisen v\u00e4ltt\u00e4miseksi.<br \/>\nSuurin staattinen kantavuus on 30 kg. \u00c4l\u00e4 s\u00e4ilyt\u00e4 painavampia esineit\u00e4 t\u00e4ss\u00e4 pyykkikorissa.<\/p>\n","protected":false},"excerpt":{"rendered":"<p>SONGMICS pyykkikori, pyykkikori 3 irrotettavalla kangaspussilla, pyykkikori py\u00f6rill\u00e4, pyykkis\u00e4ilytys, vakaa, 3 x 44 litraa, beige LSF003S<\/p>\n","protected":false},"featured_media":43509,"comment_status":"open","ping_status":"closed","template":"","meta":[],"product_brand":[],"product_cat":[32],"product_tag":[],"class_list":{"0":"post-34907","1":"product","2":"type-product","3":"status-publish","4":"has-post-thumbnail","6":"product_cat-uncategorized-fi","8":"first","9":"instock","10":"shipping-taxable","11":"purchasable","12":"product-type-simple"},"_links":{"self":[{"href":"https:\/\/nordicmart.andreevmaster.com\/fi\/wp-json\/wp\/v2\/product\/34907","targetHints":{"allow":["GET"]}}],"collection":[{"href":"https:\/\/nordicmart.andreevmaster.com\/fi\/wp-json\/wp\/v2\/product"}],"about":[{"href":"https:\/\/nordicmart.andreevmaster.com\/fi\/wp-json\/wp\/v2\/types\/product"}],"replies":[{"embeddable":true,"href":"https:\/\/nordicmart.andreevmaster.com\/fi\/wp-json\/wp\/v2\/comments?post=34907"}],"wp:featuredmedia":[{"embeddable":true,"href":"https:\/\/nordicmart.andreevmaster.com\/fi\/wp-json\/wp\/v2\/media\/43509"}],"wp:attachment":[{"href":"https:\/\/nordicmart.andreevmaster.com\/fi\/wp-json\/wp\/v2\/media?parent=34907"}],"wp:term":[{"taxonomy":"product_brand","embeddable":true,"href":"https:\/\/nordicmart.andreevmaster.com\/fi\/wp-json\/wp\/v2\/product_brand?post=34907"},{"taxonomy":"product_cat","embeddable":true,"href":"https:\/\/nordicmart.andreevmaster.com\/fi\/wp-json\/wp\/v2\/product_cat?post=34907"},{"taxonomy":"product_tag","embeddable":true,"href":"https:\/\/nordicmart.andreevmaster.com\/fi\/wp-json\/wp\/v2\/product_tag?post=34907"}],"curies":[{"name":"wp","href":"https:\/\/api.w.org\/{rel}","templated":true}]}}