{"id":34905,"date":"2026-02-27T00:27:41","date_gmt":"2026-02-27T00:27:41","guid":{"rendered":"https:\/\/nordicmart.andreevmaster.com\/product\/songmics-pyykkikori-3-x-44-l-musta\/"},"modified":"2026-02-27T09:46:45","modified_gmt":"2026-02-27T09:46:45","slug":"songmics-pyykkikori-3-x-44-l-musta","status":"publish","type":"product","link":"https:\/\/nordicmart.andreevmaster.com\/fi\/tuote\/songmics-pyykkikori-3-x-44-l-musta\/","title":{"rendered":"SONGMICS pyykkikori 3 x 44 l musta"},"content":{"rendered":"<p>Yleens\u00e4 kest\u00e4\u00e4 liian kauan, ennen kuin tummaa ja vaaleaa pyykki\u00e4 kertyy riitt\u00e4v\u00e4 m\u00e4\u00e4r\u00e4. Etk\u00f6 ole viel\u00e4 l\u00f6yt\u00e4nyt t\u00e4ydellist\u00e4 s\u00e4ilytysastiaa, joka olisi eritt\u00e4in tilava ja lajiteltavissa, jotta likainen pyykki voidaan ker\u00e4t\u00e4 erill\u00e4\u00e4n ja siististi? Songmicsin eritt\u00e4in tilava pyykkikori, jossa on 3 taskua pyykin tehokkaaseen j\u00e4rjest\u00e4miseen, voi poistaa rumat pyykkipinot lattialta. Pieni ja tilava pyykkikori sopii jokaiseen huoneeseen, kuten olohuoneeseen, makuuhuoneeseen ja kylpyhuoneeseen. siihen voi laittaa paitsi pyykki\u00e4 ja pyyhkeit\u00e4 my\u00f6s leluja ja lehti\u00e4. Huomautukset: &#8211; Lue hoito-ohjeet ennen pyykkipussien pesua. \u00c4l\u00e4 laita m\u00e4rk\u00e4\u00e4 pyykki\u00e4 pusseihin. Suojaa tuote korkeilta l\u00e4mp\u00f6tiloilta ja suoralta auringonvalolta.- Pyykkipussit voivat tuoksua &#8221;uudelta&#8221; avattaessa. Tuoksu h\u00e4vi\u00e4\u00e4 pesun ja tuuletuksen j\u00e4lkeen. Metallirunko, sivuputki \u00d8 22 mm, keskiputki \u00d8 19 mm. T\u00e4m\u00e4 tukeva pyykkik\u00e4rry, joka on rakennettu vahvistetuista tangoista, yhdist\u00e4\u00e4 hyv\u00e4n vakauden suurilla kuormilla ja korkean ruostumattomuuden. Jousilukitteiset tangot mahdollistavat helpon ja aikaa s\u00e4\u00e4st\u00e4v\u00e4n kokoonpanon. Alempi runko kiinnitet\u00e4\u00e4n 3 poikkitangolla, mik\u00e4 tekee koko vaunusta tukevan ja vakaa. Tuotetiedot: &#8211; Materiaali: jauhemaalattu rautaputki, pussi 600 D polyesteria, Py\u00f6r\u00e4t &#8211; V\u00e4ri: musta &#8211; Tuotteen mitat: 77 x 81,5 x 41 cm (L x K x S) &#8211; S\u00e4kki: 34 x 55 x 24 cm (L x K x S) &#8211; Nettopaino: 4,7 kg &#8211; Bruttopaino: 5,0 kg<\/p>\n","protected":false},"excerpt":{"rendered":"<p>SONGMICS pyykkikori, pyykkikori 3 irrotettavalla kangaspussilla, pyykkikori py\u00f6rill\u00e4, pyykkis\u00e4ilytys, vakaa, 3 x 44 litraa, beige LSF003S<\/p>\n","protected":false},"featured_media":43507,"comment_status":"open","ping_status":"closed","template":"","meta":[],"product_brand":[],"product_cat":[32],"product_tag":[],"class_list":{"0":"post-34905","1":"product","2":"type-product","3":"status-publish","4":"has-post-thumbnail","6":"product_cat-uncategorized-fi","8":"first","9":"instock","10":"shipping-taxable","11":"purchasable","12":"product-type-simple"},"_links":{"self":[{"href":"https:\/\/nordicmart.andreevmaster.com\/fi\/wp-json\/wp\/v2\/product\/34905","targetHints":{"allow":["GET"]}}],"collection":[{"href":"https:\/\/nordicmart.andreevmaster.com\/fi\/wp-json\/wp\/v2\/product"}],"about":[{"href":"https:\/\/nordicmart.andreevmaster.com\/fi\/wp-json\/wp\/v2\/types\/product"}],"replies":[{"embeddable":true,"href":"https:\/\/nordicmart.andreevmaster.com\/fi\/wp-json\/wp\/v2\/comments?post=34905"}],"wp:featuredmedia":[{"embeddable":true,"href":"https:\/\/nordicmart.andreevmaster.com\/fi\/wp-json\/wp\/v2\/media\/43507"}],"wp:attachment":[{"href":"https:\/\/nordicmart.andreevmaster.com\/fi\/wp-json\/wp\/v2\/media?parent=34905"}],"wp:term":[{"taxonomy":"product_brand","embeddable":true,"href":"https:\/\/nordicmart.andreevmaster.com\/fi\/wp-json\/wp\/v2\/product_brand?post=34905"},{"taxonomy":"product_cat","embeddable":true,"href":"https:\/\/nordicmart.andreevmaster.com\/fi\/wp-json\/wp\/v2\/product_cat?post=34905"},{"taxonomy":"product_tag","embeddable":true,"href":"https:\/\/nordicmart.andreevmaster.com\/fi\/wp-json\/wp\/v2\/product_tag?post=34905"}],"curies":[{"name":"wp","href":"https:\/\/api.w.org\/{rel}","templated":true}]}}