{"id":34900,"date":"2026-02-27T00:27:40","date_gmt":"2026-02-27T00:27:40","guid":{"rendered":"https:\/\/nordicmart.andreevmaster.com\/product\/vasagle-siirrettava-sivupoyta-pyorilla-ja-juomatelineilla\/"},"modified":"2026-02-27T09:46:44","modified_gmt":"2026-02-27T09:46:44","slug":"vasagle-siirrettava-sivupoyta-pyorilla-ja-juomatelineilla","status":"publish","type":"product","link":"https:\/\/nordicmart.andreevmaster.com\/fi\/tuote\/vasagle-siirrettava-sivupoyta-pyorilla-ja-juomatelineilla\/","title":{"rendered":"VASAGLE Siirrett\u00e4v\u00e4 sivup\u00f6yt\u00e4 py\u00f6rill\u00e4 ja juomatelineill\u00e4"},"content":{"rendered":"<p>VASAGLE sivup\u00f6yt\u00e4 py\u00f6rill\u00e4, siirrett\u00e4v\u00e4 seisomap\u00f6yt\u00e4, 70 x 40 cm:n p\u00f6yt\u00e4levy, s\u00e4\u00e4dett\u00e4v\u00e4 korkeus, 2 juomatelineet, aukko matkapuhelimelle tai tabletille, pilvinen valkoinen LSD600W01<br \/>\nV\u00e4ri: pilvinen valkoinen<br \/>\nMateriaali: ter\u00e4s, puulevy, muovi<br \/>\nKoko: 70 x 40 x (65-102) cm (L x S x K)<br \/>\nPaino: 10,1 kg<br \/>\nMaks. staattinen kantavuus: 20 kg<\/p>\n","protected":false},"excerpt":{"rendered":"<p>VASAGLE sivup\u00f6yt\u00e4 py\u00f6rill\u00e4, siirrett\u00e4v\u00e4 seisomap\u00f6yt\u00e4, 70 x 40 cm:n p\u00f6yt\u00e4levy, s\u00e4\u00e4dett\u00e4v\u00e4 korkeus, 2 juomatelineet, aukko matkapuhelimelle tai tabletille, pilvinen valkoinen LSD600W01<\/p>\n","protected":false},"featured_media":43502,"comment_status":"open","ping_status":"closed","template":"","meta":[],"product_brand":[],"product_cat":[32],"product_tag":[],"class_list":{"0":"post-34900","1":"product","2":"type-product","3":"status-publish","4":"has-post-thumbnail","6":"product_cat-uncategorized-fi","8":"first","9":"instock","10":"shipping-taxable","11":"purchasable","12":"product-type-simple"},"_links":{"self":[{"href":"https:\/\/nordicmart.andreevmaster.com\/fi\/wp-json\/wp\/v2\/product\/34900","targetHints":{"allow":["GET"]}}],"collection":[{"href":"https:\/\/nordicmart.andreevmaster.com\/fi\/wp-json\/wp\/v2\/product"}],"about":[{"href":"https:\/\/nordicmart.andreevmaster.com\/fi\/wp-json\/wp\/v2\/types\/product"}],"replies":[{"embeddable":true,"href":"https:\/\/nordicmart.andreevmaster.com\/fi\/wp-json\/wp\/v2\/comments?post=34900"}],"wp:featuredmedia":[{"embeddable":true,"href":"https:\/\/nordicmart.andreevmaster.com\/fi\/wp-json\/wp\/v2\/media\/43502"}],"wp:attachment":[{"href":"https:\/\/nordicmart.andreevmaster.com\/fi\/wp-json\/wp\/v2\/media?parent=34900"}],"wp:term":[{"taxonomy":"product_brand","embeddable":true,"href":"https:\/\/nordicmart.andreevmaster.com\/fi\/wp-json\/wp\/v2\/product_brand?post=34900"},{"taxonomy":"product_cat","embeddable":true,"href":"https:\/\/nordicmart.andreevmaster.com\/fi\/wp-json\/wp\/v2\/product_cat?post=34900"},{"taxonomy":"product_tag","embeddable":true,"href":"https:\/\/nordicmart.andreevmaster.com\/fi\/wp-json\/wp\/v2\/product_tag?post=34900"}],"curies":[{"name":"wp","href":"https:\/\/api.w.org\/{rel}","templated":true}]}}