{"id":34890,"date":"2026-02-27T00:27:37","date_gmt":"2026-02-27T00:27:37","guid":{"rendered":"https:\/\/nordicmart.andreevmaster.com\/product\/vasagle-kirjoituspoyta-korkeussaadettava-ja-sahkoinen-pilvinen-valkoinen\/"},"modified":"2026-02-27T09:46:43","modified_gmt":"2026-02-27T09:46:43","slug":"vasagle-kirjoituspoyta-korkeussaadettava-ja-sahkoinen-pilvinen-valkoinen","status":"publish","type":"product","link":"https:\/\/nordicmart.andreevmaster.com\/fi\/tuote\/vasagle-kirjoituspoyta-korkeussaadettava-ja-sahkoinen-pilvinen-valkoinen\/","title":{"rendered":"VASAGLE-kirjoitusp\u00f6yt\u00e4 Korkeuss\u00e4\u00e4dett\u00e4v\u00e4 ja s\u00e4hk\u00f6inen pilvinen valkoinen"},"content":{"rendered":"<p>VASAGLE S\u00e4hk\u00f6isesti korkeuss\u00e4\u00e4dett\u00e4v\u00e4 ty\u00f6p\u00f6yt\u00e4, 60 x 140 x (72-120) cm, portaattomasti s\u00e4\u00e4dett\u00e4v\u00e4, monitoritelineell\u00e4, koukulla, muistitoiminnolla<br \/>\nV\u00e4ri: pilvinen valkoinen<br \/>\nMateriaali: lastulevy, ter\u00e4s, Oxford-kangas<br \/>\nKoko: 60 x 140 x (72-120) cm (S x L x K)<br \/>\nPaino: 33,4 kg<br \/>\nMaks. staattinen kokonaiskuormitus: 80 kg<\/p>\n","protected":false},"excerpt":{"rendered":"<p>VASAGLE S\u00e4hk\u00f6isesti korkeuss\u00e4\u00e4dett\u00e4v\u00e4 ty\u00f6p\u00f6yt\u00e4, 60 x 140 x (72-120) cm, portaattomasti s\u00e4\u00e4dett\u00e4v\u00e4, monitoritelineell\u00e4, koukulla, muistitoiminnolla<\/p>\n","protected":false},"featured_media":0,"comment_status":"open","ping_status":"closed","template":"","meta":[],"product_brand":[],"product_cat":[32],"product_tag":[],"class_list":{"0":"post-34890","1":"product","2":"type-product","3":"status-publish","5":"product_cat-uncategorized-fi","7":"first","8":"instock","9":"shipping-taxable","10":"purchasable","11":"product-type-simple"},"_links":{"self":[{"href":"https:\/\/nordicmart.andreevmaster.com\/fi\/wp-json\/wp\/v2\/product\/34890","targetHints":{"allow":["GET"]}}],"collection":[{"href":"https:\/\/nordicmart.andreevmaster.com\/fi\/wp-json\/wp\/v2\/product"}],"about":[{"href":"https:\/\/nordicmart.andreevmaster.com\/fi\/wp-json\/wp\/v2\/types\/product"}],"replies":[{"embeddable":true,"href":"https:\/\/nordicmart.andreevmaster.com\/fi\/wp-json\/wp\/v2\/comments?post=34890"}],"wp:attachment":[{"href":"https:\/\/nordicmart.andreevmaster.com\/fi\/wp-json\/wp\/v2\/media?parent=34890"}],"wp:term":[{"taxonomy":"product_brand","embeddable":true,"href":"https:\/\/nordicmart.andreevmaster.com\/fi\/wp-json\/wp\/v2\/product_brand?post=34890"},{"taxonomy":"product_cat","embeddable":true,"href":"https:\/\/nordicmart.andreevmaster.com\/fi\/wp-json\/wp\/v2\/product_cat?post=34890"},{"taxonomy":"product_tag","embeddable":true,"href":"https:\/\/nordicmart.andreevmaster.com\/fi\/wp-json\/wp\/v2\/product_tag?post=34890"}],"curies":[{"name":"wp","href":"https:\/\/api.w.org\/{rel}","templated":true}]}}