{"id":34884,"date":"2026-02-27T00:27:35","date_gmt":"2026-02-27T00:27:35","guid":{"rendered":"https:\/\/nordicmart.andreevmaster.com\/product\/korkeussaadettava-tyopoyta-sahkotoiminen-lastulevy-teras-oxford-kangas-tammi-luonnonvari-140-cm-2\/"},"modified":"2026-02-27T09:46:41","modified_gmt":"2026-02-27T09:46:41","slug":"korkeussaadettava-tyopoyta-sahkotoiminen-lastulevy-teras-oxford-kangas-tammi-luonnonvari-140-cm-2","status":"publish","type":"product","link":"https:\/\/nordicmart.andreevmaster.com\/fi\/tuote\/korkeussaadettava-tyopoyta-sahkotoiminen-lastulevy-teras-oxford-kangas-tammi-luonnonvari-140-cm-2\/","title":{"rendered":"Korkeuss\u00e4\u00e4dett\u00e4v\u00e4 ty\u00f6p\u00f6yt\u00e4 s\u00e4hk\u00f6toiminen, lastulevy, ter\u00e4s, Oxford-kangas, tammi luonnonv\u00e4ri, 140 cm."},"content":{"rendered":"<p>[Monitoimis\u00e4\u00e4din] Yl\u00f6s- ja alas-painikkeilla voit s\u00e4\u00e4t\u00e4\u00e4 p\u00f6yd\u00e4n rungon korkeutta 72-120 cm v\u00e4lill\u00e4; muistitoiminnon ansiosta voit tallentaa 4 haluamaasi korkeutta; p\u00f6yd\u00e4ss\u00e4 on my\u00f6s USB-portti matkapuhelimen lataamista varten.[J\u00e4rjest\u00e4j\u00e4 ja koukut sivuilla] Vasemmalle tai oikealle vaihdettava kangasj\u00e4rjest\u00e4j\u00e4 kirjoille ja paperitavaroille, toinen kaksoiskoukku kuulokkeille ja laukuille. Mik\u00e4\u00e4n ei edist\u00e4 keskittymist\u00e4 enemm\u00e4n kuin siisti ty\u00f6p\u00f6yt\u00e4!<\/p>\n<p>[T\u00f6rm\u00e4yssuojaus] Turvallisuussyist\u00e4 korkeuss\u00e4\u00e4t\u00f6mekanismi pys\u00e4ytt\u00e4\u00e4 ja vet\u00e4\u00e4 korkeuss\u00e4\u00e4dett\u00e4v\u00e4n p\u00f6yt\u00e4jalustan s\u00e4hk\u00f6isesti hieman sis\u00e4\u00e4n, kun se t\u00f6rm\u00e4\u00e4 kovaan esteeseen ajon aikana<\/p>\n<p>[Vakaa &#038; hiljainen] Kaksinkertaisten tukitankojen, ter\u00e4sjalkojen ja s\u00e4\u00e4dett\u00e4vien jalkojen, jotka voidaan korvata nelj\u00e4ll\u00e4 py\u00f6r\u00e4ll\u00e4, ansiosta p\u00f6yt\u00e4 on vakaa ja kest\u00e4\u00e4 jopa 80 kg; sen melutaso on my\u00f6s alhainen korkeutta s\u00e4\u00e4dett\u00e4ess\u00e4.[Mit\u00e4 saat] Korkeuss\u00e4\u00e4dett\u00e4v\u00e4 p\u00f6yt\u00e4, jossa on selke\u00e4t ohjeet ja merkittyj\u00e4 osia helppoa kokoamista varten, hylly virtalevylle ja 2 reik\u00e4\u00e4 kaapelin reitityst\u00e4 varten, jotka takaavat siistin kaapelinhallinnan.<\/p>\n<p>Tuotetiedot:<br \/>\n&#8211; V\u00e4ri: Luonnollinen tammi<br \/>\n&#8211; Materiaali: lastulevy, ter\u00e4s, Oxford-kangas<br \/>\n&#8211; Koko: 60D x 160W x 120H cm (S x L x K)<br \/>\npaino: 32 kg<br \/>\n&#8211; Suurin staattinen kokonaiskuormitettavuus: 80 kg<\/p>\n<p>Mit\u00e4 saat:<br \/>\n&#8211; 1 x ty\u00f6p\u00f6yt\u00e4<br \/>\n&#8211; 1 x sovitin.- 1 x ohjain<br \/>\n&#8211; 2 x koukut.<br \/>\n&#8211; 1 x tarvikepakkaus.<br \/>\n&#8211; 1 x ohjeet<\/p>\n","protected":false},"excerpt":{"rendered":"<p>[Monitoimis\u00e4\u00e4din] Yl\u00f6s- ja alas-painikkeilla voit s\u00e4\u00e4t\u00e4\u00e4 p\u00f6yd\u00e4n rungon korkeutta 72-120 cm v\u00e4lill\u00e4; muistitoiminnon ansiosta voit tallentaa 4 haluamaasi korkeutta; p\u00f6yd\u00e4ss\u00e4 on my\u00f6s USB-portti matkapuhelimen lataamista varten.[J\u00e4rjest\u00e4j\u00e4 ja koukut sivuilla] Vasemmalle tai oikealle vaihdettava kangasj\u00e4rjest\u00e4j\u00e4 kirjoille ja paperitavaroille, toinen kaksoiskoukku kuulokkeille ja laukuille. Mik\u00e4\u00e4n ei edist\u00e4 keskittymist\u00e4 enemm\u00e4n kuin siisti ty\u00f6p\u00f6yt\u00e4! [T\u00f6rm\u00e4yssuojaus] Turvallisuussyist\u00e4 korkeuss\u00e4\u00e4t\u00f6mekanismi pys\u00e4ytt\u00e4\u00e4 ja [&hellip;]<\/p>\n","protected":false},"featured_media":0,"comment_status":"open","ping_status":"closed","template":"","meta":[],"product_brand":[],"product_cat":[32],"product_tag":[],"class_list":{"0":"post-34884","1":"product","2":"type-product","3":"status-publish","5":"product_cat-uncategorized-fi","7":"first","8":"instock","9":"shipping-taxable","10":"product-type-simple"},"_links":{"self":[{"href":"https:\/\/nordicmart.andreevmaster.com\/fi\/wp-json\/wp\/v2\/product\/34884","targetHints":{"allow":["GET"]}}],"collection":[{"href":"https:\/\/nordicmart.andreevmaster.com\/fi\/wp-json\/wp\/v2\/product"}],"about":[{"href":"https:\/\/nordicmart.andreevmaster.com\/fi\/wp-json\/wp\/v2\/types\/product"}],"replies":[{"embeddable":true,"href":"https:\/\/nordicmart.andreevmaster.com\/fi\/wp-json\/wp\/v2\/comments?post=34884"}],"wp:attachment":[{"href":"https:\/\/nordicmart.andreevmaster.com\/fi\/wp-json\/wp\/v2\/media?parent=34884"}],"wp:term":[{"taxonomy":"product_brand","embeddable":true,"href":"https:\/\/nordicmart.andreevmaster.com\/fi\/wp-json\/wp\/v2\/product_brand?post=34884"},{"taxonomy":"product_cat","embeddable":true,"href":"https:\/\/nordicmart.andreevmaster.com\/fi\/wp-json\/wp\/v2\/product_cat?post=34884"},{"taxonomy":"product_tag","embeddable":true,"href":"https:\/\/nordicmart.andreevmaster.com\/fi\/wp-json\/wp\/v2\/product_tag?post=34884"}],"curies":[{"name":"wp","href":"https:\/\/api.w.org\/{rel}","templated":true}]}}