{"id":34878,"date":"2026-02-27T00:27:34","date_gmt":"2026-02-27T00:27:34","guid":{"rendered":"https:\/\/nordicmart.andreevmaster.com\/product\/songmics-sahkoisesti-korkeussaadettava-tyopoyta-60-x-160-x-72-120-cm\/"},"modified":"2026-02-27T09:46:40","modified_gmt":"2026-02-27T09:46:40","slug":"songmics-sahkoisesti-korkeussaadettava-tyopoyta-60-x-160-x-72-120-cm","status":"publish","type":"product","link":"https:\/\/nordicmart.andreevmaster.com\/fi\/tuote\/songmics-sahkoisesti-korkeussaadettava-tyopoyta-60-x-160-x-72-120-cm\/","title":{"rendered":"SONGMICS S\u00e4hk\u00f6isesti korkeuss\u00e4\u00e4dett\u00e4v\u00e4 ty\u00f6p\u00f6yt\u00e4 60 x 160 x (72-120) cm"},"content":{"rendered":"<p>SONGMICS S\u00e4hk\u00f6isesti korkeuss\u00e4\u00e4dett\u00e4v\u00e4 ty\u00f6p\u00f6yt\u00e4, 60 x 120 x (72-120) cm, s\u00e4\u00e4dett\u00e4v\u00e4 p\u00f6yt\u00e4, muistitoiminto 4 korkeudelle, kotitoimistoon, ty\u00f6huoneeseen, pilvinen valkoinen LSD132W01<br \/>\nV\u00e4ri: musta<br \/>\nMateriaali: lastulevy, ter\u00e4s, Oxford-kangas<br \/>\nKoko: 70 x 160 x (72-120) cm (S x L x K)<br \/>\nPaino: 27,2 kg<br \/>\nMaks. staattinen kantavuus: 70 kg<\/p>\n","protected":false},"excerpt":{"rendered":"<p>SONGMICS S\u00e4hk\u00f6isesti korkeuss\u00e4\u00e4dett\u00e4v\u00e4 ty\u00f6p\u00f6yt\u00e4, 60 x 120 x (72-120) cm, s\u00e4\u00e4dett\u00e4v\u00e4 p\u00f6yt\u00e4, muistitoiminto 4 korkeudelle, kotitoimistoon, ty\u00f6huoneeseen, pilvinen valkoinen LSD132W01<\/p>\n","protected":false},"featured_media":0,"comment_status":"open","ping_status":"closed","template":"","meta":[],"product_brand":[],"product_cat":[32],"product_tag":[],"class_list":{"0":"post-34878","1":"product","2":"type-product","3":"status-publish","5":"product_cat-uncategorized-fi","7":"first","8":"instock","9":"shipping-taxable","10":"purchasable","11":"product-type-simple"},"_links":{"self":[{"href":"https:\/\/nordicmart.andreevmaster.com\/fi\/wp-json\/wp\/v2\/product\/34878","targetHints":{"allow":["GET"]}}],"collection":[{"href":"https:\/\/nordicmart.andreevmaster.com\/fi\/wp-json\/wp\/v2\/product"}],"about":[{"href":"https:\/\/nordicmart.andreevmaster.com\/fi\/wp-json\/wp\/v2\/types\/product"}],"replies":[{"embeddable":true,"href":"https:\/\/nordicmart.andreevmaster.com\/fi\/wp-json\/wp\/v2\/comments?post=34878"}],"wp:attachment":[{"href":"https:\/\/nordicmart.andreevmaster.com\/fi\/wp-json\/wp\/v2\/media?parent=34878"}],"wp:term":[{"taxonomy":"product_brand","embeddable":true,"href":"https:\/\/nordicmart.andreevmaster.com\/fi\/wp-json\/wp\/v2\/product_brand?post=34878"},{"taxonomy":"product_cat","embeddable":true,"href":"https:\/\/nordicmart.andreevmaster.com\/fi\/wp-json\/wp\/v2\/product_cat?post=34878"},{"taxonomy":"product_tag","embeddable":true,"href":"https:\/\/nordicmart.andreevmaster.com\/fi\/wp-json\/wp\/v2\/product_tag?post=34878"}],"curies":[{"name":"wp","href":"https:\/\/api.w.org\/{rel}","templated":true}]}}