{"id":34867,"date":"2026-02-27T00:27:31","date_gmt":"2026-02-27T00:27:31","guid":{"rendered":"https:\/\/nordicmart.andreevmaster.com\/product\/vasagle-sahkoisesti-korkeussaadettava-tyopoyta-60-x-140-x-72-120-cm\/"},"modified":"2026-02-27T09:46:38","modified_gmt":"2026-02-27T09:46:38","slug":"vasagle-sahkoisesti-korkeussaadettava-tyopoyta-60-x-140-x-72-120-cm","status":"publish","type":"product","link":"https:\/\/nordicmart.andreevmaster.com\/fi\/tuote\/vasagle-sahkoisesti-korkeussaadettava-tyopoyta-60-x-140-x-72-120-cm\/","title":{"rendered":"VASAGLE S\u00e4hk\u00f6isesti korkeuss\u00e4\u00e4dett\u00e4v\u00e4 ty\u00f6p\u00f6yt\u00e4 60 x 140 x (72-120) cm"},"content":{"rendered":"<p>VASAGLE S\u00e4hk\u00f6isesti korkeuss\u00e4\u00e4dett\u00e4v\u00e4 ty\u00f6p\u00f6yt\u00e4, 72\u2013120 cm, p\u00f6yt\u00e4levy 60 x 120 cm, muistitoiminto 3 korkeudella, j\u00e4rjestelij\u00e4ll\u00e4 ja koukulla<br \/>\n&#8211; V\u00e4ri: mattavalkoinen-kyyhkynharmaa<br \/>\n&#8211; Materiaali: lastulevy, ter\u00e4s, kuitukangas<br \/>\n&#8211; Koko: 60 x 140 x (72-120) cm (S x L x K)<br \/>\n&#8211; Paino: 27,9 kg<br \/>\n&#8211; Maks. staattinen kokonaiskuormitus: 80 kg<\/p>\n","protected":false},"excerpt":{"rendered":"<p>VASAGLE S\u00e4hk\u00f6isesti korkeuss\u00e4\u00e4dett\u00e4v\u00e4 ty\u00f6p\u00f6yt\u00e4, 72\u2013120 cm, p\u00f6yt\u00e4levy 60 x 120 cm, muistitoiminto 3 korkeudella, j\u00e4rjestelij\u00e4ll\u00e4 ja koukulla<\/p>\n","protected":false},"featured_media":43485,"comment_status":"open","ping_status":"closed","template":"","meta":[],"product_brand":[],"product_cat":[32],"product_tag":[],"class_list":{"0":"post-34867","1":"product","2":"type-product","3":"status-publish","4":"has-post-thumbnail","6":"product_cat-uncategorized-fi","8":"first","9":"instock","10":"shipping-taxable","11":"purchasable","12":"product-type-simple"},"_links":{"self":[{"href":"https:\/\/nordicmart.andreevmaster.com\/fi\/wp-json\/wp\/v2\/product\/34867","targetHints":{"allow":["GET"]}}],"collection":[{"href":"https:\/\/nordicmart.andreevmaster.com\/fi\/wp-json\/wp\/v2\/product"}],"about":[{"href":"https:\/\/nordicmart.andreevmaster.com\/fi\/wp-json\/wp\/v2\/types\/product"}],"replies":[{"embeddable":true,"href":"https:\/\/nordicmart.andreevmaster.com\/fi\/wp-json\/wp\/v2\/comments?post=34867"}],"wp:featuredmedia":[{"embeddable":true,"href":"https:\/\/nordicmart.andreevmaster.com\/fi\/wp-json\/wp\/v2\/media\/43485"}],"wp:attachment":[{"href":"https:\/\/nordicmart.andreevmaster.com\/fi\/wp-json\/wp\/v2\/media?parent=34867"}],"wp:term":[{"taxonomy":"product_brand","embeddable":true,"href":"https:\/\/nordicmart.andreevmaster.com\/fi\/wp-json\/wp\/v2\/product_brand?post=34867"},{"taxonomy":"product_cat","embeddable":true,"href":"https:\/\/nordicmart.andreevmaster.com\/fi\/wp-json\/wp\/v2\/product_cat?post=34867"},{"taxonomy":"product_tag","embeddable":true,"href":"https:\/\/nordicmart.andreevmaster.com\/fi\/wp-json\/wp\/v2\/product_tag?post=34867"}],"curies":[{"name":"wp","href":"https:\/\/api.w.org\/{rel}","templated":true}]}}