{"id":34864,"date":"2026-02-27T00:27:31","date_gmt":"2026-02-27T00:27:31","guid":{"rendered":"https:\/\/nordicmart.andreevmaster.com\/product\/songmics-korkeussaadettava-tyopoyta-ilman-levya-moottorilla\/"},"modified":"2026-02-27T09:46:37","modified_gmt":"2026-02-27T09:46:37","slug":"songmics-korkeussaadettava-tyopoyta-ilman-levya-moottorilla","status":"publish","type":"product","link":"https:\/\/nordicmart.andreevmaster.com\/fi\/tuote\/songmics-korkeussaadettava-tyopoyta-ilman-levya-moottorilla\/","title":{"rendered":"SONGMICS Korkeuss\u00e4\u00e4dett\u00e4v\u00e4 ty\u00f6p\u00f6yt\u00e4 ilman levy\u00e4, moottorilla"},"content":{"rendered":"<p>Tuotetiedot: V\u00e4ri: musta Materiaali: ter\u00e4s \u00c4\u00e4nenvoimakkuus: &lt;50db S\u00e4\u00e4t\u00f6 nopeus: 25 mm\/s Suurin staattinen kantavuus: 100 kg Korkeuss\u00e4\u00e4t\u00f6: 73-118 cm Sopii p\u00f6yt\u00e4levyille: pituus 120-180 cm, leveys 60-80 cm Paino: 27,5 kgToimitus sis\u00e4lt\u00e4\u00e4:1 x s\u00e4hk\u00f6inen ty\u00f6p\u00f6yd\u00e4n jalusta (sis\u00e4lt\u00e4\u00e4 moottorin ja k\u00e4ytt\u00f6varren)1 x sovitin1 x kaukos\u00e4\u00e4din1 x lis\u00e4varustepaketti1 x k\u00e4ytt\u00f6ohje (DE, EN, IT, ES, FR)SONGMICS Huomautukset:Varmista, ett\u00e4 p\u00f6yd\u00e4n runko ei ole esteen\u00e4 nostamisen ja laskemisen aikana. \u00c4l\u00e4 sijoita p\u00f6yt\u00e4\u00e4 suoraan sein\u00e4n viereen. T\u00e4m\u00e4 tuote on tarkoitettu k\u00e4ytett\u00e4v\u00e4ksi vain sis\u00e4tiloissa. Pid\u00e4 kaikki s\u00e4hk\u00f6komponentit poissa nesteist\u00e4. K\u00e4yt\u00e4 tuotetta enint\u00e4\u00e4n 2 minuuttia kerrallaan. T\u00e4m\u00e4n ajan j\u00e4lkeen p\u00f6yd\u00e4n runkoa ei saa liikuttaa 18 minuuttiin, jotta moottori ei vaurioidu. \u00c4l\u00e4 pura t\u00e4m\u00e4n tuotteen osia ilman ammattilaisen neuvoja. \u00c4l\u00e4 aseta tuotteen p\u00e4\u00e4lle raskaita esineit\u00e4, jotka ylitt\u00e4v\u00e4t 100 kg:n enimm\u00e4iskuormituksen. \u00c4l\u00e4 k\u00e4yt\u00e4 liian korkean j\u00e4nnitteen pistorasioita tai sovittimia.<\/p>\n","protected":false},"excerpt":{"rendered":"<p>SONGMICS p\u00f6yt\u00e4jalusta, kirjoitusp\u00f6yt\u00e4jalusta, s\u00e4hk\u00f6inen kirjoitusp\u00f6yt\u00e4, moottoroitu p\u00f6yt\u00e4teline, portaattomasti s\u00e4\u00e4dett\u00e4v\u00e4 korkeus, muistitoiminto, s\u00e4\u00e4dett\u00e4v\u00e4 pituus, ter\u00e4s, musta, LSD11BK<\/p>\n","protected":false},"featured_media":43482,"comment_status":"open","ping_status":"closed","template":"","meta":[],"product_brand":[],"product_cat":[32],"product_tag":[],"class_list":{"0":"post-34864","1":"product","2":"type-product","3":"status-publish","4":"has-post-thumbnail","6":"product_cat-uncategorized-fi","8":"first","9":"instock","10":"shipping-taxable","11":"purchasable","12":"product-type-simple"},"_links":{"self":[{"href":"https:\/\/nordicmart.andreevmaster.com\/fi\/wp-json\/wp\/v2\/product\/34864","targetHints":{"allow":["GET"]}}],"collection":[{"href":"https:\/\/nordicmart.andreevmaster.com\/fi\/wp-json\/wp\/v2\/product"}],"about":[{"href":"https:\/\/nordicmart.andreevmaster.com\/fi\/wp-json\/wp\/v2\/types\/product"}],"replies":[{"embeddable":true,"href":"https:\/\/nordicmart.andreevmaster.com\/fi\/wp-json\/wp\/v2\/comments?post=34864"}],"wp:featuredmedia":[{"embeddable":true,"href":"https:\/\/nordicmart.andreevmaster.com\/fi\/wp-json\/wp\/v2\/media\/43482"}],"wp:attachment":[{"href":"https:\/\/nordicmart.andreevmaster.com\/fi\/wp-json\/wp\/v2\/media?parent=34864"}],"wp:term":[{"taxonomy":"product_brand","embeddable":true,"href":"https:\/\/nordicmart.andreevmaster.com\/fi\/wp-json\/wp\/v2\/product_brand?post=34864"},{"taxonomy":"product_cat","embeddable":true,"href":"https:\/\/nordicmart.andreevmaster.com\/fi\/wp-json\/wp\/v2\/product_cat?post=34864"},{"taxonomy":"product_tag","embeddable":true,"href":"https:\/\/nordicmart.andreevmaster.com\/fi\/wp-json\/wp\/v2\/product_tag?post=34864"}],"curies":[{"name":"wp","href":"https:\/\/api.w.org\/{rel}","templated":true}]}}