{"id":34861,"date":"2026-02-27T00:27:30","date_gmt":"2026-02-27T00:27:30","guid":{"rendered":"https:\/\/nordicmart.andreevmaster.com\/product\/vasagle-kirjoituspoyta-pistorasioilla-ja-laatikolla-70-x-160-cm-kultainen-tammi-pilvinen-valkoinen\/"},"modified":"2026-02-27T09:46:37","modified_gmt":"2026-02-27T09:46:37","slug":"vasagle-kirjoituspoyta-pistorasioilla-ja-laatikolla-70-x-160-cm-kultainen-tammi-pilvinen-valkoinen","status":"publish","type":"product","link":"https:\/\/nordicmart.andreevmaster.com\/fi\/tuote\/vasagle-kirjoituspoyta-pistorasioilla-ja-laatikolla-70-x-160-cm-kultainen-tammi-pilvinen-valkoinen\/","title":{"rendered":"VASAGLE-kirjoitusp\u00f6yt\u00e4 pistorasioilla ja laatikolla 70 x 160 cm kultainen tammi-pilvinen valkoinen"},"content":{"rendered":"<p>VASAGLE S\u00e4hk\u00f6isesti korkeuss\u00e4\u00e4dett\u00e4v\u00e4 ty\u00f6p\u00f6yt\u00e4, pistorasialla ja laatikolla, p\u00f6yt\u00e4levyn koko 60 x 140 cm, portaattomasti s\u00e4\u00e4dett\u00e4v\u00e4, muistitoiminto 4 korkeudelle, valkoinen LSD114W01<br \/>\nV\u00e4ri: kultainen tammi &#8211; pilvinen valkoinen<br \/>\nMateriaali: lastulevy, ter\u00e4s<br \/>\nKoko: 70 x 160 x (72-120) cm (S x L x K)<br \/>\nP\u00f6yt\u00e4levyn paksuus: 1,5 cm<br \/>\n\u00c4\u00e4nenvoimakkuus: <50 dB\nS\u00e4\u00e4t\u00f6nopeus: 25 mm\/s\nPaino: 34,1 kg\nMaks. staattinen kantavuus: 80 kg\n\n<\/p>\n","protected":false},"excerpt":{"rendered":"<p>VASAGLE S\u00e4hk\u00f6isesti korkeuss\u00e4\u00e4dett\u00e4v\u00e4 ty\u00f6p\u00f6yt\u00e4, pistorasialla ja laatikolla, p\u00f6yt\u00e4levyn koko 60 x 140 cm, portaattomasti s\u00e4\u00e4dett\u00e4v\u00e4, muistitoiminto 4 korkeudelle, valkoinen LSD114W01<\/p>\n","protected":false},"featured_media":0,"comment_status":"open","ping_status":"closed","template":"","meta":[],"product_brand":[],"product_cat":[32],"product_tag":[],"class_list":{"0":"post-34861","1":"product","2":"type-product","3":"status-publish","5":"product_cat-uncategorized-fi","7":"first","8":"instock","9":"shipping-taxable","10":"purchasable","11":"product-type-simple"},"_links":{"self":[{"href":"https:\/\/nordicmart.andreevmaster.com\/fi\/wp-json\/wp\/v2\/product\/34861","targetHints":{"allow":["GET"]}}],"collection":[{"href":"https:\/\/nordicmart.andreevmaster.com\/fi\/wp-json\/wp\/v2\/product"}],"about":[{"href":"https:\/\/nordicmart.andreevmaster.com\/fi\/wp-json\/wp\/v2\/types\/product"}],"replies":[{"embeddable":true,"href":"https:\/\/nordicmart.andreevmaster.com\/fi\/wp-json\/wp\/v2\/comments?post=34861"}],"wp:attachment":[{"href":"https:\/\/nordicmart.andreevmaster.com\/fi\/wp-json\/wp\/v2\/media?parent=34861"}],"wp:term":[{"taxonomy":"product_brand","embeddable":true,"href":"https:\/\/nordicmart.andreevmaster.com\/fi\/wp-json\/wp\/v2\/product_brand?post=34861"},{"taxonomy":"product_cat","embeddable":true,"href":"https:\/\/nordicmart.andreevmaster.com\/fi\/wp-json\/wp\/v2\/product_cat?post=34861"},{"taxonomy":"product_tag","embeddable":true,"href":"https:\/\/nordicmart.andreevmaster.com\/fi\/wp-json\/wp\/v2\/product_tag?post=34861"}],"curies":[{"name":"wp","href":"https:\/\/api.w.org\/{rel}","templated":true}]}}