{"id":34856,"date":"2026-02-27T00:27:29","date_gmt":"2026-02-27T00:27:29","guid":{"rendered":"https:\/\/nordicmart.andreevmaster.com\/product\/vasagle-korkeussaadettava-tyopoyta-60-x-140-cm-musta\/"},"modified":"2026-02-27T09:46:36","modified_gmt":"2026-02-27T09:46:36","slug":"vasagle-korkeussaadettava-tyopoyta-60-x-140-cm-musta","status":"publish","type":"product","link":"https:\/\/nordicmart.andreevmaster.com\/fi\/tuote\/vasagle-korkeussaadettava-tyopoyta-60-x-140-cm-musta\/","title":{"rendered":"VASAGLE korkeuss\u00e4\u00e4dett\u00e4v\u00e4 ty\u00f6p\u00f6yt\u00e4 60 x 140 cm musta"},"content":{"rendered":"<p>VASAGLE S\u00e4hk\u00f6isesti korkeuss\u00e4\u00e4dett\u00e4v\u00e4 ty\u00f6p\u00f6yt\u00e4, pistorasialla ja laatikolla, p\u00f6yt\u00e4levyn koko 60 x 140 cm, portaattomasti s\u00e4\u00e4dett\u00e4v\u00e4, muistitoiminto 4 korkeudelle, valkoinen LSD114W01<br \/>\nV\u00e4ri: musta<br \/>\nMateriaali: lastulevy, ter\u00e4s<br \/>\nKoko: 60 x 140 x (72-120) cm (S x L x K)<br \/>\nP\u00f6yt\u00e4levyn paksuus: 1,5 cm<br \/>\n\u00c4\u00e4nenvoimakkuus: < 50 dB\nS\u00e4\u00e4t\u00f6nopeus: 25 mm\/s\nPaino: 31,6 kg\nMaks. staattinen kantavuus: 80 kg\n<\/p>\n","protected":false},"excerpt":{"rendered":"<p>VASAGLE S\u00e4hk\u00f6isesti korkeuss\u00e4\u00e4dett\u00e4v\u00e4 ty\u00f6p\u00f6yt\u00e4, pistorasialla ja laatikolla, p\u00f6yt\u00e4levyn koko 60 x 140 cm, portaattomasti s\u00e4\u00e4dett\u00e4v\u00e4, muistitoiminto 4 korkeudelle, valkoinen LSD114W01<\/p>\n","protected":false},"featured_media":43477,"comment_status":"open","ping_status":"closed","template":"","meta":[],"product_brand":[],"product_cat":[32],"product_tag":[],"class_list":{"0":"post-34856","1":"product","2":"type-product","3":"status-publish","4":"has-post-thumbnail","6":"product_cat-uncategorized-fi","8":"first","9":"instock","10":"shipping-taxable","11":"purchasable","12":"product-type-simple"},"_links":{"self":[{"href":"https:\/\/nordicmart.andreevmaster.com\/fi\/wp-json\/wp\/v2\/product\/34856","targetHints":{"allow":["GET"]}}],"collection":[{"href":"https:\/\/nordicmart.andreevmaster.com\/fi\/wp-json\/wp\/v2\/product"}],"about":[{"href":"https:\/\/nordicmart.andreevmaster.com\/fi\/wp-json\/wp\/v2\/types\/product"}],"replies":[{"embeddable":true,"href":"https:\/\/nordicmart.andreevmaster.com\/fi\/wp-json\/wp\/v2\/comments?post=34856"}],"wp:featuredmedia":[{"embeddable":true,"href":"https:\/\/nordicmart.andreevmaster.com\/fi\/wp-json\/wp\/v2\/media\/43477"}],"wp:attachment":[{"href":"https:\/\/nordicmart.andreevmaster.com\/fi\/wp-json\/wp\/v2\/media?parent=34856"}],"wp:term":[{"taxonomy":"product_brand","embeddable":true,"href":"https:\/\/nordicmart.andreevmaster.com\/fi\/wp-json\/wp\/v2\/product_brand?post=34856"},{"taxonomy":"product_cat","embeddable":true,"href":"https:\/\/nordicmart.andreevmaster.com\/fi\/wp-json\/wp\/v2\/product_cat?post=34856"},{"taxonomy":"product_tag","embeddable":true,"href":"https:\/\/nordicmart.andreevmaster.com\/fi\/wp-json\/wp\/v2\/product_tag?post=34856"}],"curies":[{"name":"wp","href":"https:\/\/api.w.org\/{rel}","templated":true}]}}