{"id":34854,"date":"2026-02-27T00:27:28","date_gmt":"2026-02-27T00:27:28","guid":{"rendered":"https:\/\/nordicmart.andreevmaster.com\/product\/vasagle-korkeussaadettava-tyopoyta-60-x-120-cm-vintage-ruskea-musta\/"},"modified":"2026-02-27T09:46:35","modified_gmt":"2026-02-27T09:46:35","slug":"vasagle-korkeussaadettava-tyopoyta-60-x-120-cm-vintage-ruskea-musta","status":"publish","type":"product","link":"https:\/\/nordicmart.andreevmaster.com\/fi\/tuote\/vasagle-korkeussaadettava-tyopoyta-60-x-120-cm-vintage-ruskea-musta\/","title":{"rendered":"VASAGLE korkeuss\u00e4\u00e4dett\u00e4v\u00e4 ty\u00f6p\u00f6yt\u00e4 60 x 120 cm vintage-ruskea-musta"},"content":{"rendered":"<p>VASAGLE S\u00e4hk\u00f6isesti korkeuss\u00e4\u00e4dett\u00e4v\u00e4 ty\u00f6p\u00f6yt\u00e4, pistorasialla ja laatikolla, p\u00f6yt\u00e4levyn koko 60 x 140 cm, portaattomasti s\u00e4\u00e4dett\u00e4v\u00e4, muistitoiminto 4 korkeudelle, valkoinen LSD114W01<br \/>\nV\u00e4ri: valkoinen<br \/>\nMateriaali: lastulevy, ter\u00e4s<br \/>\nKoko: 60 x 120 x (72-120) cm (S x L x K)<br \/>\nP\u00f6yt\u00e4levyn paksuus: 1,5 cm<br \/>\n\u00c4\u00e4nenvoimakkuus: < 50 dB\nS\u00e4\u00e4t\u00f6nopeus: 25 mm\/s\nPaino: 29,2 kg\nMaks. staattinen kantavuus: 80 kg\n<\/p>\n","protected":false},"excerpt":{"rendered":"<p>VASAGLE S\u00e4hk\u00f6isesti korkeuss\u00e4\u00e4dett\u00e4v\u00e4 ty\u00f6p\u00f6yt\u00e4, pistorasialla ja laatikolla, p\u00f6yt\u00e4levyn koko 60 x 140 cm, portaattomasti s\u00e4\u00e4dett\u00e4v\u00e4, muistitoiminto 4 korkeudelle, valkoinen LSD114W01<\/p>\n","protected":false},"featured_media":0,"comment_status":"open","ping_status":"closed","template":"","meta":[],"product_brand":[],"product_cat":[32],"product_tag":[],"class_list":{"0":"post-34854","1":"product","2":"type-product","3":"status-publish","5":"product_cat-uncategorized-fi","7":"first","8":"instock","9":"shipping-taxable","10":"purchasable","11":"product-type-simple"},"_links":{"self":[{"href":"https:\/\/nordicmart.andreevmaster.com\/fi\/wp-json\/wp\/v2\/product\/34854","targetHints":{"allow":["GET"]}}],"collection":[{"href":"https:\/\/nordicmart.andreevmaster.com\/fi\/wp-json\/wp\/v2\/product"}],"about":[{"href":"https:\/\/nordicmart.andreevmaster.com\/fi\/wp-json\/wp\/v2\/types\/product"}],"replies":[{"embeddable":true,"href":"https:\/\/nordicmart.andreevmaster.com\/fi\/wp-json\/wp\/v2\/comments?post=34854"}],"wp:attachment":[{"href":"https:\/\/nordicmart.andreevmaster.com\/fi\/wp-json\/wp\/v2\/media?parent=34854"}],"wp:term":[{"taxonomy":"product_brand","embeddable":true,"href":"https:\/\/nordicmart.andreevmaster.com\/fi\/wp-json\/wp\/v2\/product_brand?post=34854"},{"taxonomy":"product_cat","embeddable":true,"href":"https:\/\/nordicmart.andreevmaster.com\/fi\/wp-json\/wp\/v2\/product_cat?post=34854"},{"taxonomy":"product_tag","embeddable":true,"href":"https:\/\/nordicmart.andreevmaster.com\/fi\/wp-json\/wp\/v2\/product_tag?post=34854"}],"curies":[{"name":"wp","href":"https:\/\/api.w.org\/{rel}","templated":true}]}}