{"id":34851,"date":"2026-02-27T00:27:27","date_gmt":"2026-02-27T00:27:27","guid":{"rendered":"https:\/\/nordicmart.andreevmaster.com\/product\/songmics-korkeussaadettava-tyopoyta-pyorilla\/"},"modified":"2026-02-27T09:46:35","modified_gmt":"2026-02-27T09:46:35","slug":"songmics-korkeussaadettava-tyopoyta-pyorilla","status":"publish","type":"product","link":"https:\/\/nordicmart.andreevmaster.com\/fi\/tuote\/songmics-korkeussaadettava-tyopoyta-pyorilla\/","title":{"rendered":"SONGMICS korkeuss\u00e4\u00e4dett\u00e4v\u00e4 ty\u00f6p\u00f6yt\u00e4 py\u00f6rill\u00e4"},"content":{"rendered":"<p>S\u00e4hk\u00f6isen ty\u00f6p\u00f6yd\u00e4n edut: &#8211; Korkeuss\u00e4\u00e4dett\u00e4v\u00e4 73,5\u2013119 cm vaihtelevia asentoja varten &#8211; Nopea s\u00e4\u00e4t\u00f6nopeus 25 mm\/s ja alhainen melutaso < 50 dB - Laadukas moottori tasaiselle s\u00e4\u00e4d\u00f6lle  Tuotetiedot: - V\u00e4ri: valkoinen - Materiaali: lastulevy, ter\u00e4s - Koko: 70 x 140 x (73,5-119) cm (S x L x K) - Korkeuss\u00e4\u00e4t\u00f6: 71,5-117 cm - \u00c4\u00e4nenvoimakkuus: < 50 dB - S\u00e4\u00e4t\u00f6nopeus: 25 mm\/s - Maks. staattinen kantavuus: 80 kg - Paino: 31,9 kg  Toimitus sis\u00e4lt\u00e4\u00e4: - 1 x s\u00e4hk\u00f6inen p\u00f6yt\u00e4 - 1 x sovitin - 1 x ohjain - 2 x koukku - 4 x rulla - 1 x lis\u00e4varustepaketti - 1 x ohjeet SONGMICS Huomautukset:- Tuote toimitetaan 2 paketissa. Ole k\u00e4rsiv\u00e4llinen, jos saat aluksi vain yhden paketin. Toinen paketti toimitetaan pian. - Varmista, ett\u00e4 p\u00f6yd\u00e4n runko ei ole esteen\u00e4 nostamisen ja laskemisen aikana. \u00c4l\u00e4 sijoita p\u00f6yt\u00e4\u00e4 suoraan sein\u00e4n viereen, jotta sein\u00e4\u00e4n ei tule naarmuja.- Tuote on tarkoitettu k\u00e4ytett\u00e4v\u00e4ksi vain sis\u00e4tiloissa. Pid\u00e4 kaikki s\u00e4hk\u00f6komponentit poissa nesteiden l\u00e4heisyydest\u00e4. - Jos p\u00f6yt\u00e4\u00e4 nostetaan tai lasketaan 2 minuutin ajan, ylikuumenemissuoja aktivoituu automaattisesti ja sinun on odotettava 18 minuuttia, ennen kuin voit k\u00e4ytt\u00e4\u00e4 korkeuss\u00e4\u00e4t\u00f6\u00e4 uudelleen.- T\u00f6rm\u00e4yssuoja suojaa lemmikkej\u00e4 ja lapsia kolhuilta ja naarmuilta. S\u00e4\u00e4d\u00e4 herkkyystaso tarpeen mukaan ohjeiden mukaisesti. - \u00c4l\u00e4 aseta tuotteen p\u00e4\u00e4lle raskaita esineit\u00e4, jotka ylitt\u00e4v\u00e4t 80 kg:n enimm\u00e4iskuormituksen. - Varmista, ett\u00e4 ohjain on vaakasuorassa ennen korkeuden s\u00e4\u00e4t\u00e4misen testaamista. \u00c4l\u00e4 pid\u00e4 sit\u00e4 k\u00e4dess\u00e4si testausta varten.\n<\/p>\n","protected":false},"excerpt":{"rendered":"<p>SONGMICS S\u00e4hk\u00f6isesti korkeuss\u00e4\u00e4dett\u00e4v\u00e4 ty\u00f6p\u00f6yt\u00e4, 70 x 140 cm p\u00f6yt\u00e4pinta, portaattomasti s\u00e4\u00e4dett\u00e4v\u00e4, muistitoiminto 3 korkeudella, t\u00f6rm\u00e4yssuoja, vintage-ruskea-musta LSD102X01<\/p>\n","protected":false},"featured_media":43473,"comment_status":"open","ping_status":"closed","template":"","meta":[],"product_brand":[],"product_cat":[32],"product_tag":[],"class_list":{"0":"post-34851","1":"product","2":"type-product","3":"status-publish","4":"has-post-thumbnail","6":"product_cat-uncategorized-fi","8":"first","9":"instock","10":"shipping-taxable","11":"purchasable","12":"product-type-simple"},"_links":{"self":[{"href":"https:\/\/nordicmart.andreevmaster.com\/fi\/wp-json\/wp\/v2\/product\/34851","targetHints":{"allow":["GET"]}}],"collection":[{"href":"https:\/\/nordicmart.andreevmaster.com\/fi\/wp-json\/wp\/v2\/product"}],"about":[{"href":"https:\/\/nordicmart.andreevmaster.com\/fi\/wp-json\/wp\/v2\/types\/product"}],"replies":[{"embeddable":true,"href":"https:\/\/nordicmart.andreevmaster.com\/fi\/wp-json\/wp\/v2\/comments?post=34851"}],"wp:featuredmedia":[{"embeddable":true,"href":"https:\/\/nordicmart.andreevmaster.com\/fi\/wp-json\/wp\/v2\/media\/43473"}],"wp:attachment":[{"href":"https:\/\/nordicmart.andreevmaster.com\/fi\/wp-json\/wp\/v2\/media?parent=34851"}],"wp:term":[{"taxonomy":"product_brand","embeddable":true,"href":"https:\/\/nordicmart.andreevmaster.com\/fi\/wp-json\/wp\/v2\/product_brand?post=34851"},{"taxonomy":"product_cat","embeddable":true,"href":"https:\/\/nordicmart.andreevmaster.com\/fi\/wp-json\/wp\/v2\/product_cat?post=34851"},{"taxonomy":"product_tag","embeddable":true,"href":"https:\/\/nordicmart.andreevmaster.com\/fi\/wp-json\/wp\/v2\/product_tag?post=34851"}],"curies":[{"name":"wp","href":"https:\/\/api.w.org\/{rel}","templated":true}]}}