{"id":34845,"date":"2026-02-27T00:27:26","date_gmt":"2026-02-27T00:27:26","guid":{"rendered":"https:\/\/nordicmart.andreevmaster.com\/product\/songmics-korkeussaadettava-istuma-seisomapoyta\/"},"modified":"2026-02-27T09:46:33","modified_gmt":"2026-02-27T09:46:33","slug":"songmics-korkeussaadettava-istuma-seisomapoyta","status":"publish","type":"product","link":"https:\/\/nordicmart.andreevmaster.com\/fi\/tuote\/songmics-korkeussaadettava-istuma-seisomapoyta\/","title":{"rendered":"SONGMICS Korkeuss\u00e4\u00e4dett\u00e4v\u00e4 istuma-seisomap\u00f6yt\u00e4"},"content":{"rendered":"<p>Tuotetiedot: &#8211; V\u00e4ri:  musta &#8211; Materiaali:  MDF-levy,  metallirunko &#8211; P\u00f6yt\u00e4levyn koko:  95 x 40, 6 cm;    N\u00e4pp\u00e4imist\u00f6taso:  94 x 30, 5 cm &#8211; Maks.  korkeus:  39, 5 cm &#8211; Paino:  16, 4 kg &#8211; Kantavuus:  p\u00f6yt\u00e4levy 15 kg;  n\u00e4pp\u00e4imist\u00f6taso 2 kgToimitus sis\u00e4lt\u00e4\u00e4: &#8211; 1 x p\u00f6yt\u00e4levy &#8211; 1 x n\u00e4pp\u00e4imist\u00f6taso &#8211; 1 x lis\u00e4varustepussi &#8211; 1 x ohjeet (DE,  EN,  FR,  ES,  IT)SONGMICS Huomautukset: &#8211; \u00c4l\u00e4 ylikuormita tuotetta.<\/p>\n","protected":false},"excerpt":{"rendered":"<p>SONGMICS Korkeuss\u00e4\u00e4dett\u00e4v\u00e4 istuma-seisomap\u00f6yt\u00e4, ergonominen p\u00f6yt\u00e4muunnin tietokoneelle, kannettavalle tietokoneelle, irrotettava n\u00e4pp\u00e4imist\u00f6taso, suuri p\u00f6yt\u00e4levy 95 x 40 cm, musta LSD06BK<\/p>\n","protected":false},"featured_media":43467,"comment_status":"open","ping_status":"closed","template":"","meta":[],"product_brand":[],"product_cat":[32],"product_tag":[],"class_list":{"0":"post-34845","1":"product","2":"type-product","3":"status-publish","4":"has-post-thumbnail","6":"product_cat-uncategorized-fi","8":"first","9":"instock","10":"shipping-taxable","11":"purchasable","12":"product-type-simple"},"_links":{"self":[{"href":"https:\/\/nordicmart.andreevmaster.com\/fi\/wp-json\/wp\/v2\/product\/34845","targetHints":{"allow":["GET"]}}],"collection":[{"href":"https:\/\/nordicmart.andreevmaster.com\/fi\/wp-json\/wp\/v2\/product"}],"about":[{"href":"https:\/\/nordicmart.andreevmaster.com\/fi\/wp-json\/wp\/v2\/types\/product"}],"replies":[{"embeddable":true,"href":"https:\/\/nordicmart.andreevmaster.com\/fi\/wp-json\/wp\/v2\/comments?post=34845"}],"wp:featuredmedia":[{"embeddable":true,"href":"https:\/\/nordicmart.andreevmaster.com\/fi\/wp-json\/wp\/v2\/media\/43467"}],"wp:attachment":[{"href":"https:\/\/nordicmart.andreevmaster.com\/fi\/wp-json\/wp\/v2\/media?parent=34845"}],"wp:term":[{"taxonomy":"product_brand","embeddable":true,"href":"https:\/\/nordicmart.andreevmaster.com\/fi\/wp-json\/wp\/v2\/product_brand?post=34845"},{"taxonomy":"product_cat","embeddable":true,"href":"https:\/\/nordicmart.andreevmaster.com\/fi\/wp-json\/wp\/v2\/product_cat?post=34845"},{"taxonomy":"product_tag","embeddable":true,"href":"https:\/\/nordicmart.andreevmaster.com\/fi\/wp-json\/wp\/v2\/product_tag?post=34845"}],"curies":[{"name":"wp","href":"https:\/\/api.w.org\/{rel}","templated":true}]}}