{"id":34844,"date":"2026-02-27T00:27:26","date_gmt":"2026-02-27T00:27:26","guid":{"rendered":"https:\/\/nordicmart.andreevmaster.com\/product\/songmics-istuma-seisomapoyta-korkeussaadettava\/"},"modified":"2026-02-27T09:46:33","modified_gmt":"2026-02-27T09:46:33","slug":"songmics-istuma-seisomapoyta-korkeussaadettava","status":"publish","type":"product","link":"https:\/\/nordicmart.andreevmaster.com\/fi\/tuote\/songmics-istuma-seisomapoyta-korkeussaadettava\/","title":{"rendered":"SONGMICS istuma-seisomap\u00f6yt\u00e4, korkeuss\u00e4\u00e4dett\u00e4v\u00e4"},"content":{"rendered":"<p>Luo t\u00e4ydellinen ergonominen ty\u00f6piste s\u00e4\u00e4dett\u00e4v\u00e4ll\u00e4 seisomap\u00f6yd\u00e4ll\u00e4, joka voidaan mukauttaa juuri sinun korkeus- ja ty\u00f6vaatimuksiisi. Jos olet kyll\u00e4stynyt istumaan tuntikausia ty\u00f6p\u00f6yd\u00e4n \u00e4\u00e4ress\u00e4, mik\u00e4 aiheuttaa selk\u00e4kipuja, j\u00e4ykki\u00e4 hartioita ja niskaa, tarvitset SONGMICS-seisomap\u00f6yd\u00e4n, s\u00e4\u00e4dett\u00e4v\u00e4n seisomap\u00f6yd\u00e4n, joka tarjoaa sinulle enemm\u00e4n mukavuutta ja vapautta sek\u00e4 kotona ett\u00e4 ty\u00f6paikalla. Lievitt\u00e4\u00e4 niska-, hartia- ja selk\u00e4kipuja Seisomap\u00f6yd\u00e4t saavat sinut vihdoin jaloillesi ja pois takamukseltasi! Kun et purista selk\u00e4rankaasi tuntikausia, seisomap\u00f6yt\u00e4 voi auttaa sinua keskittym\u00e4\u00e4n pelaamisen, ty\u00f6skentelyn tai vain verkkokaupoissa k\u00e4ymisen aikana. Ihanteellinen ty\u00f6- ja pelitila Suuret ja leve\u00e4t seisomap\u00f6yt\u00e4mme tarjoavat kukin korkealaatuisen ty\u00f6alueen, johon mahtuu tietokoneesi ja oheislaitteesi, ja jopa pikas\u00e4\u00e4t\u00f6kahvan, jotta voit l\u00f6yt\u00e4\u00e4 oikean korkeuden k\u00e4sien ja ranteiden oikeaan asentoon. Tuotetiedot: &#8211; V\u00e4ri: musta &#8211; Materiaali: lastulevy, metallirunko &#8211; P\u00f6yt\u00e4levyn koko: 79,5 x 54 cm &#8211; Maks. korkeus: 40 cm &#8211; Paino: 10,8 kg &#8211; Maks. kantavuus: 10 kg Toimitus sis\u00e4lt\u00e4\u00e4: &#8211; 1 x SONGMICS-p\u00f6yt\u00e4levy Huomautukset: &#8211; \u00c4l\u00e4 ylikuormita tuotetta.<\/p>\n","protected":false},"excerpt":{"rendered":"<p>SONGMICS istuma-seisomap\u00f6yt\u00e4 Korkeuss\u00e4\u00e4dett\u00e4v\u00e4 p\u00f6yt\u00e4koroke, ergonominen p\u00f6yt\u00e4konvertteri tietokoneelle, kannettavalle tietokoneelle ja toimistotarvikkeille, yhteensopiva monitoritelineen kanssa, musta LSD02BK<\/p>\n","protected":false},"featured_media":43466,"comment_status":"open","ping_status":"closed","template":"","meta":[],"product_brand":[],"product_cat":[32],"product_tag":[],"class_list":{"0":"post-34844","1":"product","2":"type-product","3":"status-publish","4":"has-post-thumbnail","6":"product_cat-uncategorized-fi","8":"first","9":"instock","10":"shipping-taxable","11":"purchasable","12":"product-type-simple"},"_links":{"self":[{"href":"https:\/\/nordicmart.andreevmaster.com\/fi\/wp-json\/wp\/v2\/product\/34844","targetHints":{"allow":["GET"]}}],"collection":[{"href":"https:\/\/nordicmart.andreevmaster.com\/fi\/wp-json\/wp\/v2\/product"}],"about":[{"href":"https:\/\/nordicmart.andreevmaster.com\/fi\/wp-json\/wp\/v2\/types\/product"}],"replies":[{"embeddable":true,"href":"https:\/\/nordicmart.andreevmaster.com\/fi\/wp-json\/wp\/v2\/comments?post=34844"}],"wp:featuredmedia":[{"embeddable":true,"href":"https:\/\/nordicmart.andreevmaster.com\/fi\/wp-json\/wp\/v2\/media\/43466"}],"wp:attachment":[{"href":"https:\/\/nordicmart.andreevmaster.com\/fi\/wp-json\/wp\/v2\/media?parent=34844"}],"wp:term":[{"taxonomy":"product_brand","embeddable":true,"href":"https:\/\/nordicmart.andreevmaster.com\/fi\/wp-json\/wp\/v2\/product_brand?post=34844"},{"taxonomy":"product_cat","embeddable":true,"href":"https:\/\/nordicmart.andreevmaster.com\/fi\/wp-json\/wp\/v2\/product_cat?post=34844"},{"taxonomy":"product_tag","embeddable":true,"href":"https:\/\/nordicmart.andreevmaster.com\/fi\/wp-json\/wp\/v2\/product_tag?post=34844"}],"curies":[{"name":"wp","href":"https:\/\/api.w.org\/{rel}","templated":true}]}}