{"id":34839,"date":"2026-02-27T00:27:24","date_gmt":"2026-02-27T00:27:24","guid":{"rendered":"https:\/\/nordicmart.andreevmaster.com\/product\/vasagle-sahkoisesti-korkeussaadettava-tyopoyta-ilman-poytalevya\/"},"modified":"2026-02-27T09:46:32","modified_gmt":"2026-02-27T09:46:32","slug":"vasagle-sahkoisesti-korkeussaadettava-tyopoyta-ilman-poytalevya","status":"publish","type":"product","link":"https:\/\/nordicmart.andreevmaster.com\/fi\/tuote\/vasagle-sahkoisesti-korkeussaadettava-tyopoyta-ilman-poytalevya\/","title":{"rendered":"VASAGLE S\u00e4hk\u00f6isesti korkeuss\u00e4\u00e4dett\u00e4v\u00e4 ty\u00f6p\u00f6yt\u00e4 ilman p\u00f6yt\u00e4levy\u00e4"},"content":{"rendered":"<p>VASAGLE S\u00e4hk\u00f6isesti korkeuss\u00e4\u00e4dett\u00e4v\u00e4 ty\u00f6p\u00f6yt\u00e4, p\u00f6yt\u00e4jalusta, ty\u00f6p\u00f6yd\u00e4n jalusta, ilman p\u00f6yt\u00e4levy\u00e4, 2 koukulla, muistitoiminto 3 korkeudella, ter\u00e4s, musta LSD021B01V2<br \/>\nV\u00e4ri: musta<br \/>\nMateriaali: ter\u00e4s<br \/>\nKoko: 59,6 x (90-140) x (72-120) cm (S x L x K)<br \/>\nKorkeuden s\u00e4\u00e4t\u00f6: 72\u2013120 cm<br \/>\n\u00c4\u00e4nenvoimakkuus: < 48 dB\nS\u00e4\u00e4t\u00f6nopeus: 25 mm\/s\nPaino: 13,3 kg\nMaks. staattinen kantavuus: 70 kg\n<\/p>\n","protected":false},"excerpt":{"rendered":"<p>VASAGLE S\u00e4hk\u00f6isesti korkeuss\u00e4\u00e4dett\u00e4v\u00e4 ty\u00f6p\u00f6yt\u00e4, p\u00f6yt\u00e4jalusta, ty\u00f6p\u00f6yd\u00e4n jalusta, ilman p\u00f6yt\u00e4levy\u00e4, 2 koukulla, muistitoiminto 3 korkeudella, ter\u00e4s, musta LSD021B01V2<\/p>\n","protected":false},"featured_media":43464,"comment_status":"open","ping_status":"closed","template":"","meta":[],"product_brand":[],"product_cat":[32],"product_tag":[],"class_list":{"0":"post-34839","1":"product","2":"type-product","3":"status-publish","4":"has-post-thumbnail","6":"product_cat-uncategorized-fi","8":"first","9":"instock","10":"shipping-taxable","11":"purchasable","12":"product-type-simple"},"_links":{"self":[{"href":"https:\/\/nordicmart.andreevmaster.com\/fi\/wp-json\/wp\/v2\/product\/34839","targetHints":{"allow":["GET"]}}],"collection":[{"href":"https:\/\/nordicmart.andreevmaster.com\/fi\/wp-json\/wp\/v2\/product"}],"about":[{"href":"https:\/\/nordicmart.andreevmaster.com\/fi\/wp-json\/wp\/v2\/types\/product"}],"replies":[{"embeddable":true,"href":"https:\/\/nordicmart.andreevmaster.com\/fi\/wp-json\/wp\/v2\/comments?post=34839"}],"wp:featuredmedia":[{"embeddable":true,"href":"https:\/\/nordicmart.andreevmaster.com\/fi\/wp-json\/wp\/v2\/media\/43464"}],"wp:attachment":[{"href":"https:\/\/nordicmart.andreevmaster.com\/fi\/wp-json\/wp\/v2\/media?parent=34839"}],"wp:term":[{"taxonomy":"product_brand","embeddable":true,"href":"https:\/\/nordicmart.andreevmaster.com\/fi\/wp-json\/wp\/v2\/product_brand?post=34839"},{"taxonomy":"product_cat","embeddable":true,"href":"https:\/\/nordicmart.andreevmaster.com\/fi\/wp-json\/wp\/v2\/product_cat?post=34839"},{"taxonomy":"product_tag","embeddable":true,"href":"https:\/\/nordicmart.andreevmaster.com\/fi\/wp-json\/wp\/v2\/product_tag?post=34839"}],"curies":[{"name":"wp","href":"https:\/\/api.w.org\/{rel}","templated":true}]}}