{"id":34838,"date":"2026-02-27T00:27:24","date_gmt":"2026-02-27T00:27:24","guid":{"rendered":"https:\/\/nordicmart.andreevmaster.com\/product\/vasagle-sahkoisesti-korkeussaadettava-tyopoyta\/"},"modified":"2026-02-27T09:46:32","modified_gmt":"2026-02-27T09:46:32","slug":"vasagle-sahkoisesti-korkeussaadettava-tyopoyta","status":"publish","type":"product","link":"https:\/\/nordicmart.andreevmaster.com\/fi\/tuote\/vasagle-sahkoisesti-korkeussaadettava-tyopoyta\/","title":{"rendered":"VASAGLE S\u00e4hk\u00f6isesti korkeuss\u00e4\u00e4dett\u00e4v\u00e4 ty\u00f6p\u00f6yt\u00e4"},"content":{"rendered":"<p>VASAGLE S\u00e4hk\u00f6isesti korkeuss\u00e4\u00e4dett\u00e4v\u00e4 ty\u00f6p\u00f6yt\u00e4, p\u00f6yt\u00e4jalusta, kaksoismoottori, 3-osaiset teleskooppijalat, muistitoiminto 4 korkeudella, valkoinen LSD020W01<br \/>\nV\u00e4ri: valkoinen<br \/>\nMateriaali: ter\u00e4s<br \/>\nKoko: 68 x (110\u2013180) x (60\u2013125) cm (S x L x K)<br \/>\nKorkeuden s\u00e4\u00e4t\u00f6 (ilman p\u00f6yt\u00e4levy\u00e4): 60\u2013125 cm<br \/>\n\u00c4\u00e4nenvoimakkuus: < 45 dB\nS\u00e4\u00e4t\u00f6nopeus: 35 mm\/s\nPaino: 28,3 kg\nMaks. staattinen kantavuus: 100 kg\n<\/p>\n","protected":false},"excerpt":{"rendered":"<p>VASAGLE S\u00e4hk\u00f6isesti korkeuss\u00e4\u00e4dett\u00e4v\u00e4 ty\u00f6p\u00f6yt\u00e4, p\u00f6yt\u00e4jalusta, kaksoismoottori, 3-osaiset teleskooppijalat, muistitoiminto 4 korkeudella, valkoinen LSD020W01<\/p>\n","protected":false},"featured_media":43463,"comment_status":"open","ping_status":"closed","template":"","meta":[],"product_brand":[],"product_cat":[32],"product_tag":[],"class_list":{"0":"post-34838","1":"product","2":"type-product","3":"status-publish","4":"has-post-thumbnail","6":"product_cat-uncategorized-fi","8":"first","9":"instock","10":"shipping-taxable","11":"purchasable","12":"product-type-simple"},"_links":{"self":[{"href":"https:\/\/nordicmart.andreevmaster.com\/fi\/wp-json\/wp\/v2\/product\/34838","targetHints":{"allow":["GET"]}}],"collection":[{"href":"https:\/\/nordicmart.andreevmaster.com\/fi\/wp-json\/wp\/v2\/product"}],"about":[{"href":"https:\/\/nordicmart.andreevmaster.com\/fi\/wp-json\/wp\/v2\/types\/product"}],"replies":[{"embeddable":true,"href":"https:\/\/nordicmart.andreevmaster.com\/fi\/wp-json\/wp\/v2\/comments?post=34838"}],"wp:featuredmedia":[{"embeddable":true,"href":"https:\/\/nordicmart.andreevmaster.com\/fi\/wp-json\/wp\/v2\/media\/43463"}],"wp:attachment":[{"href":"https:\/\/nordicmart.andreevmaster.com\/fi\/wp-json\/wp\/v2\/media?parent=34838"}],"wp:term":[{"taxonomy":"product_brand","embeddable":true,"href":"https:\/\/nordicmart.andreevmaster.com\/fi\/wp-json\/wp\/v2\/product_brand?post=34838"},{"taxonomy":"product_cat","embeddable":true,"href":"https:\/\/nordicmart.andreevmaster.com\/fi\/wp-json\/wp\/v2\/product_cat?post=34838"},{"taxonomy":"product_tag","embeddable":true,"href":"https:\/\/nordicmart.andreevmaster.com\/fi\/wp-json\/wp\/v2\/product_tag?post=34838"}],"curies":[{"name":"wp","href":"https:\/\/api.w.org\/{rel}","templated":true}]}}