{"id":34835,"date":"2026-02-27T00:27:23","date_gmt":"2026-02-27T00:27:23","guid":{"rendered":"https:\/\/nordicmart.andreevmaster.com\/product\/songmics-sahkoisesti-korkeussaadettava-tyopoyta-musta\/"},"modified":"2026-02-27T09:46:31","modified_gmt":"2026-02-27T09:46:31","slug":"songmics-sahkoisesti-korkeussaadettava-tyopoyta-musta","status":"publish","type":"product","link":"https:\/\/nordicmart.andreevmaster.com\/fi\/tuote\/songmics-sahkoisesti-korkeussaadettava-tyopoyta-musta\/","title":{"rendered":"SONGMICS S\u00e4hk\u00f6isesti korkeuss\u00e4\u00e4dett\u00e4v\u00e4 ty\u00f6p\u00f6yt\u00e4, musta"},"content":{"rendered":"<p>T\u00e4m\u00e4 s\u00e4hk\u00f6inen p\u00f6yt\u00e4 on korkeuss\u00e4\u00e4dett\u00e4v\u00e4, joten se sopii kaikille perheenj\u00e4senille ja sit\u00e4 voivat k\u00e4ytt\u00e4\u00e4 sek\u00e4 lapset ett\u00e4 aikuiset. Jos et halua istua koko ajan, t\u00e4m\u00e4n p\u00f6yd\u00e4n avulla voit jopa ty\u00f6skennell\u00e4 seisten, mik\u00e4 v\u00e4hent\u00e4\u00e4 selk\u00e4rangan kuormitusta ja polttaa enemm\u00e4n kaloreita. Ihanteellinen kaikille, jotka joutuvat istumaan pitk\u00e4\u00e4n ty\u00f6p\u00f6yd\u00e4n \u00e4\u00e4ress\u00e4 toimistossa tai ty\u00f6huoneessa. Muita t\u00e4m\u00e4n s\u00e4hk\u00f6isen p\u00f6yd\u00e4n etuja: Korkeuss\u00e4\u00e4dett\u00e4v\u00e4 69\u2013115 cm vaihtelevia asentoja varten Nopea s\u00e4\u00e4t\u00f6nopeus 25 mm\/s ja alhainen melutaso < 50 dB Laadukas moottori tasaiselle s\u00e4\u00e4d\u00f6lle Tuotetiedot:V\u00e4ri: musta Materiaali: ter\u00e4s Koko: 60 x (107,5\u2013175) x (69\u2013115) cm (S x L x K) Korkeuss\u00e4\u00e4t\u00f6: 69\u2013115 cm \u00c4\u00e4nenvoimakkuus: < 50 dB S\u00e4\u00e4t\u00f6nopeus: 25 mm\/s Maks. staattinen kantavuus: 120 kg Paino: 25,7 kg Toimitus sis\u00e4lt\u00e4\u00e4: 1 x s\u00e4hk\u00f6inen p\u00f6yt\u00e4teline 1 x sovitin 1 x ohjain 2 x koukku 4 x rulla 1 x lis\u00e4varustepaketti 1 x ohjeet SONGMICS Huomautukset: Varmista, ett\u00e4 p\u00f6yd\u00e4n runko ei ole esteen\u00e4 nostamisen ja laskemisen aikana. \u00c4l\u00e4 sijoita p\u00f6yt\u00e4\u00e4 suoraan sein\u00e4n viereen.T\u00e4m\u00e4 tuote on tarkoitettu k\u00e4ytett\u00e4v\u00e4ksi vain sis\u00e4tiloissa. Pid\u00e4 kaikki s\u00e4hk\u00f6komponentit poissa nesteiden l\u00e4heisyydest\u00e4. K\u00e4yt\u00e4 tuotetta enint\u00e4\u00e4n 2 minuuttia kerrallaan. T\u00e4m\u00e4n ajan j\u00e4lkeen p\u00f6yd\u00e4n runkoa ei saa liikuttaa 18 minuuttiin, jotta moottori ei vaurioidu. \u00c4l\u00e4 aseta p\u00f6yd\u00e4n alle yli 50 cm korkeita esineit\u00e4, jotta ne eiv\u00e4t vaurioidu laskun aikana.\n<\/p>\n","protected":false},"excerpt":{"rendered":"<p>SONGMICS S\u00e4hk\u00f6isesti korkeuss\u00e4\u00e4dett\u00e4v\u00e4 ty\u00f6p\u00f6yt\u00e4, ty\u00f6p\u00f6yd\u00e4n jalusta, kaksoismoottori, koukkuilla, portaattomasti s\u00e4\u00e4dett\u00e4v\u00e4, muistitoiminto, ter\u00e4s, musta LSD019B01<\/p>\n","protected":false},"featured_media":46656,"comment_status":"open","ping_status":"closed","template":"","meta":[],"product_brand":[],"product_cat":[32],"product_tag":[],"class_list":{"0":"post-34835","1":"product","2":"type-product","3":"status-publish","4":"has-post-thumbnail","6":"product_cat-uncategorized-fi","8":"first","9":"instock","10":"shipping-taxable","11":"purchasable","12":"product-type-simple"},"_links":{"self":[{"href":"https:\/\/nordicmart.andreevmaster.com\/fi\/wp-json\/wp\/v2\/product\/34835","targetHints":{"allow":["GET"]}}],"collection":[{"href":"https:\/\/nordicmart.andreevmaster.com\/fi\/wp-json\/wp\/v2\/product"}],"about":[{"href":"https:\/\/nordicmart.andreevmaster.com\/fi\/wp-json\/wp\/v2\/types\/product"}],"replies":[{"embeddable":true,"href":"https:\/\/nordicmart.andreevmaster.com\/fi\/wp-json\/wp\/v2\/comments?post=34835"}],"wp:featuredmedia":[{"embeddable":true,"href":"https:\/\/nordicmart.andreevmaster.com\/fi\/wp-json\/wp\/v2\/media\/46656"}],"wp:attachment":[{"href":"https:\/\/nordicmart.andreevmaster.com\/fi\/wp-json\/wp\/v2\/media?parent=34835"}],"wp:term":[{"taxonomy":"product_brand","embeddable":true,"href":"https:\/\/nordicmart.andreevmaster.com\/fi\/wp-json\/wp\/v2\/product_brand?post=34835"},{"taxonomy":"product_cat","embeddable":true,"href":"https:\/\/nordicmart.andreevmaster.com\/fi\/wp-json\/wp\/v2\/product_cat?post=34835"},{"taxonomy":"product_tag","embeddable":true,"href":"https:\/\/nordicmart.andreevmaster.com\/fi\/wp-json\/wp\/v2\/product_tag?post=34835"}],"curies":[{"name":"wp","href":"https:\/\/api.w.org\/{rel}","templated":true}]}}