{"id":34826,"date":"2026-02-27T00:27:21","date_gmt":"2026-02-27T00:27:21","guid":{"rendered":"https:\/\/nordicmart.andreevmaster.com\/product\/songmics-korkeussaadettava-tyopoyta-vintage-ruskea-musta\/"},"modified":"2026-02-27T09:46:30","modified_gmt":"2026-02-27T09:46:30","slug":"songmics-korkeussaadettava-tyopoyta-vintage-ruskea-musta","status":"publish","type":"product","link":"https:\/\/nordicmart.andreevmaster.com\/fi\/tuote\/songmics-korkeussaadettava-tyopoyta-vintage-ruskea-musta\/","title":{"rendered":"SONGMICS Korkeuss\u00e4\u00e4dett\u00e4v\u00e4 ty\u00f6p\u00f6yt\u00e4, vintage-ruskea-musta"},"content":{"rendered":"<p>S\u00e4hk\u00f6isen ty\u00f6p\u00f6yd\u00e4n edut: Korkeuss\u00e4\u00e4dett\u00e4v\u00e4 vaihtelevia asentoja varten 4 eri korkeuden tallennus nopeaa s\u00e4\u00e4t\u00e4mist\u00e4 varten Pehme\u00e4, hiljainen korkeuden s\u00e4\u00e4t\u00f6 Sivussa s\u00e4ilytystasku j\u00e4rjestyksen parantamiseksi Tuotetiedot:V\u00e4ri: Vintage-ruskea-musta Materiaali: Lastulevy, ter\u00e4s, kuitukangas Koko: 120 x 60 x (72-120) cm P\u00f6yt\u00e4levyn paksuus: 1,5 cm Paino: 25,5 kg Maks. kantavuus: 70 kgToimitus sis\u00e4lt\u00e4\u00e4:1 x s\u00e4hk\u00f6inen p\u00f6yt\u00e4teline1 x s\u00e4ilytyslaukku2 x koukku1 x lis\u00e4varustepaketti1 x ohjeSONGMICS Huomautukset:Varmista, ett\u00e4 p\u00f6yd\u00e4n runko ei ole esteen\u00e4 nostamisen ja laskemisen aikana. \u00c4l\u00e4 sijoita p\u00f6yt\u00e4\u00e4 suoraan sein\u00e4n viereen.T\u00e4m\u00e4 tuote on tarkoitettu vain sis\u00e4k\u00e4ytt\u00f6\u00f6n. Pid\u00e4 kaikki s\u00e4hk\u00f6komponentit poissa nesteist\u00e4. K\u00e4yt\u00e4 tuotetta enint\u00e4\u00e4n 2 minuuttia kerrallaan. T\u00e4m\u00e4n ajan j\u00e4lkeen p\u00f6yd\u00e4n runkoa ei saa liikuttaa 18 minuuttiin, jotta moottori ei vaurioidu. \u00c4l\u00e4 pura t\u00e4m\u00e4n tuotteen osia ilman ammattilaisen neuvoja. \u00c4l\u00e4 aseta tuotteen p\u00e4\u00e4lle raskaita esineit\u00e4, jotka ylitt\u00e4v\u00e4t 80 kg:n enimm\u00e4iskuormituksen. \u00c4l\u00e4 k\u00e4yt\u00e4 liian korkean j\u00e4nnitteen pistorasioita tai sovittimia.<\/p>\n","protected":false},"excerpt":{"rendered":"<p>SONGMICS korkeuss\u00e4\u00e4dett\u00e4v\u00e4 ty\u00f6p\u00f6yt\u00e4, s\u00e4hk\u00f6inen, portaattomasti s\u00e4\u00e4dett\u00e4v\u00e4, liitoslevy, 4 tallennettua korkeutta, kangaskassi, 120 x 60 x (72\u2013120) cm, ter\u00e4st\u00e4, vintage-ruskea-musta LSD015X01<\/p>\n","protected":false},"featured_media":0,"comment_status":"open","ping_status":"closed","template":"","meta":[],"product_brand":[],"product_cat":[32],"product_tag":[],"class_list":{"0":"post-34826","1":"product","2":"type-product","3":"status-publish","5":"product_cat-uncategorized-fi","7":"first","8":"instock","9":"shipping-taxable","10":"purchasable","11":"product-type-simple"},"_links":{"self":[{"href":"https:\/\/nordicmart.andreevmaster.com\/fi\/wp-json\/wp\/v2\/product\/34826","targetHints":{"allow":["GET"]}}],"collection":[{"href":"https:\/\/nordicmart.andreevmaster.com\/fi\/wp-json\/wp\/v2\/product"}],"about":[{"href":"https:\/\/nordicmart.andreevmaster.com\/fi\/wp-json\/wp\/v2\/types\/product"}],"replies":[{"embeddable":true,"href":"https:\/\/nordicmart.andreevmaster.com\/fi\/wp-json\/wp\/v2\/comments?post=34826"}],"wp:attachment":[{"href":"https:\/\/nordicmart.andreevmaster.com\/fi\/wp-json\/wp\/v2\/media?parent=34826"}],"wp:term":[{"taxonomy":"product_brand","embeddable":true,"href":"https:\/\/nordicmart.andreevmaster.com\/fi\/wp-json\/wp\/v2\/product_brand?post=34826"},{"taxonomy":"product_cat","embeddable":true,"href":"https:\/\/nordicmart.andreevmaster.com\/fi\/wp-json\/wp\/v2\/product_cat?post=34826"},{"taxonomy":"product_tag","embeddable":true,"href":"https:\/\/nordicmart.andreevmaster.com\/fi\/wp-json\/wp\/v2\/product_tag?post=34826"}],"curies":[{"name":"wp","href":"https:\/\/api.w.org\/{rel}","templated":true}]}}