{"id":34825,"date":"2026-02-27T00:27:21","date_gmt":"2026-02-27T00:27:21","guid":{"rendered":"https:\/\/nordicmart.andreevmaster.com\/product\/songmics-sahkoisesti-korkeussaadettava-tyopoyta-perusvalkoinen-kyyhkynharmaa\/"},"modified":"2026-02-27T09:46:30","modified_gmt":"2026-02-27T09:46:30","slug":"songmics-sahkoisesti-korkeussaadettava-tyopoyta-perusvalkoinen-kyyhkynharmaa","status":"publish","type":"product","link":"https:\/\/nordicmart.andreevmaster.com\/fi\/tuote\/songmics-sahkoisesti-korkeussaadettava-tyopoyta-perusvalkoinen-kyyhkynharmaa\/","title":{"rendered":"SONGMICS S\u00e4hk\u00f6isesti korkeuss\u00e4\u00e4dett\u00e4v\u00e4 ty\u00f6p\u00f6yt\u00e4, perusvalkoinen-kyyhkynharmaa"},"content":{"rendered":"<p>SONGMICS korkeuss\u00e4\u00e4dett\u00e4v\u00e4 ty\u00f6p\u00f6yt\u00e4, s\u00e4hk\u00f6inen, portaattomasti s\u00e4\u00e4dett\u00e4v\u00e4, liitoslevy, 4 tallennettua korkeutta, kangaskassi, 120 x 60 x (72\u2013120) cm, ter\u00e4st\u00e4, vintage-ruskea-musta LSD015X01<br \/>\nV\u00e4ri: perusvalkoinen-kyyhkynharmaa<br \/>\nMateriaali: lastulevy, ter\u00e4s, kuitukangas<br \/>\nKoko: 60 x 120 x (72-120) cm (S x L x K)<br \/>\nP\u00f6yt\u00e4levyn paksuus: 1,5 cm<br \/>\nPaino: 25,5 kg<br \/>\nMaks. staattinen kantavuus: 70 kg<\/p>\n","protected":false},"excerpt":{"rendered":"<p>SONGMICS korkeuss\u00e4\u00e4dett\u00e4v\u00e4 ty\u00f6p\u00f6yt\u00e4, s\u00e4hk\u00f6inen, portaattomasti s\u00e4\u00e4dett\u00e4v\u00e4, liitoslevy, 4 tallennettua korkeutta, kangaskassi, 120 x 60 x (72\u2013120) cm, ter\u00e4st\u00e4, vintage-ruskea-musta LSD015X01<\/p>\n","protected":false},"featured_media":0,"comment_status":"open","ping_status":"closed","template":"","meta":[],"product_brand":[],"product_cat":[32],"product_tag":[],"class_list":{"0":"post-34825","1":"product","2":"type-product","3":"status-publish","5":"product_cat-uncategorized-fi","7":"first","8":"instock","9":"shipping-taxable","10":"purchasable","11":"product-type-simple"},"_links":{"self":[{"href":"https:\/\/nordicmart.andreevmaster.com\/fi\/wp-json\/wp\/v2\/product\/34825","targetHints":{"allow":["GET"]}}],"collection":[{"href":"https:\/\/nordicmart.andreevmaster.com\/fi\/wp-json\/wp\/v2\/product"}],"about":[{"href":"https:\/\/nordicmart.andreevmaster.com\/fi\/wp-json\/wp\/v2\/types\/product"}],"replies":[{"embeddable":true,"href":"https:\/\/nordicmart.andreevmaster.com\/fi\/wp-json\/wp\/v2\/comments?post=34825"}],"wp:attachment":[{"href":"https:\/\/nordicmart.andreevmaster.com\/fi\/wp-json\/wp\/v2\/media?parent=34825"}],"wp:term":[{"taxonomy":"product_brand","embeddable":true,"href":"https:\/\/nordicmart.andreevmaster.com\/fi\/wp-json\/wp\/v2\/product_brand?post=34825"},{"taxonomy":"product_cat","embeddable":true,"href":"https:\/\/nordicmart.andreevmaster.com\/fi\/wp-json\/wp\/v2\/product_cat?post=34825"},{"taxonomy":"product_tag","embeddable":true,"href":"https:\/\/nordicmart.andreevmaster.com\/fi\/wp-json\/wp\/v2\/product_tag?post=34825"}],"curies":[{"name":"wp","href":"https:\/\/api.w.org\/{rel}","templated":true}]}}