{"id":34824,"date":"2026-02-27T00:27:21","date_gmt":"2026-02-27T00:27:21","guid":{"rendered":"https:\/\/nordicmart.andreevmaster.com\/product\/songmics-korkeussaadettava-tyopoyta-poytalevy-60-x-120-cm\/"},"modified":"2026-02-27T09:46:29","modified_gmt":"2026-02-27T09:46:29","slug":"songmics-korkeussaadettava-tyopoyta-poytalevy-60-x-120-cm","status":"publish","type":"product","link":"https:\/\/nordicmart.andreevmaster.com\/fi\/tuote\/songmics-korkeussaadettava-tyopoyta-poytalevy-60-x-120-cm\/","title":{"rendered":"SONGMICS korkeuss\u00e4\u00e4dett\u00e4v\u00e4 ty\u00f6p\u00f6yt\u00e4, p\u00f6yt\u00e4levy 60 x 120 cm"},"content":{"rendered":"<p>Tuotetiedot: V\u00e4ri: valkoinen Materiaali: lastulevy, ter\u00e4s, kuitukangas Koko: 60 x 120 x (72-120) cm (S x L x K) P\u00f6yt\u00e4levyn paksuus: 1,5 cm Paino: 25,5 kg Maks. staattinen kantavuus: 70 kgToimitus sis\u00e4lt\u00e4\u00e4:1 x s\u00e4hk\u00f6inen ty\u00f6p\u00f6yt\u00e41 x adapteri1 x ohjain1 x s\u00e4ilytyslaukku2 x koukku1 x lis\u00e4varustepaketti1 x ohjeetSONGMICS Huomautukset:\u00c4l\u00e4 aseta p\u00f6yt\u00e4\u00e4 suoraan sein\u00e4\u00e4 vasten nostamisen ja laskemisen aikana, jotta v\u00e4lt\u00e4t naarmuuntumisen.Tuote on tarkoitettu k\u00e4ytett\u00e4v\u00e4ksi vain sis\u00e4tiloissa. Pid\u00e4 kaikki s\u00e4hk\u00f6komponentit poissa nesteiden l\u00e4heisyydest\u00e4. Jos p\u00f6yt\u00e4\u00e4 nostetaan tai lasketaan 2 minuutin ajan, ylikuumenemissuoja aktivoituu automaattisesti ja sinun on odotettava 18 minuuttia, ennen kuin voit k\u00e4ytt\u00e4\u00e4 korkeuss\u00e4\u00e4t\u00f6\u00e4 uudelleen.Suojaa ty\u00f6taso iskuilta ja naarmuilta asettamalla sis\u00e4\u00e4nrakennettu anturi korkeammalle tasolle, jotta se tunnistaa kiinte\u00e4t esineet korkeuden s\u00e4\u00e4t\u00e4misen aikana. \u00c4l\u00e4 pura t\u00e4m\u00e4n tuotteen osia ilman ammattilaisen neuvoja. \u00c4l\u00e4 aseta tuotteen p\u00e4\u00e4lle raskaita esineit\u00e4, jotka ylitt\u00e4v\u00e4t 80 kg:n enimm\u00e4iskuormituksen. \u00c4l\u00e4 k\u00e4yt\u00e4 liian korkean j\u00e4nnitteen pistorasioita tai sovittimia.<\/p>\n","protected":false},"excerpt":{"rendered":"<p>SONGMICS korkeuss\u00e4\u00e4dett\u00e4v\u00e4 ty\u00f6p\u00f6yt\u00e4, s\u00e4hk\u00f6inen, portaattomasti s\u00e4\u00e4dett\u00e4v\u00e4, liitoslevy, 4 tallennettua korkeutta, kangaskassi, 120 x 60 x (72\u2013120) cm, ter\u00e4st\u00e4, vintage-ruskea-musta LSD015X01<\/p>\n","protected":false},"featured_media":0,"comment_status":"open","ping_status":"closed","template":"","meta":[],"product_brand":[],"product_cat":[32],"product_tag":[],"class_list":{"0":"post-34824","1":"product","2":"type-product","3":"status-publish","5":"product_cat-uncategorized-fi","7":"first","8":"instock","9":"shipping-taxable","10":"purchasable","11":"product-type-simple"},"_links":{"self":[{"href":"https:\/\/nordicmart.andreevmaster.com\/fi\/wp-json\/wp\/v2\/product\/34824","targetHints":{"allow":["GET"]}}],"collection":[{"href":"https:\/\/nordicmart.andreevmaster.com\/fi\/wp-json\/wp\/v2\/product"}],"about":[{"href":"https:\/\/nordicmart.andreevmaster.com\/fi\/wp-json\/wp\/v2\/types\/product"}],"replies":[{"embeddable":true,"href":"https:\/\/nordicmart.andreevmaster.com\/fi\/wp-json\/wp\/v2\/comments?post=34824"}],"wp:attachment":[{"href":"https:\/\/nordicmart.andreevmaster.com\/fi\/wp-json\/wp\/v2\/media?parent=34824"}],"wp:term":[{"taxonomy":"product_brand","embeddable":true,"href":"https:\/\/nordicmart.andreevmaster.com\/fi\/wp-json\/wp\/v2\/product_brand?post=34824"},{"taxonomy":"product_cat","embeddable":true,"href":"https:\/\/nordicmart.andreevmaster.com\/fi\/wp-json\/wp\/v2\/product_cat?post=34824"},{"taxonomy":"product_tag","embeddable":true,"href":"https:\/\/nordicmart.andreevmaster.com\/fi\/wp-json\/wp\/v2\/product_tag?post=34824"}],"curies":[{"name":"wp","href":"https:\/\/api.w.org\/{rel}","templated":true}]}}