{"id":34820,"date":"2026-02-27T00:27:19","date_gmt":"2026-02-27T00:27:19","guid":{"rendered":"https:\/\/nordicmart.andreevmaster.com\/product\/songmics-korkeussaadettava-sahkoinen-tyopoyta\/"},"modified":"2026-02-27T09:46:29","modified_gmt":"2026-02-27T09:46:29","slug":"songmics-korkeussaadettava-sahkoinen-tyopoyta","status":"publish","type":"product","link":"https:\/\/nordicmart.andreevmaster.com\/fi\/tuote\/songmics-korkeussaadettava-sahkoinen-tyopoyta\/","title":{"rendered":"SONGMICS Korkeuss\u00e4\u00e4dett\u00e4v\u00e4 s\u00e4hk\u00f6inen ty\u00f6p\u00f6yt\u00e4"},"content":{"rendered":"<p>Tuotetiedot: V\u00e4ri: Vintage-ruskea-musta Materiaali: MDF (keskitihe\u00e4 kuitulevy), ter\u00e4s Koko: 140 x 70 x 73-114 cm (P x L x K) Korkeuss\u00e4\u00e4t\u00f6: 73-114 cm \u00c4\u00e4nenvoimakkuus: <\/p>\n","protected":false},"excerpt":{"rendered":"<p>SONGMICS S\u00e4hk\u00f6inen ty\u00f6p\u00f6yt\u00e4, ty\u00f6p\u00f6yd\u00e4n jalusta, p\u00f6yd\u00e4n runko moottorilla, portaattomasti s\u00e4\u00e4dett\u00e4v\u00e4 korkeus, 140 x 70 x (73-114) cm, ter\u00e4s, vintage-ruskea-musta LSD012B01<\/p>\n","protected":false},"featured_media":43453,"comment_status":"open","ping_status":"closed","template":"","meta":[],"product_brand":[],"product_cat":[32],"product_tag":[],"class_list":{"0":"post-34820","1":"product","2":"type-product","3":"status-publish","4":"has-post-thumbnail","6":"product_cat-uncategorized-fi","8":"first","9":"instock","10":"shipping-taxable","11":"purchasable","12":"product-type-simple"},"_links":{"self":[{"href":"https:\/\/nordicmart.andreevmaster.com\/fi\/wp-json\/wp\/v2\/product\/34820","targetHints":{"allow":["GET"]}}],"collection":[{"href":"https:\/\/nordicmart.andreevmaster.com\/fi\/wp-json\/wp\/v2\/product"}],"about":[{"href":"https:\/\/nordicmart.andreevmaster.com\/fi\/wp-json\/wp\/v2\/types\/product"}],"replies":[{"embeddable":true,"href":"https:\/\/nordicmart.andreevmaster.com\/fi\/wp-json\/wp\/v2\/comments?post=34820"}],"wp:featuredmedia":[{"embeddable":true,"href":"https:\/\/nordicmart.andreevmaster.com\/fi\/wp-json\/wp\/v2\/media\/43453"}],"wp:attachment":[{"href":"https:\/\/nordicmart.andreevmaster.com\/fi\/wp-json\/wp\/v2\/media?parent=34820"}],"wp:term":[{"taxonomy":"product_brand","embeddable":true,"href":"https:\/\/nordicmart.andreevmaster.com\/fi\/wp-json\/wp\/v2\/product_brand?post=34820"},{"taxonomy":"product_cat","embeddable":true,"href":"https:\/\/nordicmart.andreevmaster.com\/fi\/wp-json\/wp\/v2\/product_cat?post=34820"},{"taxonomy":"product_tag","embeddable":true,"href":"https:\/\/nordicmart.andreevmaster.com\/fi\/wp-json\/wp\/v2\/product_tag?post=34820"}],"curies":[{"name":"wp","href":"https:\/\/api.w.org\/{rel}","templated":true}]}}