{"id":34815,"date":"2026-02-27T00:27:18","date_gmt":"2026-02-27T00:27:18","guid":{"rendered":"https:\/\/nordicmart.andreevmaster.com\/product\/songmics-sahkoisesti-korkeussaadettava-poytajalusta\/"},"modified":"2026-02-27T09:46:28","modified_gmt":"2026-02-27T09:46:28","slug":"songmics-sahkoisesti-korkeussaadettava-poytajalusta","status":"publish","type":"product","link":"https:\/\/nordicmart.andreevmaster.com\/fi\/tuote\/songmics-sahkoisesti-korkeussaadettava-poytajalusta\/","title":{"rendered":"SONGMICS S\u00e4hk\u00f6isesti korkeuss\u00e4\u00e4dett\u00e4v\u00e4 p\u00f6yt\u00e4jalusta"},"content":{"rendered":"<p>Jos rakastat toimistoty\u00f6t\u00e4si, mutta kehosi k\u00e4rsii, miksi et kokeilisi korkeuss\u00e4\u00e4dett\u00e4v\u00e4\u00e4 s\u00e4hk\u00f6ist\u00e4 p\u00f6yd\u00e4njalustaa? Silloin et vain aloita ty\u00f6p\u00e4iv\u00e4\u00e4si iloisena, vaan p\u00e4\u00e4dyt my\u00f6s iloisena, tyytyv\u00e4isen\u00e4 ja kivuttomana ty\u00f6p\u00e4iv\u00e4n p\u00e4\u00e4ttyess\u00e4. Muita t\u00e4m\u00e4n s\u00e4hk\u00f6isen p\u00f6yd\u00e4njalustan etuja: S\u00e4\u00e4d\u00e4 t\u00e4m\u00e4n p\u00f6yd\u00e4n korkeutta kaukos\u00e4\u00e4timell\u00e4; Merkkimoottori; portaattomasti s\u00e4\u00e4dett\u00e4v\u00e4 korkeus ja hiljainen; S\u00e4\u00e4dett\u00e4v\u00e4 pituus; sopii eri kokoisille p\u00f6yt\u00e4levyille.Tuotetiedot: V\u00e4ri: musta Materiaali: ter\u00e4s Koko: (115-147) x 60 x (71-112) cm (P x L x K) \u00c4\u00e4nenvoimakkuus: &lt;50db S\u00e4\u00e4t\u00f6 nopeus: 25 mm\/s Maks. staattinen kantavuus: 100 kg Korkeuden s\u00e4\u00e4t\u00f6: 71\u2013112 cm Sopii p\u00f6yt\u00e4levyille: pituus 120\u2013180 cm, leveys 60\u201380 cm Paino: 22 kg Toimitus sis\u00e4lt\u00e4\u00e4: 1 x s\u00e4hk\u00f6inen p\u00f6yt\u00e4teline 1 x sovitin 1 x kaukos\u00e4\u00e4din 1 x lis\u00e4varustepaketti 1 x k\u00e4ytt\u00f6ohje (DE, EN, IT, ES, FR) SONGMICS-huomautukset:Nollaa j\u00e4rjestelm\u00e4 ohjeiden mukaisesti ensimm\u00e4isell\u00e4 k\u00e4ytt\u00f6kerralla tai s\u00e4hk\u00f6katkon j\u00e4lkeen korkeuden s\u00e4\u00e4t\u00e4misen aikana. Varmista, ett\u00e4 p\u00f6yd\u00e4n runko ei ole esteen\u00e4 nostamisen ja laskemisen aikana. \u00c4l\u00e4 sijoita p\u00f6yt\u00e4\u00e4 suoraan sein\u00e4n viereen. T\u00e4m\u00e4 tuote on tarkoitettu k\u00e4ytett\u00e4v\u00e4ksi vain sis\u00e4tiloissa. Pid\u00e4 kaikki s\u00e4hk\u00f6komponentit poissa nesteist\u00e4. K\u00e4yt\u00e4 tuotetta enint\u00e4\u00e4n 2 minuuttia kerrallaan. T\u00e4m\u00e4n ajan j\u00e4lkeen p\u00f6yd\u00e4n runkoa ei saa liikuttaa 18 minuuttiin, jotta moottori ei vaurioidu.<\/p>\n","protected":false},"excerpt":{"rendered":"<p>SONGMICS p\u00f6yt\u00e4jalusta, kirjoitusp\u00f6yt\u00e4jalusta, s\u00e4hk\u00f6inen kirjoitusp\u00f6yt\u00e4, moottoroitu p\u00f6yt\u00e4teline, portaattomasti s\u00e4\u00e4dett\u00e4v\u00e4 korkeus, s\u00e4\u00e4dett\u00e4v\u00e4 pituus, ter\u00e4s, musta LSD010B01<\/p>\n","protected":false},"featured_media":43448,"comment_status":"open","ping_status":"closed","template":"","meta":[],"product_brand":[],"product_cat":[32],"product_tag":[],"class_list":{"0":"post-34815","1":"product","2":"type-product","3":"status-publish","4":"has-post-thumbnail","6":"product_cat-uncategorized-fi","8":"first","9":"instock","10":"shipping-taxable","11":"purchasable","12":"product-type-simple"},"_links":{"self":[{"href":"https:\/\/nordicmart.andreevmaster.com\/fi\/wp-json\/wp\/v2\/product\/34815","targetHints":{"allow":["GET"]}}],"collection":[{"href":"https:\/\/nordicmart.andreevmaster.com\/fi\/wp-json\/wp\/v2\/product"}],"about":[{"href":"https:\/\/nordicmart.andreevmaster.com\/fi\/wp-json\/wp\/v2\/types\/product"}],"replies":[{"embeddable":true,"href":"https:\/\/nordicmart.andreevmaster.com\/fi\/wp-json\/wp\/v2\/comments?post=34815"}],"wp:featuredmedia":[{"embeddable":true,"href":"https:\/\/nordicmart.andreevmaster.com\/fi\/wp-json\/wp\/v2\/media\/43448"}],"wp:attachment":[{"href":"https:\/\/nordicmart.andreevmaster.com\/fi\/wp-json\/wp\/v2\/media?parent=34815"}],"wp:term":[{"taxonomy":"product_brand","embeddable":true,"href":"https:\/\/nordicmart.andreevmaster.com\/fi\/wp-json\/wp\/v2\/product_brand?post=34815"},{"taxonomy":"product_cat","embeddable":true,"href":"https:\/\/nordicmart.andreevmaster.com\/fi\/wp-json\/wp\/v2\/product_cat?post=34815"},{"taxonomy":"product_tag","embeddable":true,"href":"https:\/\/nordicmart.andreevmaster.com\/fi\/wp-json\/wp\/v2\/product_tag?post=34815"}],"curies":[{"name":"wp","href":"https:\/\/api.w.org\/{rel}","templated":true}]}}