{"id":34814,"date":"2026-02-27T00:27:18","date_gmt":"2026-02-27T00:27:18","guid":{"rendered":"https:\/\/nordicmart.andreevmaster.com\/product\/sahkoinen-poytateline-moottoroidulla-korkeussaadolla-saadettava-pituus-teras-musta-lsd010b01v1\/"},"modified":"2026-02-27T09:46:28","modified_gmt":"2026-02-27T09:46:28","slug":"sahkoinen-poytateline-moottoroidulla-korkeussaadolla-saadettava-pituus-teras-musta-lsd010b01v1","status":"publish","type":"product","link":"https:\/\/nordicmart.andreevmaster.com\/fi\/tuote\/sahkoinen-poytateline-moottoroidulla-korkeussaadolla-saadettava-pituus-teras-musta-lsd010b01v1\/","title":{"rendered":"S\u00e4hk\u00f6inen p\u00f6yt\u00e4teline moottoroidulla korkeuss\u00e4\u00e4d\u00f6ll\u00e4, s\u00e4\u00e4dett\u00e4v\u00e4 pituus, ter\u00e4s, musta LSD010B01V1"},"content":{"rendered":"<p>Pysy tuotteliaana: Istua tuolilla vai seist\u00e4 ja venytt\u00e4\u00e4 jalkoja? Moottorin ansiosta t\u00e4m\u00e4 p\u00f6yt\u00e4teline antaa sinun ty\u00f6skennell\u00e4 dynaamisesti, mik\u00e4 v\u00e4hent\u00e4\u00e4 lihasj\u00e4nnityst\u00e4 ja parantaa keskittymiskyky\u00e4.S\u00e4\u00e4d\u00e4 tarpeen mukaan: K\u00e4yt\u00e4 kaukos\u00e4\u00e4dint\u00e4 s\u00e4\u00e4t\u00e4\u00e4ksesi korkeutta portaattomasti v\u00e4lill\u00e4 71\u2013112 cm! Muuta asentoasi, jotta tunnet olosi mukavaksi ja pysyt energisen\u00e4. <\/p>\n<p>T\u00e4ydellinen pari: Ter\u00e4srungon pituutta voidaan s\u00e4\u00e4t\u00e4\u00e4 v\u00e4lill\u00e4 115\u2013147 cm, ja se kest\u00e4\u00e4 jopa 100 kg:n painon. Se on ihanteellinen pari SONGMICS-p\u00f6yt\u00e4levyille, joiden koko on 120 x 60 cm tai 140 x 70 cm.Huomioitavaa: Laadukas moottori takaa tasaisen ja hiljaisen toiminnan, joten se ei nyki tai aiheuta vinkuva \u00e4\u00e4nt\u00e4 nostettaessa tai laskettaessa. Mukana toimitettavat j\u00e4rjestelij\u00e4t pit\u00e4v\u00e4t kaapelit j\u00e4rjestyksess\u00e4, joten v\u00e4ltyt sotkulta.<\/p>\n<p>Mit\u00e4 saat: S\u00e4hk\u00f6inen p\u00f6yt\u00e4teline, jonka korkeutta voi s\u00e4\u00e4t\u00e4\u00e4, sovitin, ohjain ja selke\u00e4t ohjeet, joiden avulla saat asennuksen nopeasti valmiiksi. <\/p>\n<p>Jos rakastat toimistoty\u00f6t\u00e4si, mutta kehosi k\u00e4rsii siit\u00e4, miksi et kokeilisi s\u00e4hk\u00f6ist\u00e4 p\u00f6yt\u00e4telinett\u00e4, jonka korkeutta voi s\u00e4\u00e4t\u00e4\u00e4? Paitsi ett\u00e4 alat ty\u00f6skennell\u00e4 iloisena, my\u00f6s lopetat p\u00e4iv\u00e4n iloisena, tyytyv\u00e4isen\u00e4 ja kivuttomana. Muita etuja t\u00e4ss\u00e4 s\u00e4hk\u00f6isess\u00e4 ty\u00f6p\u00f6yt\u00e4telineess\u00e4: S\u00e4\u00e4d\u00e4 t\u00e4m\u00e4n ty\u00f6p\u00f6yd\u00e4n korkeutta kaukos\u00e4\u00e4timell\u00e4; Merkkituotemotor; portaattomasti s\u00e4\u00e4dett\u00e4v\u00e4 korkeus ja \u00e4\u00e4net\u00f6n;S\u00e4\u00e4dett\u00e4v\u00e4 pituus; sopii eri kokoisille ty\u00f6p\u00f6ydille. Tuotetiedot: V\u00e4ri: Musta Materiaali: Ter\u00e4s Koko: (115-147) x 60 x (71-112) cm (P x L x K) \u00c4\u00e4nenvoimakkuus: &lt;50db S\u00e4\u00e4t\u00f6nopeus: 25 mm\/s Max. Staattinen kuormituskapasiteetti: 100 kg Korkeuss\u00e4\u00e4t\u00f6: 71\u2013112 cm Sopii seuraaville p\u00f6yt\u00e4levyille: 120\u2013180 cm pitk\u00e4, 60\u201380 cm leve\u00e4 Paino: 22 kg Toimitus sis\u00e4lt\u00e4\u00e4: 1 x s\u00e4hk\u00f6inen p\u00f6yt\u00e4teline 1 x sovitin 1 x kaukos\u00e4\u00e4din 1 x lis\u00e4varustepaketti 1 x k\u00e4ytt\u00f6ohje (DE, EN, IT, ES, FR)SONGMICS Huomautukset: Nollaa j\u00e4rjestelm\u00e4 ohjeiden mukaisesti, kun k\u00e4yt\u00e4t sit\u00e4 ensimm\u00e4ist\u00e4 kertaa tai jos virta katkeaa korkeuden s\u00e4\u00e4t\u00e4misen aikana. Varmista, ett\u00e4 p\u00f6yd\u00e4n runko ei ole tukossa nostamisen ja laskemisen aikana. \u00c4l\u00e4 sijoita p\u00f6yt\u00e4\u00e4 suoraan sein\u00e4\u00e4 vasten, ja t\u00e4m\u00e4 tuote on tarkoitettu vain sis\u00e4k\u00e4ytt\u00f6\u00f6n. Pid\u00e4 kaikki s\u00e4hk\u00f6komponentit poissa nesteist\u00e4 ja k\u00e4yt\u00e4 tuotetta enint\u00e4\u00e4n 2 minuuttia kerrallaan. T\u00e4m\u00e4n ajan j\u00e4lkeen p\u00f6yd\u00e4n runkoa ei saa siirt\u00e4\u00e4 18 minuuttiin, jotta moottori ei vahingoitu.<\/p>\n","protected":false},"excerpt":{"rendered":"<p>Pysy tuotteliaana: Istua tuolilla vai seist\u00e4 ja venytt\u00e4\u00e4 jalkoja? Moottorin ansiosta t\u00e4m\u00e4 p\u00f6yt\u00e4teline antaa sinun ty\u00f6skennell\u00e4 dynaamisesti, mik\u00e4 v\u00e4hent\u00e4\u00e4 lihasj\u00e4nnityst\u00e4 ja parantaa keskittymiskyky\u00e4.S\u00e4\u00e4d\u00e4 tarpeen mukaan: K\u00e4yt\u00e4 kaukos\u00e4\u00e4dint\u00e4 s\u00e4\u00e4t\u00e4\u00e4ksesi korkeutta portaattomasti v\u00e4lill\u00e4 71\u2013112 cm! Muuta asentoasi, jotta tunnet olosi mukavaksi ja pysyt energisen\u00e4. T\u00e4ydellinen pari: Ter\u00e4srungon pituutta voidaan s\u00e4\u00e4t\u00e4\u00e4 v\u00e4lill\u00e4 115\u2013147 cm, ja se kest\u00e4\u00e4 jopa [&hellip;]<\/p>\n","protected":false},"featured_media":0,"comment_status":"open","ping_status":"closed","template":"","meta":[],"product_brand":[],"product_cat":[32],"product_tag":[],"class_list":{"0":"post-34814","1":"product","2":"type-product","3":"status-publish","5":"product_cat-uncategorized-fi","7":"first","8":"instock","9":"shipping-taxable","10":"product-type-simple"},"_links":{"self":[{"href":"https:\/\/nordicmart.andreevmaster.com\/fi\/wp-json\/wp\/v2\/product\/34814","targetHints":{"allow":["GET"]}}],"collection":[{"href":"https:\/\/nordicmart.andreevmaster.com\/fi\/wp-json\/wp\/v2\/product"}],"about":[{"href":"https:\/\/nordicmart.andreevmaster.com\/fi\/wp-json\/wp\/v2\/types\/product"}],"replies":[{"embeddable":true,"href":"https:\/\/nordicmart.andreevmaster.com\/fi\/wp-json\/wp\/v2\/comments?post=34814"}],"wp:attachment":[{"href":"https:\/\/nordicmart.andreevmaster.com\/fi\/wp-json\/wp\/v2\/media?parent=34814"}],"wp:term":[{"taxonomy":"product_brand","embeddable":true,"href":"https:\/\/nordicmart.andreevmaster.com\/fi\/wp-json\/wp\/v2\/product_brand?post=34814"},{"taxonomy":"product_cat","embeddable":true,"href":"https:\/\/nordicmart.andreevmaster.com\/fi\/wp-json\/wp\/v2\/product_cat?post=34814"},{"taxonomy":"product_tag","embeddable":true,"href":"https:\/\/nordicmart.andreevmaster.com\/fi\/wp-json\/wp\/v2\/product_tag?post=34814"}],"curies":[{"name":"wp","href":"https:\/\/api.w.org\/{rel}","templated":true}]}}