{"id":34811,"date":"2026-02-27T00:27:17","date_gmt":"2026-02-27T00:27:17","guid":{"rendered":"https:\/\/nordicmart.andreevmaster.com\/product\/songmics-sailytyskaappi-metallikaappi-kaksoisovilla\/"},"modified":"2026-02-27T09:46:27","modified_gmt":"2026-02-27T09:46:27","slug":"songmics-sailytyskaappi-metallikaappi-kaksoisovilla","status":"publish","type":"product","link":"https:\/\/nordicmart.andreevmaster.com\/fi\/tuote\/songmics-sailytyskaappi-metallikaappi-kaksoisovilla\/","title":{"rendered":"SONGMICS s\u00e4ilytyskaappi, metallikaappi, kaksoisovilla"},"content":{"rendered":"<p>Tuotetiedot: V\u00e4ri: vintage-ruskea-musta Materiaali: ter\u00e4s, lastulevy Koko (jalat mukaan lukien): 80 x 40 x 76 cm (P x L x K) Paino: 19,1 kg Pinnan maks. staattinen kantavuus: 50 kg Toimitus sis\u00e4lt\u00e4\u00e4: 1 x s\u00e4ilytyskaappi 1 x lis\u00e4varustepaketti 1 x kaatumissuoja 1 x ohjeet (DE, EN, FR, ES, IT) SONGMICS-ohjeet: Turvallisuussyist\u00e4 lapset eiv\u00e4t saa kiivet\u00e4 tuotteen p\u00e4\u00e4lle tai leikki\u00e4 sill\u00e4.Kiinnit\u00e4 t\u00e4m\u00e4 tuote sein\u00e4\u00e4n mukana toimitetulla kaatumissuojalla turvallisen k\u00e4yt\u00f6n varmistamiseksi.<\/p>\n","protected":false},"excerpt":{"rendered":"<p>S\u00e4ilytyskaappi, metallikaappi, kaksoisovet, magneettikiinnitys, s\u00e4\u00e4dett\u00e4v\u00e4 hylly, 40 x 80 x 76 cm, vintage-ruskea-musta<\/p>\n","protected":false},"featured_media":43445,"comment_status":"open","ping_status":"closed","template":"","meta":[],"product_brand":[],"product_cat":[32],"product_tag":[],"class_list":{"0":"post-34811","1":"product","2":"type-product","3":"status-publish","4":"has-post-thumbnail","6":"product_cat-uncategorized-fi","8":"first","9":"instock","10":"shipping-taxable","11":"purchasable","12":"product-type-simple"},"_links":{"self":[{"href":"https:\/\/nordicmart.andreevmaster.com\/fi\/wp-json\/wp\/v2\/product\/34811","targetHints":{"allow":["GET"]}}],"collection":[{"href":"https:\/\/nordicmart.andreevmaster.com\/fi\/wp-json\/wp\/v2\/product"}],"about":[{"href":"https:\/\/nordicmart.andreevmaster.com\/fi\/wp-json\/wp\/v2\/types\/product"}],"replies":[{"embeddable":true,"href":"https:\/\/nordicmart.andreevmaster.com\/fi\/wp-json\/wp\/v2\/comments?post=34811"}],"wp:featuredmedia":[{"embeddable":true,"href":"https:\/\/nordicmart.andreevmaster.com\/fi\/wp-json\/wp\/v2\/media\/43445"}],"wp:attachment":[{"href":"https:\/\/nordicmart.andreevmaster.com\/fi\/wp-json\/wp\/v2\/media?parent=34811"}],"wp:term":[{"taxonomy":"product_brand","embeddable":true,"href":"https:\/\/nordicmart.andreevmaster.com\/fi\/wp-json\/wp\/v2\/product_brand?post=34811"},{"taxonomy":"product_cat","embeddable":true,"href":"https:\/\/nordicmart.andreevmaster.com\/fi\/wp-json\/wp\/v2\/product_cat?post=34811"},{"taxonomy":"product_tag","embeddable":true,"href":"https:\/\/nordicmart.andreevmaster.com\/fi\/wp-json\/wp\/v2\/product_tag?post=34811"}],"curies":[{"name":"wp","href":"https:\/\/api.w.org\/{rel}","templated":true}]}}